{"id":745434,"date":"2025-08-28T02:19:55","date_gmt":"2025-08-27T23:19:55","guid":{"rendered":"https:\/\/roveyayinevi.com.tr\/index.php\/urun\/dernekler-mevzuati-2022\/"},"modified":"2026-04-16T02:57:42","modified_gmt":"2026-04-15T23:57:42","slug":"dernekler-mevzuati-2022","status":"publish","type":"product","link":"https:\/\/roveyayinevi.com.tr\/index.php\/urun\/dernekler-mevzuati-2022\/","title":{"rendered":"Dernekler Mevzuat\u0131 2022"},"content":{"rendered":"<p>\u00dclkemizde sivil \u00f6rg\u00fctlenmenin ba\u015fl\u0131ca g\u00f6r\u00fcn\u00fcm bi\u00e7imi olan ve bug\u00fcn say\u0131lar\u0131y\u00fcz yirmi iki bine ula\u015fan dernek t\u00fczel ki\u015filiklerinin t\u00fcm i\u015f ve i\u015flemlerinin etkin,verimli ve uluslararas\u0131 standartlara uygun \u015fekilde y\u00fcr\u00fct\u00fclebilmesi ile sivil toplumalan\u0131nda faaliyet g\u00f6steren kurulu\u015flar\u0131n nicel ve nitel kapasitelerinin art\u0131r\u0131lmas\u0131maksad\u0131yla kamu-STK i\u015f birli\u011fi i\u00e7erisinde bir\u00e7ok \u00e7al\u0131\u015fma y\u00fcr\u00fct\u00fclmekte, ilgilimevzuat h\u00fck\u00fcmleri de bu do\u011frultuda g\u00fcncellenmektedir. Bu kapsamda sivil toplum alan\u0131nda faaliyet g\u00f6steren STK ve kamu kurumutemsilcilerinin i\u015flemlerini mevzuata uygun y\u00fcr\u00fctmelerini ve DerneklerMevzuat\u0131na pratik bir \u015fekilde ula\u015fabilmelerini sa\u011flamak amac\u0131yla dernekleriilgilendiren g\u00fcncel mevzuat bir araya getirilmi\u015ftir. <\/p>\n","protected":false},"excerpt":{"rendered":"<p>\u00dclkemizde sivil \u00f6rg\u00fctlenmenin ba\u015fl\u0131ca g\u00f6r\u00fcn\u00fcm bi\u00e7imi olan ve bug\u00fcn say\u0131lar\u0131y\u00fcz yirmi iki bine ula\u015fan dernek t\u00fczel ki\u015filiklerinin t\u00fcm i\u015f ve i\u015flemlerinin etkin,verimli ve uluslararas\u0131 standartlara uygun<span class=\"excerpt-hellip\"> [\u2026]<\/span><\/p>\n","protected":false},"featured_media":0,"template":"","meta":{"_monsterinsights_skip_tracking":false,"_monsterinsights_sitenote_active":false,"_monsterinsights_sitenote_note":"","_monsterinsights_sitenote_category":0},"product_brand":[],"product_cat":[13278,12324],"product_tag":[],"class_list":{"0":"post-745434","1":"product","2":"type-product","3":"status-publish","5":"product_cat-sivil-toplum-kuruluslari","6":"product_cat-sosyoloji","7":"pa_cilt-ciltsiz","8":"pa_tur-kitap","9":"pa_yayinevi-tiav","10":"pa_yazar-kolektif","12":"first","13":"instock","14":"sale","15":"shipping-taxable","16":"purchasable","17":"product-type-simple"},"_links":{"self":[{"href":"https:\/\/roveyayinevi.com.tr\/index.php\/wp-json\/wp\/v2\/product\/745434","targetHints":{"allow":["GET"]}}],"collection":[{"href":"https:\/\/roveyayinevi.com.tr\/index.php\/wp-json\/wp\/v2\/product"}],"about":[{"href":"https:\/\/roveyayinevi.com.tr\/index.php\/wp-json\/wp\/v2\/types\/product"}],"wp:attachment":[{"href":"https:\/\/roveyayinevi.com.tr\/index.php\/wp-json\/wp\/v2\/media?parent=745434"}],"wp:term":[{"taxonomy":"product_brand","embeddable":true,"href":"https:\/\/roveyayinevi.com.tr\/index.php\/wp-json\/wp\/v2\/product_brand?post=745434"},{"taxonomy":"product_cat","embeddable":true,"href":"https:\/\/roveyayinevi.com.tr\/index.php\/wp-json\/wp\/v2\/product_cat?post=745434"},{"taxonomy":"product_tag","embeddable":true,"href":"https:\/\/roveyayinevi.com.tr\/index.php\/wp-json\/wp\/v2\/product_tag?post=745434"}],"curies":[{"name":"wp","href":"https:\/\/api.w.org\/{rel}","templated":true}]}}