{"id":745433,"date":"2025-08-28T02:19:53","date_gmt":"2025-08-27T23:19:53","guid":{"rendered":"https:\/\/roveyayinevi.com.tr\/index.php\/urun\/feminist-enternasyonel\/"},"modified":"2026-04-16T02:57:42","modified_gmt":"2026-04-15T23:57:42","slug":"feminist-enternasyonel","status":"publish","type":"product","link":"https:\/\/roveyayinevi.com.tr\/index.php\/urun\/feminist-enternasyonel\/","title":{"rendered":"Feminist Enternasyonel"},"content":{"rendered":"<p>Bu ola\u011fan\u00fcst\u00fc kitap, patriyarkal vesayetle, do\u011fal kaynaklar\u0131n kolonyal ya\u011fmas\u0131yla, radikal grevlerle ve toplant\u0131larla ba\u011flant\u0131l\u0131 olan yeni \u015fiddet ve m\u00fclks\u00fczle\u015ftirme bi\u00e7imlerinin kar\u015f\u0131s\u0131nda, bir feminist enternasyonalin izini s\u00fcr\u00fcyor, onu analiz ediyor ve \u00e7a\u011fr\u0131da bulunuyor. Burada, sadece bir olay olarak de\u011fil, ayn\u0131 zamanda hem kolektif hem de devam eden bir s\u00fcre\u00e7 olarak feminist grevin \u00f6zenli ve heyecan verici bir muhasebesi bulunabilir. Gago i\u00e7in, grev her zaman hem ge\u00e7mi\u015fi analiz eden hem de yeni bir gelecek ufkunu a\u00e7an bir zamansall\u0131klar vekt\u00f6r\u00fcne i\u015faret ederek eylemi ve olay\u0131 a\u015far. \u2018\u0130\u011frenme jestleri\u2019nden, kad\u0131nlar\u0131n bedenlerini tan\u0131mlamak ve a\u015fa\u011f\u0131lamakla ile tehdit eden hane i\u00e7i \u00e7itlemeyi terk etmeye duyulan aciliyetten do\u011fan feminist grev; \u2018kolektif zek\u00e2n\u0131n yerle\u015fik bir ayg\u0131t\u0131\u2019 olarak anla\u015f\u0131labilecek genel meclisle ba\u011flant\u0131l\u0131d\u0131r. Rosa Luxenburg\u2019un miras\u0131n\u0131 daha ileri ta\u015f\u0131yarak, Veronica Gago,devrimin praksisini, neoliberalizmin, s\u00f6m\u00fcrgeci m\u00fclks\u00fczle\u015ftirmenin ve kad\u0131nlara-translara-travestilere-g\u00fcvencesiz \u00e7al\u0131\u015fanlara ve yerli halka y\u00f6neltilen devlet ter\u00f6r\u00fcn\u00fcn patriyarkal bi\u00e7imlerinin ard\u0131ndaki finans ele\u015ftirisiyle ili\u015fkilendirir. K\u0131talar aras\u0131 radikal d\u00fc\u015f\u00fcnceyle i\u015fbirli\u011fi i\u00e7inde \u00e7al\u0131\u015fan Gago, bu kitapta anti fa\u015fist bir sol i\u00e7in bir \u00e7er\u00e7eve olarak feminist praksise dair en kapsaml\u0131 \u00e7apraz analizleri ve en etkili olay\u0131 sunuyor. Bedenlenmi\u015f d\u00fc\u015f\u00fcnce, duygulan\u0131m, eylem ve yeni bir kolektif potansiyel anlay\u0131\u015f\u0131 olarak \u015fekillenir. Gago\u2019nun \u00e7a\u011fr\u0131da bulundu\u011fu aktivizm, halihaz\u0131rda kendi mecras\u0131nda akmaya devam ediyor; ve bu kitap, i\u015fte o devrimci s\u00fcrece ait. <\/p>\n","protected":false},"excerpt":{"rendered":"<p>Bu ola\u011fan\u00fcst\u00fc kitap, patriyarkal vesayetle, do\u011fal kaynaklar\u0131n kolonyal ya\u011fmas\u0131yla, radikal grevlerle ve toplant\u0131larla ba\u011flant\u0131l\u0131 olan yeni \u015fiddet ve m\u00fclks\u00fczle\u015ftirme bi\u00e7imlerinin kar\u015f\u0131s\u0131nda, bir feminist enternasyonalin izini s\u00fcr\u00fcyor,<span class=\"excerpt-hellip\"> [\u2026]<\/span><\/p>\n","protected":false},"featured_media":0,"template":"","meta":{"_monsterinsights_skip_tracking":false,"_monsterinsights_sitenote_active":false,"_monsterinsights_sitenote_note":"","_monsterinsights_sitenote_category":0},"product_brand":[],"product_cat":[14741,13488],"product_tag":[],"class_list":{"0":"post-745433","1":"product","2":"type-product","3":"status-publish","5":"product_cat-kadin-sorunlari-feminizm","6":"product_cat-toplum-ve-insan","7":"pa_cilt-ciltsiz","8":"pa_tur-kitap","9":"pa_yayinevi-sol-kultur","10":"pa_yazar-veronica-gago","12":"first","13":"instock","14":"sale","15":"shipping-taxable","16":"purchasable","17":"product-type-simple"},"_links":{"self":[{"href":"https:\/\/roveyayinevi.com.tr\/index.php\/wp-json\/wp\/v2\/product\/745433","targetHints":{"allow":["GET"]}}],"collection":[{"href":"https:\/\/roveyayinevi.com.tr\/index.php\/wp-json\/wp\/v2\/product"}],"about":[{"href":"https:\/\/roveyayinevi.com.tr\/index.php\/wp-json\/wp\/v2\/types\/product"}],"wp:attachment":[{"href":"https:\/\/roveyayinevi.com.tr\/index.php\/wp-json\/wp\/v2\/media?parent=745433"}],"wp:term":[{"taxonomy":"product_brand","embeddable":true,"href":"https:\/\/roveyayinevi.com.tr\/index.php\/wp-json\/wp\/v2\/product_brand?post=745433"},{"taxonomy":"product_cat","embeddable":true,"href":"https:\/\/roveyayinevi.com.tr\/index.php\/wp-json\/wp\/v2\/product_cat?post=745433"},{"taxonomy":"product_tag","embeddable":true,"href":"https:\/\/roveyayinevi.com.tr\/index.php\/wp-json\/wp\/v2\/product_tag?post=745433"}],"curies":[{"name":"wp","href":"https:\/\/api.w.org\/{rel}","templated":true}]}}