{"id":745432,"date":"2025-08-28T02:19:53","date_gmt":"2025-08-27T23:19:53","guid":{"rendered":"https:\/\/roveyayinevi.com.tr\/index.php\/urun\/tao-te-ching-3\/"},"modified":"2026-04-16T02:57:42","modified_gmt":"2026-04-15T23:57:42","slug":"tao-te-ching-3","status":"publish","type":"product","link":"https:\/\/roveyayinevi.com.tr\/index.php\/urun\/tao-te-ching-3\/","title":{"rendered":"Tao Te Ching"},"content":{"rendered":"<p>Klasik \u00c7in edebiyat\u0131n\u0131n en eski ve en \u00fcnl\u00fc \u00f6rneklerinden biri olan Tao Te Ching\u2019in kesin olmamakla birlikte Taoizmin kurucusu \u00fcnl\u00fc filozof Lao-Tzu taraf\u0131ndan M\u00d6 6. y\u00fczy\u0131lda kaleme al\u0131nd\u0131\u011f\u0131 d\u00fc\u015f\u00fcn\u00fclmektedir. \u0130nsanlar\u0131n, do\u011fal g\u00fczelliklerin ve do\u011fan\u0131n yolundan gitmemesinden duydu\u011fu \u00fcz\u00fcnt\u00fc sebebiyle \u00c7in\u2019i terk eden Lao-Tzu, gitmeden \u00f6nce \u00f6\u011fretilerini bir araya toplamak istemi\u015ftir. Tao \u201cyol\u201d, te \u201cerdem\u201d, ching ise \u201ckitap\u201d anlam\u0131na gelmektedir. \u0130ki k\u0131s\u0131m ve 81 b\u00f6l\u00fcmden olu\u015fan metnin ilk k\u0131sm\u0131nda Yol, ikinci k\u0131sm\u0131nda ise Erdem ile ilgili \u00f6\u011fretiler yer almaktad\u0131r.<\/p>\n","protected":false},"excerpt":{"rendered":"<p>Klasik \u00c7in edebiyat\u0131n\u0131n en eski ve en \u00fcnl\u00fc \u00f6rneklerinden biri olan Tao Te Ching\u2019in kesin olmamakla birlikte Taoizmin kurucusu \u00fcnl\u00fc filozof Lao-Tzu taraf\u0131ndan M\u00d6 6. y\u00fczy\u0131lda<span class=\"excerpt-hellip\"> [\u2026]<\/span><\/p>\n","protected":false},"featured_media":0,"template":"","meta":{"_monsterinsights_skip_tracking":false,"_monsterinsights_sitenote_active":false,"_monsterinsights_sitenote_note":"","_monsterinsights_sitenote_category":0},"product_brand":[],"product_cat":[12364,12376],"product_tag":[],"class_list":{"0":"post-745432","1":"product","2":"type-product","3":"status-publish","5":"product_cat-genel-konular","6":"product_cat-kisisel-gelisim","7":"pa_cilt-ciltsiz","8":"pa_tur-kitap","9":"pa_yayinevi-say-yayinlari","10":"pa_yazar-lao-tzu","12":"first","13":"instock","14":"sale","15":"shipping-taxable","16":"purchasable","17":"product-type-simple"},"_links":{"self":[{"href":"https:\/\/roveyayinevi.com.tr\/index.php\/wp-json\/wp\/v2\/product\/745432","targetHints":{"allow":["GET"]}}],"collection":[{"href":"https:\/\/roveyayinevi.com.tr\/index.php\/wp-json\/wp\/v2\/product"}],"about":[{"href":"https:\/\/roveyayinevi.com.tr\/index.php\/wp-json\/wp\/v2\/types\/product"}],"wp:attachment":[{"href":"https:\/\/roveyayinevi.com.tr\/index.php\/wp-json\/wp\/v2\/media?parent=745432"}],"wp:term":[{"taxonomy":"product_brand","embeddable":true,"href":"https:\/\/roveyayinevi.com.tr\/index.php\/wp-json\/wp\/v2\/product_brand?post=745432"},{"taxonomy":"product_cat","embeddable":true,"href":"https:\/\/roveyayinevi.com.tr\/index.php\/wp-json\/wp\/v2\/product_cat?post=745432"},{"taxonomy":"product_tag","embeddable":true,"href":"https:\/\/roveyayinevi.com.tr\/index.php\/wp-json\/wp\/v2\/product_tag?post=745432"}],"curies":[{"name":"wp","href":"https:\/\/api.w.org\/{rel}","templated":true}]}}