{"id":745431,"date":"2025-08-28T02:19:51","date_gmt":"2025-08-27T23:19:51","guid":{"rendered":"https:\/\/roveyayinevi.com.tr\/index.php\/urun\/buyulu-evrenin-yeni-bilimi\/"},"modified":"2026-04-16T02:57:42","modified_gmt":"2026-04-15T23:57:42","slug":"buyulu-evrenin-yeni-bilimi","status":"publish","type":"product","link":"https:\/\/roveyayinevi.com.tr\/index.php\/urun\/buyulu-evrenin-yeni-bilimi\/","title":{"rendered":"B\u00fcy\u00fcl\u00fc Evrenin Yeni Bilimi"},"content":{"rendered":"<p>Tanr\u0131lar nerede? \u2018B\u00fcy\u00fcs\u00fc bozulmu\u015f d\u00fcnyan\u0131n\u2019 modern sakinlerinden baz\u0131lar\u0131na g\u00f6re \u00f6ld\u00fcler. Baz\u0131lar\u0131na g\u00f6re, ba\u015fka bir \u00e2lemden bizi izleyip sadece gerek g\u00f6rd\u00fcklerinde m\u00fcdahale ediyorlar. Evreni yarat\u0131p kendi k\u00f6\u015felerine \u00e7ekildiklerini s\u00f6yleyenler de var. Kimine g\u00f6reyse hi\u00e7 var olmad\u0131lar; insanl\u0131\u011f\u0131n olgunla\u015f\u0131nca inanmaktan vazge\u00e7ti\u011fi \u00e7ocukluk hayalleri ve korkular\u0131yd\u0131lar. Oysa d\u00fcnyan\u0131n d\u00f6rt bir yan\u0131nda tanr\u0131lar\u0131n, atalar\u0131n, iyicil ve k\u00f6t\u00fcc\u00fcl ruhlar\u0131n ve hayaletlerin g\u00fcnl\u00fck hayat\u0131n ola\u011fan bir par\u00e7as\u0131 oldu\u011fu topluluklar insanl\u0131k tarihinin b\u00fcy\u00fck b\u00f6l\u00fcm\u00fcnde vard\u0131, bug\u00fcn de var. Bu ruhsal varl\u0131klar ya\u011fmuru ya\u011fd\u0131r\u0131yor, bitkileri b\u00fcy\u00fct\u00fcyor, insanlarla birlikte avlan\u0131yor, bazen onlara d\u00fc\u015fman oluyor, hatta onlarla evleniyorlar. Her evde, her a\u011fac\u0131n dibinde bizi izliyor, bazen \u00f6d\u00fcllendiriyor, bazen de cezaland\u0131r\u0131yorlar. 2021 y\u0131l\u0131nda aram\u0131zdan ayr\u0131lan ayk\u0131r\u0131 antropolog Marshall Sahlins\u2019in yetmi\u015f y\u0131la varan bilgi birikiminin ve deneyimlerinin zirve noktas\u0131 olan bu eser, bir yandan g\u00f6zden d\u00fc\u015fm\u00fc\u015f, uzun s\u00fcredir can \u00e7eki\u015fen antropoloji biliminin durumunu de\u011ferlendirirken, di\u011fer yandan da onu yeniden canland\u0131rman\u0131n ve tanr\u0131larla i\u00e7 i\u00e7e ya\u015fayan halklar\u0131 ve k\u00fclt\u00fcrleri anlaman\u0131n yeni bir yolunu \u00f6neriyor. Afrika\u2019dan Amerika\u2019ya, Kuzey Kutbu\u2019ndan Yak\u0131ndo\u011fu\u2019ya kadar uzanan geni\u015f bir co\u011frafyada,  her ta\u015f\u0131n alt\u0131ndan ruhlar\u0131n \u00e7\u0131kt\u0131\u011f\u0131, her k\u00f6\u015fe ba\u015f\u0131nda bir tanr\u0131ya denk gelinen \u2018b\u00fcy\u00fcl\u00fc\u2019 bir d\u00fcnyada okuru etkileyici bir yolculu\u011fa \u00e7\u0131kar\u0131yor. Bu k\u00fclt\u00fcrlerin, insanl\u0131\u011f\u0131n \u2018\u00e7ocukluk \u00e7a\u011f\u0131n\u0131n kal\u0131nt\u0131lar\u0131\u2019 olmad\u0131\u011f\u0131n\u0131 g\u00f6steriyor. <\/p>\n","protected":false},"excerpt":{"rendered":"<p>Tanr\u0131lar nerede? \u2018B\u00fcy\u00fcs\u00fc bozulmu\u015f d\u00fcnyan\u0131n\u2019 modern sakinlerinden baz\u0131lar\u0131na g\u00f6re \u00f6ld\u00fcler. Baz\u0131lar\u0131na g\u00f6re, ba\u015fka bir \u00e2lemden bizi izleyip sadece gerek g\u00f6rd\u00fcklerinde m\u00fcdahale ediyorlar. Evreni yarat\u0131p kendi k\u00f6\u015felerine<span class=\"excerpt-hellip\"> [\u2026]<\/span><\/p>\n","protected":false},"featured_media":0,"template":"","meta":{"_monsterinsights_skip_tracking":false,"_monsterinsights_sitenote_active":false,"_monsterinsights_sitenote_note":"","_monsterinsights_sitenote_category":0},"product_brand":[],"product_cat":[15499,13488],"product_tag":[],"class_list":{"0":"post-745431","1":"product","2":"type-product","3":"status-publish","5":"product_cat-antropoloji","6":"product_cat-toplum-ve-insan","7":"pa_cilt-ciltsiz","8":"pa_tur-kitap","9":"pa_yayinevi-fol-kitap","10":"pa_yazar-marshall-sahlins","12":"first","13":"instock","14":"sale","15":"shipping-taxable","16":"purchasable","17":"product-type-simple"},"_links":{"self":[{"href":"https:\/\/roveyayinevi.com.tr\/index.php\/wp-json\/wp\/v2\/product\/745431","targetHints":{"allow":["GET"]}}],"collection":[{"href":"https:\/\/roveyayinevi.com.tr\/index.php\/wp-json\/wp\/v2\/product"}],"about":[{"href":"https:\/\/roveyayinevi.com.tr\/index.php\/wp-json\/wp\/v2\/types\/product"}],"wp:attachment":[{"href":"https:\/\/roveyayinevi.com.tr\/index.php\/wp-json\/wp\/v2\/media?parent=745431"}],"wp:term":[{"taxonomy":"product_brand","embeddable":true,"href":"https:\/\/roveyayinevi.com.tr\/index.php\/wp-json\/wp\/v2\/product_brand?post=745431"},{"taxonomy":"product_cat","embeddable":true,"href":"https:\/\/roveyayinevi.com.tr\/index.php\/wp-json\/wp\/v2\/product_cat?post=745431"},{"taxonomy":"product_tag","embeddable":true,"href":"https:\/\/roveyayinevi.com.tr\/index.php\/wp-json\/wp\/v2\/product_tag?post=745431"}],"curies":[{"name":"wp","href":"https:\/\/api.w.org\/{rel}","templated":true}]}}