{"id":745429,"date":"2025-08-28T02:19:09","date_gmt":"2025-08-27T23:19:09","guid":{"rendered":"https:\/\/roveyayinevi.com.tr\/index.php\/urun\/gorsel-yolculuklar\/"},"modified":"2026-04-16T02:57:42","modified_gmt":"2026-04-15T23:57:42","slug":"gorsel-yolculuklar","status":"publish","type":"product","link":"https:\/\/roveyayinevi.com.tr\/index.php\/urun\/gorsel-yolculuklar\/","title":{"rendered":"G\u00f6rsel Yolculuklar"},"content":{"rendered":"<p>Ferit Edg\u00fc\u2019n\u00fcn T\u00fcrk resminin \u00f6nde gelen sanat\u00e7\u0131lar\u0131 hakk\u0131nda yazd\u0131\u011f\u0131 bu yaz\u0131lar, tan\u0131kl\u0131klara, g\u00f6zleme, duyarl\u0131k deneyimlerine ama en \u00e7ok Edg\u00fc\u2019n\u00fcn resim sanat\u0131 \u00fczerine d\u00fc\u015f\u00fcncelerine dayan\u0131yor.   Osman Hamdi Avni Lifij Abidin Dino Fikret Mualla Avni Arba\u015f F\u00fcreya Aliye Berger Fahrelnisa Zeid Cihat Burak Semiha Berksoy Komet Y\u00fcksel Arslan Selma G\u00fcrb\u00fcz T\u00fclay Tura B\u00f6rtecene ve daha niceleri&#8230; <\/p>\n","protected":false},"excerpt":{"rendered":"<p>Ferit Edg\u00fc\u2019n\u00fcn T\u00fcrk resminin \u00f6nde gelen sanat\u00e7\u0131lar\u0131 hakk\u0131nda yazd\u0131\u011f\u0131 bu yaz\u0131lar, tan\u0131kl\u0131klara, g\u00f6zleme, duyarl\u0131k deneyimlerine ama en \u00e7ok Edg\u00fc\u2019n\u00fcn resim sanat\u0131 \u00fczerine d\u00fc\u015f\u00fcncelerine dayan\u0131yor. Osman Hamdi<span class=\"excerpt-hellip\"> [\u2026]<\/span><\/p>\n","protected":false},"featured_media":0,"template":"","meta":{"_monsterinsights_skip_tracking":false,"_monsterinsights_sitenote_active":false,"_monsterinsights_sitenote_note":"","_monsterinsights_sitenote_category":0},"product_brand":[],"product_cat":[12777,12291],"product_tag":[],"class_list":{"0":"post-745429","1":"product","2":"type-product","3":"status-publish","5":"product_cat-deneme","6":"product_cat-edebiyat","7":"pa_cilt-ciltsiz","8":"pa_tur-kitap","9":"pa_yayinevi-everest-yayinlari","10":"pa_yazar-ferit-edgu","12":"first","13":"instock","14":"sale","15":"shipping-taxable","16":"purchasable","17":"product-type-simple"},"_links":{"self":[{"href":"https:\/\/roveyayinevi.com.tr\/index.php\/wp-json\/wp\/v2\/product\/745429","targetHints":{"allow":["GET"]}}],"collection":[{"href":"https:\/\/roveyayinevi.com.tr\/index.php\/wp-json\/wp\/v2\/product"}],"about":[{"href":"https:\/\/roveyayinevi.com.tr\/index.php\/wp-json\/wp\/v2\/types\/product"}],"wp:attachment":[{"href":"https:\/\/roveyayinevi.com.tr\/index.php\/wp-json\/wp\/v2\/media?parent=745429"}],"wp:term":[{"taxonomy":"product_brand","embeddable":true,"href":"https:\/\/roveyayinevi.com.tr\/index.php\/wp-json\/wp\/v2\/product_brand?post=745429"},{"taxonomy":"product_cat","embeddable":true,"href":"https:\/\/roveyayinevi.com.tr\/index.php\/wp-json\/wp\/v2\/product_cat?post=745429"},{"taxonomy":"product_tag","embeddable":true,"href":"https:\/\/roveyayinevi.com.tr\/index.php\/wp-json\/wp\/v2\/product_tag?post=745429"}],"curies":[{"name":"wp","href":"https:\/\/api.w.org\/{rel}","templated":true}]}}