{"id":745427,"date":"2025-08-28T02:19:07","date_gmt":"2025-08-27T23:19:07","guid":{"rendered":"https:\/\/roveyayinevi.com.tr\/index.php\/urun\/yavasca-acele-et\/"},"modified":"2026-04-16T02:57:42","modified_gmt":"2026-04-15T23:57:42","slug":"yavasca-acele-et","status":"publish","type":"product","link":"https:\/\/roveyayinevi.com.tr\/index.php\/urun\/yavasca-acele-et\/","title":{"rendered":"Yava\u015f\u00e7a Acele Et"},"content":{"rendered":"<p>\u201cKARARLARINI ALIRKEN ACELE ETME VE TEDB\u0130R\u0130 ELDEN BIRAKMA AMA KARARINI VERD\u0130KTEN SONRA DA ONU HEMEN UYGULA.\u201d \u201cHi\u00e7bir \u015feyin anlam\u0131 yok.\u201d \u201cHayat berbat bir yer, u\u011fra\u015fmaya de\u011fmez.\u201d \u201cBa\u015faramayaca\u011f\u0131m, be\u011fenilmeyece\u011fim, yeti\u015ftiremeyece\u011fim&#8230;\u201d D\u00fcnya benzer karamsar d\u00fc\u015f\u00fcncelere sahip y\u00fcz binlerce insanla d\u00f6nmeye devam ediyor. Zor bir \u00e7a\u011fda, geveze bir zihinle motive olmak, \u00fcretmek, odaklanmak ve huzurlu hissetmek kolay de\u011fil. Hedefiniz her ne olursa olsun d\u00fc\u015f\u00fcnme sisteminizi yeniden \u015fekillendirecek bu kitap tam da size g\u00f6re&#8230; YAVA\u015e\u00c7A ACELE ET kitab\u0131nda hayatta kaybetti\u011finiz motivasyonu, anlam\u0131 ve ilerlemeyi nas\u0131l in\u015fa edece\u011finizin yan\u0131tlar\u0131n\u0131 bulacaks\u0131n\u0131z. T\u00fcm d\u00fcnyada kar\u015f\u0131l\u0131k bulmu\u015f etkili motivasyon teorileri ve de\u011ferleri yeniden in\u015fa etme \u00e7al\u0131\u015fmalar\u0131yla birlikte kendi biricik yol haritan\u0131z\u0131 olu\u015fturabilecek, g\u00fcc\u00fcn\u00fcz\u00fc yeniden ele ge\u00e7ireceksiniz. Yava\u015fl\u0131\u011f\u0131n ve kendinizi dinleyerek ilerlemenin arzu etti\u011finiz hedefe ula\u015fmada nas\u0131l itici bir g\u00fc\u00e7 olabilece\u011fini ke\u015ffedeceksiniz. De\u011fi\u015fime haz\u0131rlanmak ve yol boyunca i\u015finize yarayacaklar\u0131 edinmek bazen kafa kar\u0131\u015ft\u0131r\u0131c\u0131 ve zahmetlidir. Ancak bu karma\u015fada her zaman limana d\u00f6nme ihtimali vard\u0131r. Ama \u00f6nce denize a\u00e7\u0131lmal\u0131s\u0131n\u0131z, kendi maceran\u0131z\u0131 ke\u015ffedebilmek i\u00e7in yola koyulmal\u0131s\u0131n\u0131z. <\/p>\n","protected":false},"excerpt":{"rendered":"<p>\u201cKARARLARINI ALIRKEN ACELE ETME VE TEDB\u0130R\u0130 ELDEN BIRAKMA AMA KARARINI VERD\u0130KTEN SONRA DA ONU HEMEN UYGULA.\u201d \u201cHi\u00e7bir \u015feyin anlam\u0131 yok.\u201d \u201cHayat berbat bir yer, u\u011fra\u015fmaya de\u011fmez.\u201d<span class=\"excerpt-hellip\"> [\u2026]<\/span><\/p>\n","protected":false},"featured_media":0,"template":"","meta":{"_monsterinsights_skip_tracking":false,"_monsterinsights_sitenote_active":false,"_monsterinsights_sitenote_note":"","_monsterinsights_sitenote_category":0},"product_brand":[],"product_cat":[12364,12376],"product_tag":[],"class_list":{"0":"post-745427","1":"product","2":"type-product","3":"status-publish","5":"product_cat-genel-konular","6":"product_cat-kisisel-gelisim","7":"pa_cilt-ciltsiz","8":"pa_tur-kitap","9":"pa_yayinevi-destek-yayinlari","10":"pa_yazar-kolektif","12":"first","13":"instock","14":"sale","15":"shipping-taxable","16":"purchasable","17":"product-type-simple"},"_links":{"self":[{"href":"https:\/\/roveyayinevi.com.tr\/index.php\/wp-json\/wp\/v2\/product\/745427","targetHints":{"allow":["GET"]}}],"collection":[{"href":"https:\/\/roveyayinevi.com.tr\/index.php\/wp-json\/wp\/v2\/product"}],"about":[{"href":"https:\/\/roveyayinevi.com.tr\/index.php\/wp-json\/wp\/v2\/types\/product"}],"wp:attachment":[{"href":"https:\/\/roveyayinevi.com.tr\/index.php\/wp-json\/wp\/v2\/media?parent=745427"}],"wp:term":[{"taxonomy":"product_brand","embeddable":true,"href":"https:\/\/roveyayinevi.com.tr\/index.php\/wp-json\/wp\/v2\/product_brand?post=745427"},{"taxonomy":"product_cat","embeddable":true,"href":"https:\/\/roveyayinevi.com.tr\/index.php\/wp-json\/wp\/v2\/product_cat?post=745427"},{"taxonomy":"product_tag","embeddable":true,"href":"https:\/\/roveyayinevi.com.tr\/index.php\/wp-json\/wp\/v2\/product_tag?post=745427"}],"curies":[{"name":"wp","href":"https:\/\/api.w.org\/{rel}","templated":true}]}}