{"id":745426,"date":"2025-08-28T02:19:06","date_gmt":"2025-08-27T23:19:06","guid":{"rendered":"https:\/\/roveyayinevi.com.tr\/index.php\/urun\/sahte-alkislarla-olaganustu-anlar\/"},"modified":"2026-04-16T02:57:42","modified_gmt":"2026-04-15T23:57:42","slug":"sahte-alkislarla-olaganustu-anlar","status":"publish","type":"product","link":"https:\/\/roveyayinevi.com.tr\/index.php\/urun\/sahte-alkislarla-olaganustu-anlar\/","title":{"rendered":"Sahte Alk\u0131\u015flarla Ola\u011fan\u00fcst\u00fc Anlar"},"content":{"rendered":"<p>\u0130talya\u2019n\u0131n d\u00fcnya \u00e7izgi roman\u0131na hediyesi Gipi\u2019den modern bir klasik!   Daha \u00f6nce \u00e7ok sevilen Bir Hik\u00e2ye ve O\u011fullar\u0131n Diyar\u0131 \u00e7izgi romanlar\u0131n\u0131 yay\u0131mlad\u0131\u011f\u0131m\u0131z \u0130talya\u2019n\u0131n s\u00fcperstar\u0131 Gipi, bu kez kar\u015f\u0131n\u0131za Sahte Alk\u0131\u015flarla Ola\u011fan\u00fcst\u00fc Anlar kitab\u0131yla \u00e7\u0131k\u0131yor. \u015eairane \u00e7izgileri ve sinematik anlat\u0131m\u0131yla \u00e7izgi roman d\u00fcnyas\u0131nda kendine \u00e7ok g\u00fc\u00e7l\u00fc bir yer edinen sanat\u00e7\u0131n\u0131n en \u00f6zg\u00fcn eserlerinden biri.   <\/p>\n","protected":false},"excerpt":{"rendered":"<p>\u0130talya\u2019n\u0131n d\u00fcnya \u00e7izgi roman\u0131na hediyesi Gipi\u2019den modern bir klasik! Daha \u00f6nce \u00e7ok sevilen Bir Hik\u00e2ye ve O\u011fullar\u0131n Diyar\u0131 \u00e7izgi romanlar\u0131n\u0131 yay\u0131mlad\u0131\u011f\u0131m\u0131z \u0130talya\u2019n\u0131n s\u00fcperstar\u0131 Gipi, bu kez<span class=\"excerpt-hellip\"> [\u2026]<\/span><\/p>\n","protected":false},"featured_media":0,"template":"","meta":{"_monsterinsights_skip_tracking":false,"_monsterinsights_sitenote_active":false,"_monsterinsights_sitenote_note":"","_monsterinsights_sitenote_category":0},"product_brand":[],"product_cat":[12689,12274],"product_tag":[],"class_list":{"0":"post-745426","1":"product","2":"type-product","3":"status-publish","5":"product_cat-cizgi-roman-cocuk-ve-genclik-kitaplari","6":"product_cat-cocuk-ve-genclik-kitaplari","7":"pa_cilt-ciltsiz","8":"pa_tur-kitap","9":"pa_yayinevi-kara-karga-yayinlari","10":"pa_yazar-gipi-gian-alfonso-pacinotti","12":"first","13":"instock","14":"sale","15":"shipping-taxable","16":"purchasable","17":"product-type-simple"},"_links":{"self":[{"href":"https:\/\/roveyayinevi.com.tr\/index.php\/wp-json\/wp\/v2\/product\/745426","targetHints":{"allow":["GET"]}}],"collection":[{"href":"https:\/\/roveyayinevi.com.tr\/index.php\/wp-json\/wp\/v2\/product"}],"about":[{"href":"https:\/\/roveyayinevi.com.tr\/index.php\/wp-json\/wp\/v2\/types\/product"}],"wp:attachment":[{"href":"https:\/\/roveyayinevi.com.tr\/index.php\/wp-json\/wp\/v2\/media?parent=745426"}],"wp:term":[{"taxonomy":"product_brand","embeddable":true,"href":"https:\/\/roveyayinevi.com.tr\/index.php\/wp-json\/wp\/v2\/product_brand?post=745426"},{"taxonomy":"product_cat","embeddable":true,"href":"https:\/\/roveyayinevi.com.tr\/index.php\/wp-json\/wp\/v2\/product_cat?post=745426"},{"taxonomy":"product_tag","embeddable":true,"href":"https:\/\/roveyayinevi.com.tr\/index.php\/wp-json\/wp\/v2\/product_tag?post=745426"}],"curies":[{"name":"wp","href":"https:\/\/api.w.org\/{rel}","templated":true}]}}