{"id":745425,"date":"2025-08-28T02:19:04","date_gmt":"2025-08-27T23:19:04","guid":{"rendered":"https:\/\/roveyayinevi.com.tr\/index.php\/urun\/osmanlida-bir-vampir-vakasi\/"},"modified":"2026-04-16T02:57:42","modified_gmt":"2026-04-15T23:57:42","slug":"osmanlida-bir-vampir-vakasi","status":"publish","type":"product","link":"https:\/\/roveyayinevi.com.tr\/index.php\/urun\/osmanlida-bir-vampir-vakasi\/","title":{"rendered":"Osmanl\u0131\u2019da Bir Vampir Vakas\u0131"},"content":{"rendered":"<p>\u00d6L\u00dcLER HAKKINDA YALNIZCA \u0130Y\u0130 \u015eEYLER KONU\u015eULMALIDIR.   Balkanlarda ortaya \u00e7\u0131kan yeni\u00e7erileri kimler, hangi ama\u00e7la vampire d\u00f6n\u00fc\u015ft\u00fcrd\u00fc? Yeni\u00e7eri Oca\u011f\u0131\u2019n\u0131 ortadan kald\u0131ran Sultan Mahmud ve \u015fehzadelerini bekleyen tehlike neydi? Habis mahluklara d\u00f6n\u00fc\u015fen yeni\u00e7erileri yok etmek i\u00e7in hangi cemiyet g\u00f6revlendirildi ve bu cemiyetin ge\u00e7mi\u015fi hangi padi\u015faha uzanmaktayd\u0131? Y\u00fczy\u0131llard\u0131r Osmanl\u0131 ile hesapla\u015fan Tap\u0131nak \u015e\u00f6valyeleri\u2019nin yeni planlar\u0131 neydi ve onlara hangi devlet adamlar\u0131 destek veriyordu? \u015e\u00f6valyelerin ele ge\u00e7irmek istedi\u011fi kay\u0131p kitaplar nelerdi, bu kitaplarla neler yapmak istiyorlard\u0131? Yeni\u00e7erileri vampire d\u00f6n\u00fc\u015ft\u00fcren kitab\u0131n ge\u00e7mi\u015fi hangi medeniyete uzan\u0131yordu ve onlar nas\u0131l tedavi edilebilirdi?   Mahlukat adl\u0131 korku t\u00fcr\u00fcndeki sinema filmine de ilham veren bu roman, tarihsel kaynaklara dayan\u0131larak kurgulanm\u0131\u015f, soluk kesici, t\u00fcyler \u00fcrpertici bir hakikatin kanl\u0131 anekdotudur. \u201cOsmanl\u0131 d\u00f6neminde ya\u015fanan ger\u00e7ek bir vaka\u2026 Cinler, vampirler ve daha fazlas\u0131\u2026 Korkuyu iliklerinize kadar hissederken t\u00fcr\u00fcne getirdi\u011fi yenilik ile sizi her sayfas\u0131nda \u015fa\u015f\u0131rtacak bir hik\u00e2ye. En etkileyici k\u0131sm\u0131 ise kendi topraklar\u0131m\u0131z\u0131n, ge\u00e7mi\u015fimizin hik\u00e2yesini anlatmas\u0131.  Serinin devam\u0131n\u0131 \u015fimdiden \u00e7ok merak ediyorum.\u201d Mahlukat filminin y\u00f6netmeni Alper Mest\u00e7i <\/p>\n","protected":false},"excerpt":{"rendered":"<p>\u00d6L\u00dcLER HAKKINDA YALNIZCA \u0130Y\u0130 \u015eEYLER KONU\u015eULMALIDIR. Balkanlarda ortaya \u00e7\u0131kan yeni\u00e7erileri kimler, hangi ama\u00e7la vampire d\u00f6n\u00fc\u015ft\u00fcrd\u00fc? Yeni\u00e7eri Oca\u011f\u0131\u2019n\u0131 ortadan kald\u0131ran Sultan Mahmud ve \u015fehzadelerini bekleyen tehlike neydi?<span class=\"excerpt-hellip\"> [\u2026]<\/span><\/p>\n","protected":false},"featured_media":0,"template":"","meta":{"_monsterinsights_skip_tracking":false,"_monsterinsights_sitenote_active":false,"_monsterinsights_sitenote_note":"","_monsterinsights_sitenote_category":0},"product_brand":[],"product_cat":[12291,12745],"product_tag":[],"class_list":{"0":"post-745425","1":"product","2":"type-product","3":"status-publish","5":"product_cat-edebiyat","6":"product_cat-tarihi-roman","7":"pa_cilt-ciltsiz","8":"pa_tur-kitap","9":"pa_yayinevi-destek-yayinlari","10":"pa_yazar-onur-atac","12":"first","13":"instock","14":"sale","15":"shipping-taxable","16":"purchasable","17":"product-type-simple"},"_links":{"self":[{"href":"https:\/\/roveyayinevi.com.tr\/index.php\/wp-json\/wp\/v2\/product\/745425","targetHints":{"allow":["GET"]}}],"collection":[{"href":"https:\/\/roveyayinevi.com.tr\/index.php\/wp-json\/wp\/v2\/product"}],"about":[{"href":"https:\/\/roveyayinevi.com.tr\/index.php\/wp-json\/wp\/v2\/types\/product"}],"wp:attachment":[{"href":"https:\/\/roveyayinevi.com.tr\/index.php\/wp-json\/wp\/v2\/media?parent=745425"}],"wp:term":[{"taxonomy":"product_brand","embeddable":true,"href":"https:\/\/roveyayinevi.com.tr\/index.php\/wp-json\/wp\/v2\/product_brand?post=745425"},{"taxonomy":"product_cat","embeddable":true,"href":"https:\/\/roveyayinevi.com.tr\/index.php\/wp-json\/wp\/v2\/product_cat?post=745425"},{"taxonomy":"product_tag","embeddable":true,"href":"https:\/\/roveyayinevi.com.tr\/index.php\/wp-json\/wp\/v2\/product_tag?post=745425"}],"curies":[{"name":"wp","href":"https:\/\/api.w.org\/{rel}","templated":true}]}}