{"id":745420,"date":"2025-08-28T02:18:58","date_gmt":"2025-08-27T23:18:58","guid":{"rendered":"https:\/\/roveyayinevi.com.tr\/index.php\/urun\/kuranda-iman-esaslari-ve-kader-sorunu\/"},"modified":"2026-04-07T03:03:25","modified_gmt":"2026-04-07T00:03:25","slug":"kuranda-iman-esaslari-ve-kader-sorunu","status":"publish","type":"product","link":"https:\/\/roveyayinevi.com.tr\/index.php\/urun\/kuranda-iman-esaslari-ve-kader-sorunu\/","title":{"rendered":"Kur\u2019an\u2019da \u0130man Esaslar\u0131 ve Kader Sorunu"},"content":{"rendered":"<p>Kadere iman var demek, insan\u0131n \u00f6zg\u00fcr iradesi yoktur demektir. Allah\u2019\u0131n onun aln\u0131na yazd\u0131\u011f\u0131ndan ba\u015fka bir \u015fey yapamaz demektir. \u0130nsan\u0131n b\u00fct\u00fcn i\u015flerini Allah yapar demek, Allah\u2019a iftiradan ba\u015fka bir \u015fey say\u0131lmaz. B\u00fct\u00fcn M\u00fcsl\u00fcmanlar\u0131 as\u0131rlarca peri\u015fan eden sorumsuzca davranmalar\u0131n\u0131n sebebi bu yanl\u0131\u015f inan\u00e7t\u0131r. Bu yanl\u0131\u015f inanc\u0131n cezas\u0131n\u0131 \u00e7ekiyorlar. Memlekette ve \u0130slam d\u00fcnyas\u0131nda bu kadar ak\u0131l almaz bozukluklar\u0131n ve bozgunculuklar\u0131n ba\u015f nedeni kadere inanman\u0131n getirdi\u011fi sorumsuzluk duygusundan ba\u015fka bir \u015fey de\u011fildir. <\/p>\n","protected":false},"excerpt":{"rendered":"<p>Kadere iman var demek, insan\u0131n \u00f6zg\u00fcr iradesi yoktur demektir. Allah\u2019\u0131n onun aln\u0131na yazd\u0131\u011f\u0131ndan ba\u015fka bir \u015fey yapamaz demektir. \u0130nsan\u0131n b\u00fct\u00fcn i\u015flerini Allah yapar demek, Allah\u2019a iftiradan<span class=\"excerpt-hellip\"> [\u2026]<\/span><\/p>\n","protected":false},"featured_media":0,"template":"","meta":{"_monsterinsights_skip_tracking":false,"_monsterinsights_sitenote_active":false,"_monsterinsights_sitenote_note":"","_monsterinsights_sitenote_category":0},"product_brand":[],"product_cat":[13036,12718,12719],"product_tag":[],"class_list":{"0":"post-745420","1":"product","2":"type-product","3":"status-publish","5":"product_cat-arastirma-inceleme-islam","6":"product_cat-din","7":"product_cat-islam","8":"pa_cilt-ciltsiz","9":"pa_tur-kitap","10":"pa_yayinevi-destek-yayinlari","11":"pa_yazar-huseyin-atay","13":"first","14":"instock","15":"sale","16":"shipping-taxable","17":"purchasable","18":"product-type-simple"},"_links":{"self":[{"href":"https:\/\/roveyayinevi.com.tr\/index.php\/wp-json\/wp\/v2\/product\/745420","targetHints":{"allow":["GET"]}}],"collection":[{"href":"https:\/\/roveyayinevi.com.tr\/index.php\/wp-json\/wp\/v2\/product"}],"about":[{"href":"https:\/\/roveyayinevi.com.tr\/index.php\/wp-json\/wp\/v2\/types\/product"}],"wp:attachment":[{"href":"https:\/\/roveyayinevi.com.tr\/index.php\/wp-json\/wp\/v2\/media?parent=745420"}],"wp:term":[{"taxonomy":"product_brand","embeddable":true,"href":"https:\/\/roveyayinevi.com.tr\/index.php\/wp-json\/wp\/v2\/product_brand?post=745420"},{"taxonomy":"product_cat","embeddable":true,"href":"https:\/\/roveyayinevi.com.tr\/index.php\/wp-json\/wp\/v2\/product_cat?post=745420"},{"taxonomy":"product_tag","embeddable":true,"href":"https:\/\/roveyayinevi.com.tr\/index.php\/wp-json\/wp\/v2\/product_tag?post=745420"}],"curies":[{"name":"wp","href":"https:\/\/api.w.org\/{rel}","templated":true}]}}