{"id":745419,"date":"2025-08-28T02:18:57","date_gmt":"2025-08-27T23:18:57","guid":{"rendered":"https:\/\/roveyayinevi.com.tr\/index.php\/urun\/kurana-gore-arastirmalar-v\/"},"modified":"2026-04-16T02:57:42","modified_gmt":"2026-04-15T23:57:42","slug":"kurana-gore-arastirmalar-v","status":"publish","type":"product","link":"https:\/\/roveyayinevi.com.tr\/index.php\/urun\/kurana-gore-arastirmalar-v\/","title":{"rendered":"Kur\u2019an\u2019a G\u00f6re Ara\u015ft\u0131rmalar V"},"content":{"rendered":"<p>MEDEN\u0130 M\u0130LLET \u0130SLAM\u2019I ANLAMA VE ANLATMA METODU MODERN \u0130L\u0130M VE KUR\u2019AN-I KER\u0130M \u0130L\u0130\u015eK\u0130S\u0130NDE METOT KUR\u2019AN\u2019A G\u00d6RE \u0130NAN\u00c7 \u0130LKELER\u0130 ALLAH\u2019A \u0130NANMAK \u201cNE MUTLU M\u00dcSL\u00dcMAN\u2019IM D\u0130YENE\u201d KUR\u2019AN\u2019IN TOPLUM FELSEFES\u0130 \u0130SLAM AHLAKI VE A\u0130LE PLANLAMASI \u2022 \u0130\u00c7T\u0130HAT KUR\u2019AN-I KER\u0130M\u2019\u0130 OKUMA \u2022 KUTS\u0130YET KUR\u2019AN-I KER\u0130M\u2019DE CEZALAR-UKUBAT KURBAN BAYRAMI <\/p>\n","protected":false},"excerpt":{"rendered":"<p>MEDEN\u0130 M\u0130LLET \u0130SLAM\u2019I ANLAMA VE ANLATMA METODU MODERN \u0130L\u0130M VE KUR\u2019AN-I KER\u0130M \u0130L\u0130\u015eK\u0130S\u0130NDE METOT KUR\u2019AN\u2019A G\u00d6RE \u0130NAN\u00c7 \u0130LKELER\u0130 ALLAH\u2019A \u0130NANMAK \u201cNE MUTLU M\u00dcSL\u00dcMAN\u2019IM D\u0130YENE\u201d KUR\u2019AN\u2019IN TOPLUM<span class=\"excerpt-hellip\"> [\u2026]<\/span><\/p>\n","protected":false},"featured_media":0,"template":"","meta":{"_monsterinsights_skip_tracking":false,"_monsterinsights_sitenote_active":false,"_monsterinsights_sitenote_note":"","_monsterinsights_sitenote_category":0},"product_brand":[],"product_cat":[13036,12718,12719],"product_tag":[],"class_list":{"0":"post-745419","1":"product","2":"type-product","3":"status-publish","5":"product_cat-arastirma-inceleme-islam","6":"product_cat-din","7":"product_cat-islam","8":"pa_cilt-ciltsiz","9":"pa_tur-kitap","10":"pa_yayinevi-destek-yayinlari","11":"pa_yazar-huseyin-atay","13":"first","14":"instock","15":"sale","16":"shipping-taxable","17":"purchasable","18":"product-type-simple"},"_links":{"self":[{"href":"https:\/\/roveyayinevi.com.tr\/index.php\/wp-json\/wp\/v2\/product\/745419","targetHints":{"allow":["GET"]}}],"collection":[{"href":"https:\/\/roveyayinevi.com.tr\/index.php\/wp-json\/wp\/v2\/product"}],"about":[{"href":"https:\/\/roveyayinevi.com.tr\/index.php\/wp-json\/wp\/v2\/types\/product"}],"wp:attachment":[{"href":"https:\/\/roveyayinevi.com.tr\/index.php\/wp-json\/wp\/v2\/media?parent=745419"}],"wp:term":[{"taxonomy":"product_brand","embeddable":true,"href":"https:\/\/roveyayinevi.com.tr\/index.php\/wp-json\/wp\/v2\/product_brand?post=745419"},{"taxonomy":"product_cat","embeddable":true,"href":"https:\/\/roveyayinevi.com.tr\/index.php\/wp-json\/wp\/v2\/product_cat?post=745419"},{"taxonomy":"product_tag","embeddable":true,"href":"https:\/\/roveyayinevi.com.tr\/index.php\/wp-json\/wp\/v2\/product_tag?post=745419"}],"curies":[{"name":"wp","href":"https:\/\/api.w.org\/{rel}","templated":true}]}}