{"id":745418,"date":"2025-08-28T02:18:56","date_gmt":"2025-08-27T23:18:56","guid":{"rendered":"https:\/\/roveyayinevi.com.tr\/index.php\/urun\/kurana-gore-arastirmalar-vi\/"},"modified":"2026-04-16T02:57:42","modified_gmt":"2026-04-15T23:57:42","slug":"kurana-gore-arastirmalar-vi","status":"publish","type":"product","link":"https:\/\/roveyayinevi.com.tr\/index.php\/urun\/kurana-gore-arastirmalar-vi\/","title":{"rendered":"Kur\u2019an\u2019a G\u00f6re Ara\u015ft\u0131rmalar VI"},"content":{"rendered":"<p>KUR\u2019AN\u2019IN ANLA\u015eILMA Y\u00d6NTEMLER\u0130 \u2022 \u00dcSLUP ZAMAN VE MEK\u00c2N \u2022 D\u0130L FELSEFES\u0130 \u2022 KISSALAR NES\u0130H \u2022 PEYGAMBER\u2019\u0130N ANLAYI\u015eI \u2022 D\u0130N &#8211; D\u0130N K\u00dcLT\u00dcR\u00dc B\u0130L\u0130NMES\u0130 GEREKEN \u0130L\u0130MLER \u2022 N\u0130YET \u2022 KAVRAMLAR D\u0130NDE MANTIK \u2022 S\u00dcNNET \u2022 C\u0130HAT   KUR\u2019AN\u2019DA BA\u015e\u00d6RT\u00dcS\u00dc \u2022 ERKEK M\u0130 \u015eEREFL\u0130D\u0130R, KADIN MI? KADIN ERKEK E\u015e\u0130TL\u0130\u011e\u0130 \u2022 KADIN VE ERKEK ARASINDA C\u0130NSEL \u0130L\u0130\u015eK\u0130 EVLENME: ME\u015eRU \u0130L\u0130\u015eK\u0130 \u2022 Z\u0130NA: ME\u015eRU OLMAYAN \u0130L\u0130\u015eK\u0130 Z\u0130NANIN TESP\u0130T\u0130 \u2022 BEK\u00c2RET \u2022 E\u015eC\u0130NSELL\u0130K BO\u015eANMA \u2022 KUR\u2019AN VE FEM\u0130N\u0130ZM \u2022 T\u00d6VBE \u0130SLAM\u2019A G\u00d6RE \u00c7ALI\u015eMA VE A\u0130LE PLANLAMASI <\/p>\n","protected":false},"excerpt":{"rendered":"<p>KUR\u2019AN\u2019IN ANLA\u015eILMA Y\u00d6NTEMLER\u0130 \u2022 \u00dcSLUP ZAMAN VE MEK\u00c2N \u2022 D\u0130L FELSEFES\u0130 \u2022 KISSALAR NES\u0130H \u2022 PEYGAMBER\u2019\u0130N ANLAYI\u015eI \u2022 D\u0130N &#8211; D\u0130N K\u00dcLT\u00dcR\u00dc B\u0130L\u0130NMES\u0130 GEREKEN \u0130L\u0130MLER \u2022<span class=\"excerpt-hellip\"> [\u2026]<\/span><\/p>\n","protected":false},"featured_media":0,"template":"","meta":{"_monsterinsights_skip_tracking":false,"_monsterinsights_sitenote_active":false,"_monsterinsights_sitenote_note":"","_monsterinsights_sitenote_category":0},"product_brand":[],"product_cat":[13036,12718,12719],"product_tag":[],"class_list":{"0":"post-745418","1":"product","2":"type-product","3":"status-publish","5":"product_cat-arastirma-inceleme-islam","6":"product_cat-din","7":"product_cat-islam","8":"pa_cilt-ciltsiz","9":"pa_tur-kitap","10":"pa_yayinevi-destek-yayinlari","11":"pa_yazar-huseyin-atay","13":"first","14":"instock","15":"sale","16":"shipping-taxable","17":"purchasable","18":"product-type-simple"},"_links":{"self":[{"href":"https:\/\/roveyayinevi.com.tr\/index.php\/wp-json\/wp\/v2\/product\/745418","targetHints":{"allow":["GET"]}}],"collection":[{"href":"https:\/\/roveyayinevi.com.tr\/index.php\/wp-json\/wp\/v2\/product"}],"about":[{"href":"https:\/\/roveyayinevi.com.tr\/index.php\/wp-json\/wp\/v2\/types\/product"}],"wp:attachment":[{"href":"https:\/\/roveyayinevi.com.tr\/index.php\/wp-json\/wp\/v2\/media?parent=745418"}],"wp:term":[{"taxonomy":"product_brand","embeddable":true,"href":"https:\/\/roveyayinevi.com.tr\/index.php\/wp-json\/wp\/v2\/product_brand?post=745418"},{"taxonomy":"product_cat","embeddable":true,"href":"https:\/\/roveyayinevi.com.tr\/index.php\/wp-json\/wp\/v2\/product_cat?post=745418"},{"taxonomy":"product_tag","embeddable":true,"href":"https:\/\/roveyayinevi.com.tr\/index.php\/wp-json\/wp\/v2\/product_tag?post=745418"}],"curies":[{"name":"wp","href":"https:\/\/api.w.org\/{rel}","templated":true}]}}