{"id":745417,"date":"2025-08-28T02:18:55","date_gmt":"2025-08-27T23:18:55","guid":{"rendered":"https:\/\/roveyayinevi.com.tr\/index.php\/urun\/kurana-gore-arastirmalar-iv\/"},"modified":"2026-04-16T02:57:42","modified_gmt":"2026-04-15T23:57:42","slug":"kurana-gore-arastirmalar-iv","status":"publish","type":"product","link":"https:\/\/roveyayinevi.com.tr\/index.php\/urun\/kurana-gore-arastirmalar-iv\/","title":{"rendered":"Kur\u2019an\u2019a G\u00f6re Ara\u015ft\u0131rmalar IV"},"content":{"rendered":"<p>DOGMA &#8211; TEOKRAS\u0130 \u2022 MED\u0130NE ANTLA\u015eMASI MEDEN\u0130YET TAR\u0130H\u0130NDEK\u0130 YEN\u0130 B\u0130R \u0130SLAM MEDEN\u0130YET\u0130 YUNAN MEDEN\u0130YET\u0130 \u2022 \u0130SLAM MEDEN\u0130YET\u0130 \u00c7A\u011eDA\u015e BATI MEDEN\u0130YET\u0130 B\u0130R\u0130NC\u0130 \u0130SLAM MEDEN\u0130YET\u0130N\u0130N \u00c7\u00d6K\u00dc\u015e\u00dc YEN\u0130 B\u0130R \u0130SLAM MEDEN\u0130YET\u0130N\u0130N DO\u011eU\u015eU \u0130NSANI EN SA\u011eLIKLI KONTROL EDEN \u00d6\u011eRET\u0130 D\u0130ND\u0130R \u0130BADET VE \u0130HLAS \u2022 TEM\u0130ZL\u0130K VE \u00c7E\u015e\u0130TLER\u0130 HAYIZLI KADININ TAVAFI CUMA HUTBELER\u0130 NASIL OLMALIDIR SAHUR VAKT\u0130N\u0130N TAY\u0130N VE TESP\u0130T\u0130 <\/p>\n","protected":false},"excerpt":{"rendered":"<p>DOGMA &#8211; TEOKRAS\u0130 \u2022 MED\u0130NE ANTLA\u015eMASI MEDEN\u0130YET TAR\u0130H\u0130NDEK\u0130 YEN\u0130 B\u0130R \u0130SLAM MEDEN\u0130YET\u0130 YUNAN MEDEN\u0130YET\u0130 \u2022 \u0130SLAM MEDEN\u0130YET\u0130 \u00c7A\u011eDA\u015e BATI MEDEN\u0130YET\u0130 B\u0130R\u0130NC\u0130 \u0130SLAM MEDEN\u0130YET\u0130N\u0130N \u00c7\u00d6K\u00dc\u015e\u00dc YEN\u0130 B\u0130R<span class=\"excerpt-hellip\"> [\u2026]<\/span><\/p>\n","protected":false},"featured_media":0,"template":"","meta":{"_monsterinsights_skip_tracking":false,"_monsterinsights_sitenote_active":false,"_monsterinsights_sitenote_note":"","_monsterinsights_sitenote_category":0},"product_brand":[],"product_cat":[13036,12718,12719],"product_tag":[],"class_list":{"0":"post-745417","1":"product","2":"type-product","3":"status-publish","5":"product_cat-arastirma-inceleme-islam","6":"product_cat-din","7":"product_cat-islam","8":"pa_cilt-ciltsiz","9":"pa_tur-kitap","10":"pa_yayinevi-destek-yayinlari","11":"pa_yazar-huseyin-atay","13":"first","14":"instock","15":"sale","16":"shipping-taxable","17":"purchasable","18":"product-type-simple"},"_links":{"self":[{"href":"https:\/\/roveyayinevi.com.tr\/index.php\/wp-json\/wp\/v2\/product\/745417","targetHints":{"allow":["GET"]}}],"collection":[{"href":"https:\/\/roveyayinevi.com.tr\/index.php\/wp-json\/wp\/v2\/product"}],"about":[{"href":"https:\/\/roveyayinevi.com.tr\/index.php\/wp-json\/wp\/v2\/types\/product"}],"wp:attachment":[{"href":"https:\/\/roveyayinevi.com.tr\/index.php\/wp-json\/wp\/v2\/media?parent=745417"}],"wp:term":[{"taxonomy":"product_brand","embeddable":true,"href":"https:\/\/roveyayinevi.com.tr\/index.php\/wp-json\/wp\/v2\/product_brand?post=745417"},{"taxonomy":"product_cat","embeddable":true,"href":"https:\/\/roveyayinevi.com.tr\/index.php\/wp-json\/wp\/v2\/product_cat?post=745417"},{"taxonomy":"product_tag","embeddable":true,"href":"https:\/\/roveyayinevi.com.tr\/index.php\/wp-json\/wp\/v2\/product_tag?post=745417"}],"curies":[{"name":"wp","href":"https:\/\/api.w.org\/{rel}","templated":true}]}}