{"id":745416,"date":"2025-08-28T02:18:54","date_gmt":"2025-08-27T23:18:54","guid":{"rendered":"https:\/\/roveyayinevi.com.tr\/index.php\/urun\/sahtekarlik-caginda-eglence\/"},"modified":"2026-04-16T02:57:42","modified_gmt":"2026-04-15T23:57:42","slug":"sahtekarlik-caginda-eglence","status":"publish","type":"product","link":"https:\/\/roveyayinevi.com.tr\/index.php\/urun\/sahtekarlik-caginda-eglence\/","title":{"rendered":"Sahtekarl\u0131k \u00c7a\u011f\u0131nda E\u011flence"},"content":{"rendered":"<p>SAH\u0130P OLMA ARZUSUNDAN DENEY\u0130MLEME ARZUSUNA E\u011eLENCE   Sahtek\u00e2rl\u0131k \u00e7a\u011f\u0131 insan\u0131 i\u00e7in art\u0131k tek bir d\u00fc\u015f\u00fcnceden s\u00f6z edebiliriz: E\u011fleniyorum o halde var\u0131m! \u00c7\u00fcnk\u00fc bug\u00fcn art\u0131k e\u011flenmek bir ihtiya\u00e7tan da \u00f6te bir g\u00f6revdir. Sahtek\u00e2rl\u0131k \u00e7a\u011f\u0131nda, i\u015f e\u011flenceli olmay\u0131 ama\u00e7lar, din e\u011flenceli olmay\u0131 ama\u00e7lar, hatta sava\u015f bile e\u011flenceli olmay\u0131 ama\u00e7lar. Bug\u00fcn e\u011flence k\u00fclt\u00fcrel geli\u015fmelere yan\u0131t olarak geli\u015fen ve genellikle hedonizm kadar maneviyat taraf\u0131ndan da motive edilen bir dizi yeni grup rit\u00fcelidir. E\u011flenceye g\u0131pta ile bak\u0131l\u0131r ve e\u011flenenler sek\u00fcler kurtar\u0131lm\u0131\u015flard\u0131r. Farkl\u0131 olmak i\u00e7in verilen sonsuz m\u00fccadelede e\u011flence z\u00fcppeli\u011fi, \u00f6zellikle stat\u00fc ve para sahibi olmayanlar i\u00e7in yeni ve \u00f6nemli bir stratejidir. Sosyal medyan\u0131n temel i\u015flevlerinden biri de insanlar\u0131 s\u00fcrekli e\u011fleniyormu\u015f gibi g\u00f6stermek, -m\u0131\u015f gibi hayatlar\u0131 beslemektir. Michael Foley, bu kitapta ni\u00e7in di\u011fer insanlar kadar \u201ce\u011flenmedi\u011finin\u201d pe\u015fine d\u00fc\u015f\u00fcyor, \u00e7a\u011f\u0131n mutluluk aray\u0131\u015f\u0131na ve her \u015feyin nas\u0131l yanl\u0131\u015f anla\u015f\u0131ld\u0131\u011f\u0131na bak\u0131yor. Kendine \u00f6zg\u00fc mizah anlay\u0131\u015f\u0131 ile danstan sekse, politikadan dinlere kadar pek \u00e7ok kavram\u0131 mercek alt\u0131na alarak, e\u011flencenin \u2013\u00e7o\u011fu insan\u0131n d\u00fc\u015f\u00fcnd\u00fc\u011f\u00fcn\u00fcn aksine\u2013 kolay, basit ya da belirli s\u0131n\u0131rlar\u0131n\u0131n olmad\u0131\u011f\u0131n\u0131, tan\u0131mlanmas\u0131 g\u00fc\u00e7, karma\u015f\u0131k ve devaml\u0131 de\u011fi\u015fen bir do\u011fas\u0131 oldu\u011funu ortaya koyuyor.   <\/p>\n","protected":false},"excerpt":{"rendered":"<p>SAH\u0130P OLMA ARZUSUNDAN DENEY\u0130MLEME ARZUSUNA E\u011eLENCE Sahtek\u00e2rl\u0131k \u00e7a\u011f\u0131 insan\u0131 i\u00e7in art\u0131k tek bir d\u00fc\u015f\u00fcnceden s\u00f6z edebiliriz: E\u011fleniyorum o halde var\u0131m! \u00c7\u00fcnk\u00fc bug\u00fcn art\u0131k e\u011flenmek bir ihtiya\u00e7tan<span class=\"excerpt-hellip\"> [\u2026]<\/span><\/p>\n","protected":false},"featured_media":0,"template":"","meta":{"_monsterinsights_skip_tracking":false,"_monsterinsights_sitenote_active":false,"_monsterinsights_sitenote_note":"","_monsterinsights_sitenote_category":0},"product_brand":[],"product_cat":[12365,12364],"product_tag":[],"class_list":{"0":"post-745416","1":"product","2":"type-product","3":"status-publish","5":"product_cat-diger-genel-konular","6":"product_cat-genel-konular","7":"pa_cilt-ciltsiz","8":"pa_tur-kitap","9":"pa_yayinevi-beyaz-baykus-yayinlari","10":"pa_yazar-michael-foley","12":"first","13":"instock","14":"sale","15":"shipping-taxable","16":"purchasable","17":"product-type-simple"},"_links":{"self":[{"href":"https:\/\/roveyayinevi.com.tr\/index.php\/wp-json\/wp\/v2\/product\/745416","targetHints":{"allow":["GET"]}}],"collection":[{"href":"https:\/\/roveyayinevi.com.tr\/index.php\/wp-json\/wp\/v2\/product"}],"about":[{"href":"https:\/\/roveyayinevi.com.tr\/index.php\/wp-json\/wp\/v2\/types\/product"}],"wp:attachment":[{"href":"https:\/\/roveyayinevi.com.tr\/index.php\/wp-json\/wp\/v2\/media?parent=745416"}],"wp:term":[{"taxonomy":"product_brand","embeddable":true,"href":"https:\/\/roveyayinevi.com.tr\/index.php\/wp-json\/wp\/v2\/product_brand?post=745416"},{"taxonomy":"product_cat","embeddable":true,"href":"https:\/\/roveyayinevi.com.tr\/index.php\/wp-json\/wp\/v2\/product_cat?post=745416"},{"taxonomy":"product_tag","embeddable":true,"href":"https:\/\/roveyayinevi.com.tr\/index.php\/wp-json\/wp\/v2\/product_tag?post=745416"}],"curies":[{"name":"wp","href":"https:\/\/api.w.org\/{rel}","templated":true}]}}