{"id":745415,"date":"2025-08-28T02:18:53","date_gmt":"2025-08-27T23:18:53","guid":{"rendered":"https:\/\/roveyayinevi.com.tr\/index.php\/urun\/dunya-cokerken-bizi-neler-bekliyor\/"},"modified":"2026-04-16T02:57:42","modified_gmt":"2026-04-15T23:57:42","slug":"dunya-cokerken-bizi-neler-bekliyor","status":"publish","type":"product","link":"https:\/\/roveyayinevi.com.tr\/index.php\/urun\/dunya-cokerken-bizi-neler-bekliyor\/","title":{"rendered":"D\u00fcnya \u00c7\u00f6kerken Bizi Neler Bekliyor?"},"content":{"rendered":"<p>HER \u015eEY\u0130N DE\u011e\u0130\u015eMES\u0130 GEREK\u0130YORDU K\u0130 HER \u015eEY AYNI KALAB\u0130LS\u0130N YA DA DAHA K\u00d6T\u00dcYE G\u0130DEB\u0130LS\u0130N.   D\u00fcnyan\u0131n \u00e7\u00f6k\u00fc\u015f\u00fc binlerce y\u0131ld\u0131r insanl\u0131\u011f\u0131n korkulu r\u00fcyas\u0131 olmu\u015ftur. \u0130klim krizi, \u00e7evresel felaketler ve t\u00fcrlerin yok olu\u015fu yoluyla ya\u015fanaca\u011f\u0131 hayal edilen t\u00fcyler \u00fcrpertici senaryo bug\u00fcn art\u0131k pandemiler, kapitalizm ve fa\u015fizm vir\u00fcsleri gibi di\u011fer pek \u00e7ok b\u00fcy\u00fck tehdidin birle\u015fmesiyle meydana gelen \u00e7arp\u0131\u015fmalar \u015feklinde ortaya \u00e7\u0131k\u0131yor. Peki ya asl\u0131nda d\u00fcnya \u00e7oktan \u00e7\u00f6kt\u00fcyse ve bizler \u00e7\u00f6k\u00fc\u015f sonras\u0131 bir \u00e7a\u011fda ya\u015f\u0131yorsak? Filozof Sre\u0107ko Horvat, D\u00fcnya \u00c7\u00f6kerken Bizi Neler Bekliyor kitab\u0131nda \u00e7\u00f6k\u00fc\u015f senaryolar\u0131na bamba\u015fka bir perspektifle bak\u0131yor. Gelecekte kap\u0131m\u0131z\u0131 \u00e7alaca\u011f\u0131n\u0131 d\u00fc\u015f\u00fcnd\u00fc\u011f\u00fcm\u00fcz \u00e7\u00f6k\u00fc\u015f\u00fcn d\u00fcnyan\u0131n farkl\u0131 yerlerinde halihaz\u0131rda ya\u015fand\u0131\u011f\u0131n\u0131 g\u00f6stererek \u00e7ok ge\u00e7 olmadan yok olu\u015fu \u00f6nlemenin yollar\u0131n\u0131n neler oldu\u011funu anlat\u0131yor. \u0130hmal edilmi\u015f filozof G\u00fcnther Anders\u2019in \u00e7al\u0131\u015fmalar\u0131ndan yola \u00e7\u0131kan Horvat, felsefi bir yakla\u015f\u0131mla \u00e7izdi\u011fi ana hatlarla, alternatiflerimizin art\u0131k yaln\u0131zca sosyalizm veya barbarl\u0131k olmad\u0131\u011f\u0131n\u0131, i\u015f i\u015ften ge\u00e7meden d\u00fcnyan\u0131n radikal bir \u015fekilde yeniden d\u00fczenlenmesi gerekti\u011fini, aksi takdirde kitlesel bir yok olu\u015fa s\u00fcr\u00fcklendi\u011fimizi dile getiriyor. D\u00fcnya \u00c7\u00f6kerken Bizi Neler Bekliyor yaln\u0131zca bug\u00fcnden yar\u0131n\u0131n \u00f6l\u00fclerinin yas\u0131n\u0131 tutmak i\u00e7in de\u011fil, ayn\u0131 zamanda g\u00fcc\u00fcm\u00fcz yetti\u011fince gelece\u011fimiz i\u00e7in m\u00fccadele etmek ad\u0131na acil bir \u00e7a\u011fr\u0131 niteli\u011fi ta\u015f\u0131yor. <\/p>\n","protected":false},"excerpt":{"rendered":"<p>HER \u015eEY\u0130N DE\u011e\u0130\u015eMES\u0130 GEREK\u0130YORDU K\u0130 HER \u015eEY AYNI KALAB\u0130LS\u0130N YA DA DAHA K\u00d6T\u00dcYE G\u0130DEB\u0130LS\u0130N. D\u00fcnyan\u0131n \u00e7\u00f6k\u00fc\u015f\u00fc binlerce y\u0131ld\u0131r insanl\u0131\u011f\u0131n korkulu r\u00fcyas\u0131 olmu\u015ftur. \u0130klim krizi, \u00e7evresel felaketler<span class=\"excerpt-hellip\"> [\u2026]<\/span><\/p>\n","protected":false},"featured_media":0,"template":"","meta":{"_monsterinsights_skip_tracking":false,"_monsterinsights_sitenote_active":false,"_monsterinsights_sitenote_note":"","_monsterinsights_sitenote_category":0},"product_brand":[],"product_cat":[12389,12388],"product_tag":[],"class_list":{"0":"post-745415","1":"product","2":"type-product","3":"status-publish","5":"product_cat-diger-felsefe","6":"product_cat-felsefe","7":"pa_cilt-ciltsiz","8":"pa_tur-kitap","9":"pa_yayinevi-beyaz-baykus-yayinlari","10":"pa_yazar-srecko-horvat","12":"first","13":"instock","14":"sale","15":"shipping-taxable","16":"purchasable","17":"product-type-simple"},"_links":{"self":[{"href":"https:\/\/roveyayinevi.com.tr\/index.php\/wp-json\/wp\/v2\/product\/745415","targetHints":{"allow":["GET"]}}],"collection":[{"href":"https:\/\/roveyayinevi.com.tr\/index.php\/wp-json\/wp\/v2\/product"}],"about":[{"href":"https:\/\/roveyayinevi.com.tr\/index.php\/wp-json\/wp\/v2\/types\/product"}],"wp:attachment":[{"href":"https:\/\/roveyayinevi.com.tr\/index.php\/wp-json\/wp\/v2\/media?parent=745415"}],"wp:term":[{"taxonomy":"product_brand","embeddable":true,"href":"https:\/\/roveyayinevi.com.tr\/index.php\/wp-json\/wp\/v2\/product_brand?post=745415"},{"taxonomy":"product_cat","embeddable":true,"href":"https:\/\/roveyayinevi.com.tr\/index.php\/wp-json\/wp\/v2\/product_cat?post=745415"},{"taxonomy":"product_tag","embeddable":true,"href":"https:\/\/roveyayinevi.com.tr\/index.php\/wp-json\/wp\/v2\/product_tag?post=745415"}],"curies":[{"name":"wp","href":"https:\/\/api.w.org\/{rel}","templated":true}]}}