{"id":745414,"date":"2025-08-28T02:18:52","date_gmt":"2025-08-27T23:18:52","guid":{"rendered":"https:\/\/roveyayinevi.com.tr\/index.php\/urun\/beynimiz-neden-uclarda-gezinir\/"},"modified":"2026-04-16T02:57:42","modified_gmt":"2026-04-15T23:57:42","slug":"beynimiz-neden-uclarda-gezinir","status":"publish","type":"product","link":"https:\/\/roveyayinevi.com.tr\/index.php\/urun\/beynimiz-neden-uclarda-gezinir\/","title":{"rendered":"Beynimiz Neden U\u00e7larda Gezinir?"},"content":{"rendered":"<p>BEYN\u0130M\u0130Z NASIL EVR\u0130MLE\u015e\u0130R VE NEDEN GEL\u0130\u015eMEZ?   Birka\u00e7 milyon y\u0131l \u00f6nce d\u00fcnya tart\u0131\u015fmas\u0131z daha basit olsa da, bir\u00e7ok y\u00f6nden \u00e7ok daha tehlikeliydi. Do\u011fal se\u00e7ilim bizi iki u\u00e7ta dolanan, siyah beyaz d\u00fc\u015f\u00fcnen beyinlerle donatt\u0131. Elbette bu bir tesad\u00fcf de\u011fildi \u00e7\u00fcnk\u00fc ikicil beyin, riski tespit etmede olduk\u00e7a ustayd\u0131. Tehditleri analiz etme, duyusal ortamdaki de\u011fi\u015fikliklere yan\u0131t verme yetene\u011fi, bir t\u00fcr olarak hayatta kalmam\u0131z i\u00e7in gerekliydi.   O zamandan beri d\u00fcnya geli\u015fti ama biz maalesef pek de\u011fi\u015femedik. Grinin de\u011fi\u015fik tonlar\u0131yla kar\u015f\u0131 kar\u015f\u0131ya kalan beynimiz g\u00f6rd\u00fc\u011f\u00fcm\u00fcz, duydu\u011fumuz ve deneyimledi\u011fimiz \u015feyleri y\u00f6netebilir ancak i\u015f basit kategorilere ay\u0131rmaya geldi\u011finde \u00e7\u0131k\u0131\u015f\u0131 zorlama e\u011filimi g\u00f6sterir. Bizim i\u00e7in sava\u015f ya da ka\u00e7 d\u0131\u015f\u0131nda ba\u015fka se\u00e7enek var m\u0131d\u0131r?   \u0130ngiliz Psikoloji Derne\u011fi \u00fcyesi olan, yirmi y\u0131ld\u0131r Oxford ve Cambridge \u00fcniversitelerinde ara\u015ft\u0131rma yapan \u00fcnl\u00fc evrim psikolo\u011fu Dr. Kevin Dutton, insanl\u0131\u011f\u0131n kendisi kadar eski bir sorun hakk\u0131nda yeni bir d\u00fc\u015f\u00fcnme bi\u00e7imini ortaya \u00e7\u0131karmak i\u00e7in zihnin perdelerini aral\u0131yor. Dutton, psikoloji, sinirbilim ve evrimsel biyolojideki en son geli\u015fmeleri kullanarak, \u00e7ok az ve \u00e7ok fazla karma\u015f\u0131kl\u0131\u011f\u0131n tuzaklar\u0131ndan ka\u00e7\u0131nmak i\u00e7in zihnimizi kategorilere ay\u0131rma ve ince ayar yapma e\u011filimimizi nas\u0131l optimize edebilece\u011fimizi g\u00f6steriyor. A\u015f\u0131r\u0131l\u0131\u011f\u0131n artt\u0131\u011f\u0131 bir d\u00f6nemde bilimsel bir uyan\u0131\u015f \u00e7a\u011fr\u0131s\u0131 olan bu kitap, gri maddemizi e\u011fitmek i\u00e7in d\u00fc\u015f\u00fcnd\u00fcr\u00fcc\u00fc, canland\u0131r\u0131c\u0131 ve \u00e7\u0131\u011f\u0131r a\u00e7an bir ders niteli\u011finde. <\/p>\n","protected":false},"excerpt":{"rendered":"<p>BEYN\u0130M\u0130Z NASIL EVR\u0130MLE\u015e\u0130R VE NEDEN GEL\u0130\u015eMEZ? Birka\u00e7 milyon y\u0131l \u00f6nce d\u00fcnya tart\u0131\u015fmas\u0131z daha basit olsa da, bir\u00e7ok y\u00f6nden \u00e7ok daha tehlikeliydi. Do\u011fal se\u00e7ilim bizi iki u\u00e7ta<span class=\"excerpt-hellip\"> [\u2026]<\/span><\/p>\n","protected":false},"featured_media":0,"template":"","meta":{"_monsterinsights_skip_tracking":false,"_monsterinsights_sitenote_active":false,"_monsterinsights_sitenote_note":"","_monsterinsights_sitenote_category":0},"product_brand":[],"product_cat":[25175,12357],"product_tag":[],"class_list":{"0":"post-745414","1":"product","2":"type-product","3":"status-publish","5":"product_cat-egitim-psikolojisi","6":"product_cat-psikoloji","7":"pa_cilt-ciltsiz","8":"pa_tur-kitap","9":"pa_yayinevi-beyaz-baykus-yayinlari","10":"pa_yazar-kevin-dutton","12":"first","13":"instock","14":"sale","15":"shipping-taxable","16":"purchasable","17":"product-type-simple"},"_links":{"self":[{"href":"https:\/\/roveyayinevi.com.tr\/index.php\/wp-json\/wp\/v2\/product\/745414","targetHints":{"allow":["GET"]}}],"collection":[{"href":"https:\/\/roveyayinevi.com.tr\/index.php\/wp-json\/wp\/v2\/product"}],"about":[{"href":"https:\/\/roveyayinevi.com.tr\/index.php\/wp-json\/wp\/v2\/types\/product"}],"wp:attachment":[{"href":"https:\/\/roveyayinevi.com.tr\/index.php\/wp-json\/wp\/v2\/media?parent=745414"}],"wp:term":[{"taxonomy":"product_brand","embeddable":true,"href":"https:\/\/roveyayinevi.com.tr\/index.php\/wp-json\/wp\/v2\/product_brand?post=745414"},{"taxonomy":"product_cat","embeddable":true,"href":"https:\/\/roveyayinevi.com.tr\/index.php\/wp-json\/wp\/v2\/product_cat?post=745414"},{"taxonomy":"product_tag","embeddable":true,"href":"https:\/\/roveyayinevi.com.tr\/index.php\/wp-json\/wp\/v2\/product_tag?post=745414"}],"curies":[{"name":"wp","href":"https:\/\/api.w.org\/{rel}","templated":true}]}}