{"id":745413,"date":"2025-08-28T02:18:51","date_gmt":"2025-08-27T23:18:51","guid":{"rendered":"https:\/\/roveyayinevi.com.tr\/index.php\/urun\/harputta-halay-sesi-var\/"},"modified":"2026-04-16T02:57:42","modified_gmt":"2026-04-15T23:57:42","slug":"harputta-halay-sesi-var","status":"publish","type":"product","link":"https:\/\/roveyayinevi.com.tr\/index.php\/urun\/harputta-halay-sesi-var\/","title":{"rendered":"Harput&#8217;ta Halay Sesi Var"},"content":{"rendered":"<p>T\u00fcrk halk oyunlar\u0131 hususunda birtak\u0131m \u00f6neriler ortaya koyman\u0131n bir hayli zor ve \u00e7etrefilli bir konu oldu\u011fu a\u00e7\u0131k\u00e7a bilinmektedir. \u00c7\u00fcnk\u00fc ne s\u00f6ylenirse s\u00f6ylensin mutlaka bir\u00e7ok odaktan olumsuz ele\u015ftiriler ve ortaya konan fikirlere, ideolojik ba\u011flamda kar\u015f\u0131s\u0131nda duran gruplar\u0131n oldu\u011fu da bilinmektedir. Uzun zamandan beri T\u00fcrkiye\u2019de ara\u015ft\u0131r\u0131lmayan, tart\u0131\u015fmal\u0131 konular \u00fczerinde g\u00f6r\u00fc\u015fler ortaya konuldu\u011fu zaman mutlaka kar\u015f\u0131 duru\u015flar ve aksini savunanlar olmu\u015ftur. Bunun yan\u0131nda ortaya konulan fikirler, kar\u015f\u0131 duranlar taraf\u0131ndan genellikle k\u00fc\u00e7\u00fcmsenmi\u015f ve horlanm\u0131\u015ft\u0131r. Bu durumun olu\u015fturdu\u011fu \u00e7ekimser havaya ba\u011fl\u0131 olarak bir\u00e7ok husus s\u00fcrekli has\u0131ralt\u0131 edilmi\u015ftir. Y\u0131llardan beri bu t\u00fcr tart\u0131\u015fmal\u0131 hususlar hakk\u0131nda ara\u015ft\u0131rmac\u0131lar da g\u00f6r\u00fc\u015flerini dile getirmeye pek cesaret edememi\u015ftir. Biz de b\u00f6ylesi tart\u0131\u015fmaya a\u00e7\u0131k olan bir k\u00fclt\u00fcr \u00f6\u011fesi hakk\u0131nda, yani Harput havzas\u0131 m\u00fczik ve oyun k\u00fclt\u00fcr\u00fc hakk\u0131nda her t\u00fcrl\u00fc tart\u0131\u015fmalara a\u00e7\u0131k olarak g\u00f6r\u00fc\u015flerimizi dile getirmeye \u00e7al\u0131\u015ft\u0131k. Harput havzas\u0131 halk oyunlar\u0131nda tespit edebildi\u011fimiz \u00e7ok eski T\u00fcrk k\u00fclt\u00fcr unsurlar\u0131n\u0131 ortaya koymaya \u00e7al\u0131\u015ft\u0131k. S\u00f6z konusu olan tespitlerin \u00f6nemli bir k\u0131sm\u0131n\u0131n yery\u00fcz\u00fcnde di\u011fer milletin k\u00fclt\u00fcrel uygulamalar\u0131nda da rastlamak pek \u00e2l\u00e2 m\u00fcmk\u00fcnd\u00fcr. \u00c7\u00fcnk\u00fc ayn\u0131 k\u00f6kenden do\u011fup geli\u015fen, \u00e7o\u011falan ve yery\u00fcz\u00fcn\u00fcn her yan\u0131na yay\u0131lan insano\u011flunun \u00e7ok do\u011fald\u0131r ki bir\u00e7ok k\u00fclt\u00fcr unsuru da birbirine benzeyecektir. K\u00fclt\u00fcrlerde bu t\u00fcr benzerlikler vard\u0131r diye ara\u015ft\u0131rmac\u0131lar\u0131n, topluluklardaki k\u00fclt\u00fcrel geli\u015fmeleri, de\u011fi\u015fmeleri incelemesi ve elde edilen veriler \u0131\u015f\u0131\u011f\u0131nda \u00e7e\u015fitli g\u00f6r\u00fc\u015fler ortaya koymas\u0131 da hi\u00e7 bitmeyecektir. Nas\u0131l ki akraba topluluklar\u0131n dilleri birbirlerine benziyor diye dil ara\u015ft\u0131rmalar\u0131 bitmiyorsa birbirine \u00e7ok benziyor diye halk oyunlar\u0131 gibi k\u00fclt\u00fcrel \u00f6\u011feler hakk\u0131ndaki ara\u015ft\u0131rmalar da bitmemelidir. <\/p>\n","protected":false},"excerpt":{"rendered":"<p>T\u00fcrk halk oyunlar\u0131 hususunda birtak\u0131m \u00f6neriler ortaya koyman\u0131n bir hayli zor ve \u00e7etrefilli bir konu oldu\u011fu a\u00e7\u0131k\u00e7a bilinmektedir. \u00c7\u00fcnk\u00fc ne s\u00f6ylenirse s\u00f6ylensin mutlaka bir\u00e7ok odaktan olumsuz<span class=\"excerpt-hellip\"> [\u2026]<\/span><\/p>\n","protected":false},"featured_media":0,"template":"","meta":{"_monsterinsights_skip_tracking":false,"_monsterinsights_sitenote_active":false,"_monsterinsights_sitenote_note":"","_monsterinsights_sitenote_category":0},"product_brand":[],"product_cat":[12370,12304],"product_tag":[],"class_list":{"0":"post-745413","1":"product","2":"type-product","3":"status-publish","5":"product_cat-arastirma-inceleme","6":"product_cat-tarih","7":"pa_cilt-ciltsiz","8":"pa_tur-kitap","9":"pa_yayinevi-gulnar-yayinlari","10":"pa_yazar-merdan-guven","12":"first","13":"instock","14":"sale","15":"shipping-taxable","16":"purchasable","17":"product-type-simple"},"_links":{"self":[{"href":"https:\/\/roveyayinevi.com.tr\/index.php\/wp-json\/wp\/v2\/product\/745413","targetHints":{"allow":["GET"]}}],"collection":[{"href":"https:\/\/roveyayinevi.com.tr\/index.php\/wp-json\/wp\/v2\/product"}],"about":[{"href":"https:\/\/roveyayinevi.com.tr\/index.php\/wp-json\/wp\/v2\/types\/product"}],"wp:attachment":[{"href":"https:\/\/roveyayinevi.com.tr\/index.php\/wp-json\/wp\/v2\/media?parent=745413"}],"wp:term":[{"taxonomy":"product_brand","embeddable":true,"href":"https:\/\/roveyayinevi.com.tr\/index.php\/wp-json\/wp\/v2\/product_brand?post=745413"},{"taxonomy":"product_cat","embeddable":true,"href":"https:\/\/roveyayinevi.com.tr\/index.php\/wp-json\/wp\/v2\/product_cat?post=745413"},{"taxonomy":"product_tag","embeddable":true,"href":"https:\/\/roveyayinevi.com.tr\/index.php\/wp-json\/wp\/v2\/product_tag?post=745413"}],"curies":[{"name":"wp","href":"https:\/\/api.w.org\/{rel}","templated":true}]}}