{"id":745411,"date":"2025-08-28T02:18:49","date_gmt":"2025-08-27T23:18:49","guid":{"rendered":"https:\/\/roveyayinevi.com.tr\/index.php\/urun\/serce-saati\/"},"modified":"2026-04-16T02:57:42","modified_gmt":"2026-04-15T23:57:42","slug":"serce-saati","status":"publish","type":"product","link":"https:\/\/roveyayinevi.com.tr\/index.php\/urun\/serce-saati\/","title":{"rendered":"Ser\u00e7e Saati"},"content":{"rendered":"<p>G\u00f6n\u00fcl her k\u0131r\u0131ld\u0131\u011f\u0131nda kendini yeniden b\u00fct\u00fcnle\u015ftirir, birbirine kar\u0131\u015fan g\u00f6r\u00fcnt\u00fcler toparlan\u0131r; yeniden kula\u00e7 atma vaktidir. Bu hep b\u00f6yle gider; d\u00fcnya hilaf\u0131na y\u00fczmek g\u00f6r\u00fcn\u00fc\u015fte \u00e7ok mesafe ald\u0131rmaz ama maksat m\u00fcstakim olmakt\u0131r ve kayna\u011fa ula\u015f\u0131lmam\u0131\u015f olsa da ki\u015fi hakikatte kaynakla daima birdir.<\/p>\n","protected":false},"excerpt":{"rendered":"<p>G\u00f6n\u00fcl her k\u0131r\u0131ld\u0131\u011f\u0131nda kendini yeniden b\u00fct\u00fcnle\u015ftirir, birbirine kar\u0131\u015fan g\u00f6r\u00fcnt\u00fcler toparlan\u0131r; yeniden kula\u00e7 atma vaktidir. Bu hep b\u00f6yle gider; d\u00fcnya hilaf\u0131na y\u00fczmek g\u00f6r\u00fcn\u00fc\u015fte \u00e7ok mesafe ald\u0131rmaz ama<span class=\"excerpt-hellip\"> [\u2026]<\/span><\/p>\n","protected":false},"featured_media":0,"template":"","meta":{"_monsterinsights_skip_tracking":false,"_monsterinsights_sitenote_active":false,"_monsterinsights_sitenote_note":"","_monsterinsights_sitenote_category":0},"product_brand":[],"product_cat":[12777,12291],"product_tag":[],"class_list":{"0":"post-745411","1":"product","2":"type-product","3":"status-publish","5":"product_cat-deneme","6":"product_cat-edebiyat","7":"pa_cilt-ciltsiz","8":"pa_tur-kitap","9":"pa_yayinevi-muhit-kitap","10":"pa_yazar-berat-demirci","12":"first","13":"instock","14":"sale","15":"shipping-taxable","16":"purchasable","17":"product-type-simple"},"_links":{"self":[{"href":"https:\/\/roveyayinevi.com.tr\/index.php\/wp-json\/wp\/v2\/product\/745411","targetHints":{"allow":["GET"]}}],"collection":[{"href":"https:\/\/roveyayinevi.com.tr\/index.php\/wp-json\/wp\/v2\/product"}],"about":[{"href":"https:\/\/roveyayinevi.com.tr\/index.php\/wp-json\/wp\/v2\/types\/product"}],"wp:attachment":[{"href":"https:\/\/roveyayinevi.com.tr\/index.php\/wp-json\/wp\/v2\/media?parent=745411"}],"wp:term":[{"taxonomy":"product_brand","embeddable":true,"href":"https:\/\/roveyayinevi.com.tr\/index.php\/wp-json\/wp\/v2\/product_brand?post=745411"},{"taxonomy":"product_cat","embeddable":true,"href":"https:\/\/roveyayinevi.com.tr\/index.php\/wp-json\/wp\/v2\/product_cat?post=745411"},{"taxonomy":"product_tag","embeddable":true,"href":"https:\/\/roveyayinevi.com.tr\/index.php\/wp-json\/wp\/v2\/product_tag?post=745411"}],"curies":[{"name":"wp","href":"https:\/\/api.w.org\/{rel}","templated":true}]}}