{"id":745410,"date":"2025-08-28T02:18:48","date_gmt":"2025-08-27T23:18:48","guid":{"rendered":"https:\/\/roveyayinevi.com.tr\/index.php\/urun\/insan-zihninde-on-yolculuk\/"},"modified":"2026-04-16T02:57:42","modified_gmt":"2026-04-15T23:57:42","slug":"insan-zihninde-on-yolculuk","status":"publish","type":"product","link":"https:\/\/roveyayinevi.com.tr\/index.php\/urun\/insan-zihninde-on-yolculuk\/","title":{"rendered":"\u0130nsan Zihninde On Yolculuk"},"content":{"rendered":"<p>\u201cB\u0130Z\u0130 B\u0130Z YAPAN GR\u0130 MADDE ASLINDA NED\u0130R VE NASIL \u00c7ALI\u015eIR?\u201d   Nas\u0131l g\u00f6r\u00fcyor, nas\u0131l anl\u0131yor ya da nas\u0131l hareket ediyoruz? \u00c7evremizi nas\u0131l alg\u0131l\u0131yor, \u00e7evremizdekilerle nas\u0131l ileti\u015fim kuruyoruz? Bunlar, beyin ve zihnimizi konu edinen bir\u00e7ok bilim alan\u0131n\u0131n cevap bulmaya \u00e7al\u0131\u015ft\u0131\u011f\u0131 sorulardan sadece birka\u00e7\u0131.   Kraliyet Enstit\u00fcs\u00fc\u2019n\u00fcn d\u00fczenledi\u011fi seminerlerden derlenen \u0130nsan Zihninde On Yolculuk psikoloji, n\u00f6roloji ve biyoloji alanlar\u0131ndaki uzmanlar\u0131n \u00e7al\u0131\u015fmalar\u0131n\u0131 bize sunarak, en \u00f6nemli organ\u0131m\u0131z\u0131n i\u015fleyi\u015fini a\u00e7\u0131klamaya \u00e7al\u0131\u015f\u0131rken ayn\u0131 zamanda onun ard\u0131ndaki gizli ve karma\u015f\u0131k d\u00fcnyay\u0131 da g\u00f6zler \u00f6n\u00fcne seriyor. <\/p>\n","protected":false},"excerpt":{"rendered":"<p>\u201cB\u0130Z\u0130 B\u0130Z YAPAN GR\u0130 MADDE ASLINDA NED\u0130R VE NASIL \u00c7ALI\u015eIR?\u201d Nas\u0131l g\u00f6r\u00fcyor, nas\u0131l anl\u0131yor ya da nas\u0131l hareket ediyoruz? \u00c7evremizi nas\u0131l alg\u0131l\u0131yor, \u00e7evremizdekilerle nas\u0131l ileti\u015fim kuruyoruz?<span class=\"excerpt-hellip\"> [\u2026]<\/span><\/p>\n","protected":false},"featured_media":0,"template":"","meta":{"_monsterinsights_skip_tracking":false,"_monsterinsights_sitenote_active":false,"_monsterinsights_sitenote_note":"","_monsterinsights_sitenote_category":0},"product_brand":[],"product_cat":[13005,37328],"product_tag":[],"class_list":{"0":"post-745410","1":"product","2":"type-product","3":"status-publish","5":"product_cat-bilim-muhendislik","6":"product_cat-diger-bilim-muhendislik","7":"pa_cilt-ciltsiz","8":"pa_tur-kitap","9":"pa_yayinevi-turkuvaz-kitap","10":"pa_yazar-catherine-de-lange","12":"first","13":"instock","14":"sale","15":"shipping-taxable","16":"purchasable","17":"product-type-simple"},"_links":{"self":[{"href":"https:\/\/roveyayinevi.com.tr\/index.php\/wp-json\/wp\/v2\/product\/745410","targetHints":{"allow":["GET"]}}],"collection":[{"href":"https:\/\/roveyayinevi.com.tr\/index.php\/wp-json\/wp\/v2\/product"}],"about":[{"href":"https:\/\/roveyayinevi.com.tr\/index.php\/wp-json\/wp\/v2\/types\/product"}],"wp:attachment":[{"href":"https:\/\/roveyayinevi.com.tr\/index.php\/wp-json\/wp\/v2\/media?parent=745410"}],"wp:term":[{"taxonomy":"product_brand","embeddable":true,"href":"https:\/\/roveyayinevi.com.tr\/index.php\/wp-json\/wp\/v2\/product_brand?post=745410"},{"taxonomy":"product_cat","embeddable":true,"href":"https:\/\/roveyayinevi.com.tr\/index.php\/wp-json\/wp\/v2\/product_cat?post=745410"},{"taxonomy":"product_tag","embeddable":true,"href":"https:\/\/roveyayinevi.com.tr\/index.php\/wp-json\/wp\/v2\/product_tag?post=745410"}],"curies":[{"name":"wp","href":"https:\/\/api.w.org\/{rel}","templated":true}]}}