{"id":745409,"date":"2025-08-28T02:18:47","date_gmt":"2025-08-27T23:18:47","guid":{"rendered":"https:\/\/roveyayinevi.com.tr\/index.php\/urun\/o-soruyu-biz-sormayalim\/"},"modified":"2026-04-16T02:57:42","modified_gmt":"2026-04-15T23:57:42","slug":"o-soruyu-biz-sormayalim","status":"publish","type":"product","link":"https:\/\/roveyayinevi.com.tr\/index.php\/urun\/o-soruyu-biz-sormayalim\/","title":{"rendered":"O Soruyu Biz Sormayal\u0131m"},"content":{"rendered":"<p>Yazar\u0131m\u0131z gazeteci \u0130brahim G\u00fcnd\u00fcz, kitab\u0131n yaz\u0131lma amac\u0131n\u0131 \u015fu \u015fekilde a\u00e7\u0131kl\u0131yor;               \u201cGazetecilerin nas\u0131l \u201csoru soramaz\u201d hale getirildiklerini merak ediyorsan\u0131z, Do\u011fan Medya\u2019n\u0131n son y\u0131llar\u0131nda neler ya\u015fand\u0131 bilmek istiyorsan\u0131z; anl\u0131 \u015fanl\u0131 medya organlar\u0131 tarafs\u0131zl\u0131ktan korkakl\u0131\u011fa nas\u0131l savruldu, reyting rekorlar\u0131 k\u0131ran b\u00fcltenler nas\u0131l \u201cizlenemez\u201d hale getirildi merak ediyorsan\u0131z bu kitab\u0131 okumal\u0131s\u0131n\u0131z\u2026\u201d          Neler var kitap da; \u00b7         TBMM\u2019deki gizli kameran\u0131n s\u0131rr\u0131 neydi? D\u00f6nemin Meclis Ba\u015fkan\u0131 B\u00fclent Ar\u0131n\u00e7, gizli kameray\u0131 \u00f6\u011frenince nas\u0131l tepki g\u00f6sterdi? Gizli kamera FET\u00d6\u2019n\u00fcn belden a\u015fa\u011f\u0131 operasyonlar\u0131n\u0131n ilklerinden miydi? \u00b7         S\u0131rlar\u0131yla giden Ya\u015far B\u00fcy\u00fckan\u0131t Pa\u015fa\u2019yla ABD\u2019de ge\u00e7en 9 g\u00fcn\u00fcn perde arkas\u0131&#8230; Rahmetli Filiz B\u00fcy\u00fckan\u0131t New York\u2019da gidilen lokantaya neden tepki g\u00f6sterdi? \u00b7         Baykal\u2019a kaset komplosunda o gece Meclis\u2019te neler oldu? Komplo g\u00f6r\u00fcnt\u00fclerini vekiller ilk nereden ve nas\u0131l izledi? CHP\u2019li vekiller kaset komplosunu nas\u0131l yorumlad\u0131? \u00b7         \u0130smail Cem\u2019le Afganistan ziyaretinde bizi Mezar-\u0131 \u015eerif \u2019e getiren T\u00fcrk Hava Kuvvetlerinin C-130 nakliye u\u00e7a\u011f\u0131n\u0131n kap\u0131s\u0131 a\u00e7\u0131ld\u0131\u011f\u0131nda bizi kim kar\u015f\u0131lad\u0131? \u00b7         Mehmet Ali Birand\u2019a, \u201cYa\u015f\u015fa be \u0130brahim!\u201d dedirten haber neydi? AKP\u2019li hangi kad\u0131n millletvekili bizi odaya kilitlemekte tehdit etti? \u00b7         \u0130ran\u2019\u0131n Tebriz kentinde sokakta g\u00f6r\u00fcnt\u00fc al\u0131rken \u0130ran polisi bizi neden g\u00f6zalt\u0131na ald\u0131? \u00b7         \u201cHak yemem, hakk\u0131m\u0131 da yedirmem\u201d slogan\u0131yla beyinlere kaz\u0131nan \u0130mamo\u011flu CHP\u2019nin parlayan yeni y\u0131ld\u0131z\u0131 m\u0131? \u00b7         Ankara\u2019da Kumrular facias\u0131nda bilinmeyen ayr\u0131nt\u0131y\u0131 nas\u0131l \u00e7\u00f6zd\u00fcm? \u00b7         Meslek hayat\u0131m\u0131n en ac\u0131tan haberlerinden birisi olan Manisa \u00c7alda\u011f\u0131\u2019ndaki do\u011fa ve orman katliam\u0131 haberimi kim engelledi? Birand neden \u00e7aresiz kald\u0131? \u00b7         T\u00fcrkiye\u2019yle Suriye\u2019yi sava\u015f\u0131n e\u015fi\u011fine getiren \u00d6calan gerilimimin ard\u0131ndan Adana Mutabakat\u0131 nas\u0131l imzaland\u0131? Nas\u0131l olmu\u015ftu da yaz\u0131l\u0131-s\u00f6zl\u00fc b\u00fct\u00fcn medyan\u0131n fellik fellik ara\u015ft\u0131rd\u0131\u011f\u0131 g\u00f6r\u00fc\u015fme yerini sadece biz bulabilmi\u015ftik. \u00b7         \u0130ngiltere\u2019nin Ankara B\u00fcy\u00fckel\u00e7isi Richard Moore, Kanal D\u2019den ayr\u0131lmama nas\u0131l sebep oldu?         Hepsi ve daha fazlas\u0131 bu kitapta.   \u0130yi okumalar diliyoruz. <\/p>\n","protected":false},"excerpt":{"rendered":"<p>Yazar\u0131m\u0131z gazeteci \u0130brahim G\u00fcnd\u00fcz, kitab\u0131n yaz\u0131lma amac\u0131n\u0131 \u015fu \u015fekilde a\u00e7\u0131kl\u0131yor; \u201cGazetecilerin nas\u0131l \u201csoru soramaz\u201d hale getirildiklerini merak ediyorsan\u0131z, Do\u011fan Medya\u2019n\u0131n son y\u0131llar\u0131nda neler ya\u015fand\u0131 bilmek istiyorsan\u0131z;<span class=\"excerpt-hellip\"> [\u2026]<\/span><\/p>\n","protected":false},"featured_media":0,"template":"","meta":{"_monsterinsights_skip_tracking":false,"_monsterinsights_sitenote_active":false,"_monsterinsights_sitenote_note":"","_monsterinsights_sitenote_category":0},"product_brand":[],"product_cat":[13590,12337],"product_tag":[],"class_list":{"0":"post-745409","1":"product","2":"type-product","3":"status-publish","5":"product_cat-arastirma-inceleme-politika-siyaset","6":"product_cat-politika-siyaset","7":"pa_cilt-ciltsiz","8":"pa_tur-kitap","9":"pa_yayinevi-galeati-yayincilik","10":"pa_yazar-ibrahim-gunduz","12":"first","13":"instock","14":"sale","15":"shipping-taxable","16":"purchasable","17":"product-type-simple"},"_links":{"self":[{"href":"https:\/\/roveyayinevi.com.tr\/index.php\/wp-json\/wp\/v2\/product\/745409","targetHints":{"allow":["GET"]}}],"collection":[{"href":"https:\/\/roveyayinevi.com.tr\/index.php\/wp-json\/wp\/v2\/product"}],"about":[{"href":"https:\/\/roveyayinevi.com.tr\/index.php\/wp-json\/wp\/v2\/types\/product"}],"wp:attachment":[{"href":"https:\/\/roveyayinevi.com.tr\/index.php\/wp-json\/wp\/v2\/media?parent=745409"}],"wp:term":[{"taxonomy":"product_brand","embeddable":true,"href":"https:\/\/roveyayinevi.com.tr\/index.php\/wp-json\/wp\/v2\/product_brand?post=745409"},{"taxonomy":"product_cat","embeddable":true,"href":"https:\/\/roveyayinevi.com.tr\/index.php\/wp-json\/wp\/v2\/product_cat?post=745409"},{"taxonomy":"product_tag","embeddable":true,"href":"https:\/\/roveyayinevi.com.tr\/index.php\/wp-json\/wp\/v2\/product_tag?post=745409"}],"curies":[{"name":"wp","href":"https:\/\/api.w.org\/{rel}","templated":true}]}}