{"id":745408,"date":"2025-08-28T02:18:45","date_gmt":"2025-08-27T23:18:45","guid":{"rendered":"https:\/\/roveyayinevi.com.tr\/index.php\/urun\/kacak-yolcu\/"},"modified":"2026-04-16T02:57:41","modified_gmt":"2026-04-15T23:57:41","slug":"kacak-yolcu","status":"publish","type":"product","link":"https:\/\/roveyayinevi.com.tr\/index.php\/urun\/kacak-yolcu\/","title":{"rendered":"Ka\u00e7ak Yolcu"},"content":{"rendered":"<p>&#8221;Korkmay\u0131n, biz dostuz!&#8221; diyenden korkmal\u0131 as\u0131l! Beklenmedik \u00f6yk\u00fcleri ola\u011fan\u00fcst\u00fc kurgulara d\u00f6n\u00fc\u015ft\u00fcrme yetene\u011fiyle tan\u0131nan Amerikal\u0131 yazar John David Anderson, &#8221;\u0130karus G\u00fcnl\u00fckleri&#8221; serisinin ilk halkas\u0131 Ka\u00e7ak Yolcu&#8217;da ibreyi bu kez bilimkurgu t\u00fcr\u00fcne \u00e7eviriyor ve macera dolu bir uzay operas\u0131na imza at\u0131yor.Uzay\u0131n derinliklerinde, tehlikeli bir sava\u015f\u0131n ortas\u0131nda, &#8221;kaybettiklerini&#8221; arayan on \u00fc\u00e7 ya\u015f\u0131ndaki bir \u00e7ocu\u011fun ba\u015f\u0131na gelen ak\u0131lalmaz olaylar\u0131 konu edinen kitap; sava\u015f ve bar\u0131\u015f, d\u00fcnya halklar\u0131n\u0131n sorunlar\u0131, teknolojinin gelece\u011fi, evrendeki yerimiz gibi derin mevzulara e\u011filerek yeni ufuklara d\u00fcmen k\u0131r\u0131yor. Gen\u00e7 okurlar\u0131 2050&#8217;li y\u0131llarda gezegeneler aras\u0131nda ge\u00e7en kovalamacal\u0131 bir ser\u00fcvene buyur eden roman, bilimkurgu \u015faheseri pek \u00e7ok filme ve kitaba yapt\u0131\u011f\u0131 say\u0131s\u0131z g\u00f6ndermeyle de g\u00fc\u00e7l\u00fc anlat\u0131s\u0131n\u0131 per\u00e7inliyor. Evrene ho\u015f geldiniz. Genellikle berbat bir yerdir&#8230;Leo, a\u011fabeyi Gareth ve babas\u0131 Dr. Fender&#8217;la birlikte uzun bir yolculuktad\u0131r. Taz\u0131 adl\u0131 uzay gemisinde, G\u00fcne\u015f Sistemi&#8217;nin \u00e7ok \u00f6tesinde, evrendeki en de\u011ferli kaynak olan ventasyumun izinde tam \u00fc\u00e7 y\u0131ld\u0131r s\u00fcr\u00fcklenmektedirler. Fakat yolculuklar\u0131 \u015fiddetli bir patlamayla kesilir, \u00e7\u00fcnk\u00fc D\u00fcnya ve Aykar gezegenlerinin ba\u015fd\u00fc\u015fman\u0131 Djar \u0130mparatorlu\u011fu, gemilerine hain bir sald\u0131r\u0131 d\u00fczenlemi\u015ftir. Leo, \u015fimdi babas\u0131ndan ve a\u011fabeyinden ayr\u0131, uzay\u0131n bamba\u015fka bir k\u00f6\u015fesine savrulur; \u00fcstelik kaderi de \u0130karus isimli bir korsan gemisinin ve onun tuhaf m\u00fcrettebat\u0131n\u0131n elindedir. Ailesine yeniden kavu\u015fmak ve galaksiyi saran devasa sava\u015ftan canl\u0131 kurtulmak i\u00e7inse yapabilecekleri \u00e7ok s\u0131n\u0131rl\u0131d\u0131r. Gidilmemesi gereken yerlere gitmek, belki de insan\u0131n do\u011fas\u0131nda vard\u0131&#8230;Bilimkurgu t\u00fcr\u00fcn\u00fcn t\u00fcm kodlar\u0131n\u0131 ba\u015far\u0131yla kullanan Ka\u00e7ak Yolcu, yaratt\u0131\u011f\u0131 kozmik maceran\u0131n arka plan\u0131nda aile, aidiyet, kay\u0131pla ba\u015fa \u00e7\u0131kma, cesaret edinme gibi manevi duygulara temas ederek, insanlarla kar\u015f\u0131 kar\u015f\u0131ya gelen d\u00fcnyad\u0131\u015f\u0131 varl\u0131klar\u0131n &#8221;eksik&#8221; y\u00f6nlerini de g\u00f6steriyor. Okurlar\u0131n ellerinden d\u00fc\u015f\u00fcremeyecekleri bu katmanl\u0131 roman, hedefe giden yol zor hatta bazen imk\u00e2n\u0131z bile olsa, asla pes etmemek gerekti\u011fini hat\u0131rlat\u0131yor. <\/p>\n","protected":false},"excerpt":{"rendered":"<p>&#8221;Korkmay\u0131n, biz dostuz!&#8221; diyenden korkmal\u0131 as\u0131l! Beklenmedik \u00f6yk\u00fcleri ola\u011fan\u00fcst\u00fc kurgulara d\u00f6n\u00fc\u015ft\u00fcrme yetene\u011fiyle tan\u0131nan Amerikal\u0131 yazar John David Anderson, &#8221;\u0130karus G\u00fcnl\u00fckleri&#8221; serisinin ilk halkas\u0131 Ka\u00e7ak Yolcu&#8217;da ibreyi<span class=\"excerpt-hellip\"> [\u2026]<\/span><\/p>\n","protected":false},"featured_media":0,"template":"","meta":{"_monsterinsights_skip_tracking":false,"_monsterinsights_sitenote_active":false,"_monsterinsights_sitenote_note":"","_monsterinsights_sitenote_category":0},"product_brand":[],"product_cat":[12291,12711],"product_tag":[],"class_list":{"0":"post-745408","1":"product","2":"type-product","3":"status-publish","5":"product_cat-edebiyat","6":"product_cat-roman-oyku","7":"pa_cilt-ciltsiz","8":"pa_tur-kitap","9":"pa_yayinevi-tudem-yayinlari","10":"pa_yazar-john-david-anderson","12":"first","13":"instock","14":"sale","15":"shipping-taxable","16":"purchasable","17":"product-type-simple"},"_links":{"self":[{"href":"https:\/\/roveyayinevi.com.tr\/index.php\/wp-json\/wp\/v2\/product\/745408","targetHints":{"allow":["GET"]}}],"collection":[{"href":"https:\/\/roveyayinevi.com.tr\/index.php\/wp-json\/wp\/v2\/product"}],"about":[{"href":"https:\/\/roveyayinevi.com.tr\/index.php\/wp-json\/wp\/v2\/types\/product"}],"wp:attachment":[{"href":"https:\/\/roveyayinevi.com.tr\/index.php\/wp-json\/wp\/v2\/media?parent=745408"}],"wp:term":[{"taxonomy":"product_brand","embeddable":true,"href":"https:\/\/roveyayinevi.com.tr\/index.php\/wp-json\/wp\/v2\/product_brand?post=745408"},{"taxonomy":"product_cat","embeddable":true,"href":"https:\/\/roveyayinevi.com.tr\/index.php\/wp-json\/wp\/v2\/product_cat?post=745408"},{"taxonomy":"product_tag","embeddable":true,"href":"https:\/\/roveyayinevi.com.tr\/index.php\/wp-json\/wp\/v2\/product_tag?post=745408"}],"curies":[{"name":"wp","href":"https:\/\/api.w.org\/{rel}","templated":true}]}}