{"id":745407,"date":"2025-08-28T02:18:45","date_gmt":"2025-08-27T23:18:45","guid":{"rendered":"https:\/\/roveyayinevi.com.tr\/index.php\/urun\/farkli-dusun-ciltli\/"},"modified":"2026-04-16T02:57:41","modified_gmt":"2026-04-15T23:57:41","slug":"farkli-dusun-ciltli","status":"publish","type":"product","link":"https:\/\/roveyayinevi.com.tr\/index.php\/urun\/farkli-dusun-ciltli\/","title":{"rendered":"Farkl\u0131 D\u00fc\u015f\u00fcn (Ciltli)"},"content":{"rendered":"<p>Farkl\u0131 D\u00fc\u015f\u00fcn, kendinizi s\u0131k\u0131\u015fm\u0131\u015f hissetti\u011finizde harekete ge\u00e7menizi sa\u011flayan elli aktiviteyle size ilham vermesi i\u00e7in tasarland\u0131. \u0130lham almak ya da yaln\u0131zca kendinizi iyi hissedece\u011finiz bir yolculu\u011fa \u00e7\u0131kmak i\u00e7in herhangi bir kart \u00e7ekin ve \u00f6nerilen etkinliklerden birini uygulay\u0131n. Ya da birka\u00e7 kart \u00e7ekin ve beklenmedik ba\u011flant\u0131lar kurmak; bu ba\u011flant\u0131lar\u0131n sizde uyand\u0131rd\u0131\u011f\u0131 etkileri izlemek i\u00e7in kartlar\u0131 takip edin. Konfor alan\u0131n\u0131z\u0131n d\u0131\u015f\u0131na \u00e7\u0131k\u0131n, bu ipu\u00e7lar\u0131n\u0131n sizi motive etmesine izin verin ve sadece yarat\u0131c\u0131 davranmaya ba\u015flay\u0131n. Bu desteyi tek ba\u015f\u0131n\u0131za kullan\u0131n veya bir grup insanla i\u015fbirli\u011fi yap\u0131n. \u0130ster yazar, ister sanat\u00e7\u0131, ister giri\u015fimci olun bu kartlar sizi muhte\u015fem bir d\u00f6n\u00fc\u015f\u00fcm\u00fcn e\u015fi\u011fine getirecek!<\/p>\n","protected":false},"excerpt":{"rendered":"<p>Farkl\u0131 D\u00fc\u015f\u00fcn, kendinizi s\u0131k\u0131\u015fm\u0131\u015f hissetti\u011finizde harekete ge\u00e7menizi sa\u011flayan elli aktiviteyle size ilham vermesi i\u00e7in tasarland\u0131. \u0130lham almak ya da yaln\u0131zca kendinizi iyi hissedece\u011finiz bir yolculu\u011fa \u00e7\u0131kmak<span class=\"excerpt-hellip\"> [\u2026]<\/span><\/p>\n","protected":false},"featured_media":0,"template":"","meta":{"_monsterinsights_skip_tracking":false,"_monsterinsights_sitenote_active":false,"_monsterinsights_sitenote_note":"","_monsterinsights_sitenote_category":0},"product_brand":[],"product_cat":[12755,12357],"product_tag":[],"class_list":{"0":"post-745407","1":"product","2":"type-product","3":"status-publish","5":"product_cat-gelisim-psikolojisi","6":"product_cat-psikoloji","7":"pa_cilt-ciltli","8":"pa_tur-kitap","9":"pa_yayinevi-sola-unitas","10":"pa_yazar-bonnie-smith-whitehouse","12":"first","13":"instock","14":"sale","15":"shipping-taxable","16":"purchasable","17":"product-type-simple"},"_links":{"self":[{"href":"https:\/\/roveyayinevi.com.tr\/index.php\/wp-json\/wp\/v2\/product\/745407","targetHints":{"allow":["GET"]}}],"collection":[{"href":"https:\/\/roveyayinevi.com.tr\/index.php\/wp-json\/wp\/v2\/product"}],"about":[{"href":"https:\/\/roveyayinevi.com.tr\/index.php\/wp-json\/wp\/v2\/types\/product"}],"wp:attachment":[{"href":"https:\/\/roveyayinevi.com.tr\/index.php\/wp-json\/wp\/v2\/media?parent=745407"}],"wp:term":[{"taxonomy":"product_brand","embeddable":true,"href":"https:\/\/roveyayinevi.com.tr\/index.php\/wp-json\/wp\/v2\/product_brand?post=745407"},{"taxonomy":"product_cat","embeddable":true,"href":"https:\/\/roveyayinevi.com.tr\/index.php\/wp-json\/wp\/v2\/product_cat?post=745407"},{"taxonomy":"product_tag","embeddable":true,"href":"https:\/\/roveyayinevi.com.tr\/index.php\/wp-json\/wp\/v2\/product_tag?post=745407"}],"curies":[{"name":"wp","href":"https:\/\/api.w.org\/{rel}","templated":true}]}}