{"id":745406,"date":"2025-08-28T02:18:43","date_gmt":"2025-08-27T23:18:43","guid":{"rendered":"https:\/\/roveyayinevi.com.tr\/index.php\/urun\/gizemli-kiz\/"},"modified":"2026-04-16T02:57:41","modified_gmt":"2026-04-15T23:57:41","slug":"gizemli-kiz","status":"publish","type":"product","link":"https:\/\/roveyayinevi.com.tr\/index.php\/urun\/gizemli-kiz\/","title":{"rendered":"Gizemli K\u0131z"},"content":{"rendered":"<p>\u201cT\u00fckenmi\u015f hayatlara inat bir umut \u00e7\u0131\u011fl\u0131\u011f\u0131, etraf\u0131 saran \u00f6l\u00fcm \u0131ss\u0131zl\u0131\u011f\u0131n\u0131n ortas\u0131nda hayatf\u0131\u015fk\u0131ran bir adayd\u0131 kul\u00fcbesi, kokusu yitmi\u015flerin aras\u0131nda buram buram ya\u015fam kokuyordu.\u201dGizemli K\u0131z; sapa bir kasabada, hayat\u0131n ola\u011fan ak\u0131\u015f\u0131nda ya\u015fayan insanlar\u0131n, ans\u0131z\u0131nhayatlar\u0131na nereden d\u00e2hil oldu\u011funu bilmedikleri bir k\u0131z \u00fczerinden \u015fekillenir.\u00d6l\u00fcm, ya\u015fam, ger\u00e7ek, bat\u0131l inan\u00e7, rit\u00fcel, din gibi olgular\u0131n ba\u011fda\u015f\u0131k bir toplumdakiyans\u0131malar\u0131n\u0131 g\u00f6rd\u00fc\u011f\u00fcm\u00fcz roman, s\u0131radan hayatlar\u0131n kap\u0131lar\u0131n\u0131 mahfi bir evrenden bizlerea\u00e7\u0131yor.Behiye I\u015f\u0131n, \u00f6n\u00fcnden ge\u00e7ip gitti\u011fimiz ama fark\u0131na bile varmad\u0131\u011f\u0131m\u0131z \u201chamu\u015fan\u201d hayatlar\u0131nperdesini bizler i\u00e7in kald\u0131r\u0131yor; as\u0131l ya\u015fam\u0131n nerede bitti\u011fini yal\u0131n ve mizahi bir dillesorguluyor.<\/p>\n","protected":false},"excerpt":{"rendered":"<p>\u201cT\u00fckenmi\u015f hayatlara inat bir umut \u00e7\u0131\u011fl\u0131\u011f\u0131, etraf\u0131 saran \u00f6l\u00fcm \u0131ss\u0131zl\u0131\u011f\u0131n\u0131n ortas\u0131nda hayatf\u0131\u015fk\u0131ran bir adayd\u0131 kul\u00fcbesi, kokusu yitmi\u015flerin aras\u0131nda buram buram ya\u015fam kokuyordu.\u201dGizemli K\u0131z; sapa bir kasabada,<span class=\"excerpt-hellip\"> [\u2026]<\/span><\/p>\n","protected":false},"featured_media":0,"template":"","meta":{"_monsterinsights_skip_tracking":false,"_monsterinsights_sitenote_active":false,"_monsterinsights_sitenote_note":"","_monsterinsights_sitenote_category":0},"product_brand":[],"product_cat":[12291,12711],"product_tag":[],"class_list":{"0":"post-745406","1":"product","2":"type-product","3":"status-publish","5":"product_cat-edebiyat","6":"product_cat-roman-oyku","7":"pa_cilt-ciltsiz","8":"pa_tur-kitap","9":"pa_yayinevi-ayrikotu-yayinlari","10":"pa_yazar-behiye-isin","12":"first","13":"instock","14":"sale","15":"shipping-taxable","16":"purchasable","17":"product-type-simple"},"_links":{"self":[{"href":"https:\/\/roveyayinevi.com.tr\/index.php\/wp-json\/wp\/v2\/product\/745406","targetHints":{"allow":["GET"]}}],"collection":[{"href":"https:\/\/roveyayinevi.com.tr\/index.php\/wp-json\/wp\/v2\/product"}],"about":[{"href":"https:\/\/roveyayinevi.com.tr\/index.php\/wp-json\/wp\/v2\/types\/product"}],"wp:attachment":[{"href":"https:\/\/roveyayinevi.com.tr\/index.php\/wp-json\/wp\/v2\/media?parent=745406"}],"wp:term":[{"taxonomy":"product_brand","embeddable":true,"href":"https:\/\/roveyayinevi.com.tr\/index.php\/wp-json\/wp\/v2\/product_brand?post=745406"},{"taxonomy":"product_cat","embeddable":true,"href":"https:\/\/roveyayinevi.com.tr\/index.php\/wp-json\/wp\/v2\/product_cat?post=745406"},{"taxonomy":"product_tag","embeddable":true,"href":"https:\/\/roveyayinevi.com.tr\/index.php\/wp-json\/wp\/v2\/product_tag?post=745406"}],"curies":[{"name":"wp","href":"https:\/\/api.w.org\/{rel}","templated":true}]}}