{"id":745405,"date":"2025-08-28T02:18:42","date_gmt":"2025-08-27T23:18:42","guid":{"rendered":"https:\/\/roveyayinevi.com.tr\/index.php\/urun\/tuhaf-bir-tehlike\/"},"modified":"2026-04-16T02:57:41","modified_gmt":"2026-04-15T23:57:41","slug":"tuhaf-bir-tehlike","status":"publish","type":"product","link":"https:\/\/roveyayinevi.com.tr\/index.php\/urun\/tuhaf-bir-tehlike\/","title":{"rendered":"Tuhaf Bir Tehlike"},"content":{"rendered":"<p>Tuhaf Bir Tehlike, d\u00fcnyay\u0131 korkun\u00e7 ve bilinmeyen bir tehditten korumak i\u00e7in aray\u0131\u015fa \u00e7\u0131km\u0131\u015f \u00fc\u00e7 arkada\u015f\u0131n ba\u015f d\u00f6nd\u00fcr\u00fcc\u00fc destan\u0131n\u0131 anlat\u0131yor. Nebula \u00f6d\u00fcll\u00fc ve New York Times\u2019\u0131n en \u00e7ok satan Yok Olu\u015f kitab\u0131n\u0131n yazar\u0131 Jeff VanderMeer\u2019in kaleminden&#8230; Jonathan Lambshead, merhum b\u00fcy\u00fckbabas\u0131n\u0131n miras b\u0131rakt\u0131\u011f\u0131 ve acayip \u015feylerle a\u011fz\u0131na kadar dolu olan malik\u00e2neyi devralabilmek i\u00e7in her \u015feyi kataloglamal\u0131d\u0131r. \u0130ki okul arkada\u015f\u0131n\u0131n da yard\u0131m\u0131yla kollar\u0131 s\u0131vad\u0131klar\u0131nda, k\u0131sa s\u00fcre i\u00e7inde evin tuhafl\u0131klardan \u00e7ok daha fazlas\u0131yla dolu oldu\u011funu ke\u015ffederler: Ev, Aurora adl\u0131 bir alternatif d\u00fcnyaya dair ipu\u00e7lar\u0131 i\u00e7eriyordur. Konu\u015fan hayvanlarla (ve sebzelerle) dolu, Avrupa\u2019n\u0131n s\u00fcrreal bir ayna aksi gibi duran bu versiyonda, k\u00f6t\u00fc \u015f\u00f6hretli \u0130ngiliz ok\u00fcltist Aleister Crowley, b\u00fcy\u00fcyle her taraf\u0131 yak\u0131p y\u0131kmakta, t\u00fcm d\u00fcnyaya bir kaos yaymaktad\u0131r. D\u00fc\u015fmanlardan daha \u00f6ng\u00f6r\u00fclemez m\u00fcttefiklerle kar\u015f\u0131la\u015ft\u0131k\u00e7a bir oraya bir buraya s\u00fcr\u00fcklenen Jonathan, d\u00fcnyam\u0131z\u0131 Aurora\u2019dan ayr\u0131 tutmaya adanm\u0131\u015f gizli bir toplulu\u011fun \u00fcyesi oldu\u011funu ke\u015ffeder. Her ke\u015fif kaderinin ve ge\u00e7mi\u015finin yapbozuna dair ona bir par\u00e7a daha vermektedir. Jonathan ve arkada\u015flar\u0131, k\u00f6t\u00fcl\u00fc\u011f\u00fcn pe\u015finde \u00f6l\u00fcmc\u00fcl aray\u0131\u015flar\u0131na devam ederken k\u00f6t\u00fcl\u00fck de onlar\u0131n pe\u015fine d\u00fc\u015fm\u00fc\u015ft\u00fcr.<\/p>\n","protected":false},"excerpt":{"rendered":"<p>Tuhaf Bir Tehlike, d\u00fcnyay\u0131 korkun\u00e7 ve bilinmeyen bir tehditten korumak i\u00e7in aray\u0131\u015fa \u00e7\u0131km\u0131\u015f \u00fc\u00e7 arkada\u015f\u0131n ba\u015f d\u00f6nd\u00fcr\u00fcc\u00fc destan\u0131n\u0131 anlat\u0131yor. Nebula \u00f6d\u00fcll\u00fc ve New York Times\u2019\u0131n en<span class=\"excerpt-hellip\"> [\u2026]<\/span><\/p>\n","protected":false},"featured_media":0,"template":"","meta":{"_monsterinsights_skip_tracking":false,"_monsterinsights_sitenote_active":false,"_monsterinsights_sitenote_note":"","_monsterinsights_sitenote_category":0},"product_brand":[],"product_cat":[12540,12291],"product_tag":[],"class_list":{"0":"post-745405","1":"product","2":"type-product","3":"status-publish","5":"product_cat-bilim-kurgu","6":"product_cat-edebiyat","7":"pa_cilt-ciltsiz","8":"pa_tur-kitap","9":"pa_yayinevi-epsilon-yayinlari","10":"pa_yazar-jeff-vandermeer","12":"first","13":"instock","14":"sale","15":"shipping-taxable","16":"purchasable","17":"product-type-simple"},"_links":{"self":[{"href":"https:\/\/roveyayinevi.com.tr\/index.php\/wp-json\/wp\/v2\/product\/745405","targetHints":{"allow":["GET"]}}],"collection":[{"href":"https:\/\/roveyayinevi.com.tr\/index.php\/wp-json\/wp\/v2\/product"}],"about":[{"href":"https:\/\/roveyayinevi.com.tr\/index.php\/wp-json\/wp\/v2\/types\/product"}],"wp:attachment":[{"href":"https:\/\/roveyayinevi.com.tr\/index.php\/wp-json\/wp\/v2\/media?parent=745405"}],"wp:term":[{"taxonomy":"product_brand","embeddable":true,"href":"https:\/\/roveyayinevi.com.tr\/index.php\/wp-json\/wp\/v2\/product_brand?post=745405"},{"taxonomy":"product_cat","embeddable":true,"href":"https:\/\/roveyayinevi.com.tr\/index.php\/wp-json\/wp\/v2\/product_cat?post=745405"},{"taxonomy":"product_tag","embeddable":true,"href":"https:\/\/roveyayinevi.com.tr\/index.php\/wp-json\/wp\/v2\/product_tag?post=745405"}],"curies":[{"name":"wp","href":"https:\/\/api.w.org\/{rel}","templated":true}]}}