{"id":745404,"date":"2025-08-28T02:18:40","date_gmt":"2025-08-27T23:18:40","guid":{"rendered":"https:\/\/roveyayinevi.com.tr\/index.php\/urun\/karanlik-lise-3\/"},"modified":"2026-04-16T02:57:41","modified_gmt":"2026-04-15T23:57:41","slug":"karanlik-lise-3","status":"publish","type":"product","link":"https:\/\/roveyayinevi.com.tr\/index.php\/urun\/karanlik-lise-3\/","title":{"rendered":"Karanl\u0131k Lise &#8211; 3"},"content":{"rendered":"<p>Yanl\u0131\u015f zamanda, yanl\u0131\u015f yerde, yanl\u0131\u015f ki\u015filerle bulunanlar\u0131n hikayesi; ressam\u0131na renkleri, m\u00fczisyenine notalar\u0131 unutturur. Hayatta \u00f6yle ger\u00e7ekler vard\u0131r ki i\u00e7lerinde kendi g\u00f6lgeni bulmak bile cesaret ister. Peki, sen kendi g\u00f6lgeni ke\u015ffetmeye haz\u0131r m\u0131s\u0131n?(Tan\u0131t\u0131m B\u00fclteninden)<\/p>\n","protected":false},"excerpt":{"rendered":"<p>Yanl\u0131\u015f zamanda, yanl\u0131\u015f yerde, yanl\u0131\u015f ki\u015filerle bulunanlar\u0131n hikayesi; ressam\u0131na renkleri, m\u00fczisyenine notalar\u0131 unutturur. Hayatta \u00f6yle ger\u00e7ekler vard\u0131r ki i\u00e7lerinde kendi g\u00f6lgeni bulmak bile cesaret ister. Peki,<span class=\"excerpt-hellip\"> [\u2026]<\/span><\/p>\n","protected":false},"featured_media":0,"template":"","meta":{"_monsterinsights_skip_tracking":false,"_monsterinsights_sitenote_active":false,"_monsterinsights_sitenote_note":"","_monsterinsights_sitenote_category":0},"product_brand":[],"product_cat":[12291,12711],"product_tag":[],"class_list":{"0":"post-745404","1":"product","2":"type-product","3":"status-publish","5":"product_cat-edebiyat","6":"product_cat-roman-oyku","7":"pa_cilt-ciltsiz","8":"pa_tur-kitap","9":"pa_yayinevi-epsilon-yayinlari","10":"pa_yazar-alya-oztanyel","12":"first","13":"instock","14":"sale","15":"shipping-taxable","16":"purchasable","17":"product-type-simple"},"_links":{"self":[{"href":"https:\/\/roveyayinevi.com.tr\/index.php\/wp-json\/wp\/v2\/product\/745404","targetHints":{"allow":["GET"]}}],"collection":[{"href":"https:\/\/roveyayinevi.com.tr\/index.php\/wp-json\/wp\/v2\/product"}],"about":[{"href":"https:\/\/roveyayinevi.com.tr\/index.php\/wp-json\/wp\/v2\/types\/product"}],"wp:attachment":[{"href":"https:\/\/roveyayinevi.com.tr\/index.php\/wp-json\/wp\/v2\/media?parent=745404"}],"wp:term":[{"taxonomy":"product_brand","embeddable":true,"href":"https:\/\/roveyayinevi.com.tr\/index.php\/wp-json\/wp\/v2\/product_brand?post=745404"},{"taxonomy":"product_cat","embeddable":true,"href":"https:\/\/roveyayinevi.com.tr\/index.php\/wp-json\/wp\/v2\/product_cat?post=745404"},{"taxonomy":"product_tag","embeddable":true,"href":"https:\/\/roveyayinevi.com.tr\/index.php\/wp-json\/wp\/v2\/product_tag?post=745404"}],"curies":[{"name":"wp","href":"https:\/\/api.w.org\/{rel}","templated":true}]}}