{"id":745403,"date":"2025-08-28T02:18:39","date_gmt":"2025-08-27T23:18:39","guid":{"rendered":"https:\/\/roveyayinevi.com.tr\/index.php\/urun\/devrimci-lafazanlik\/"},"modified":"2026-04-16T02:57:41","modified_gmt":"2026-04-15T23:57:41","slug":"devrimci-lafazanlik","status":"publish","type":"product","link":"https:\/\/roveyayinevi.com.tr\/index.php\/urun\/devrimci-lafazanlik\/","title":{"rendered":"Devrimci Lafazanl\u0131k"},"content":{"rendered":"<p>Kitap Tan\u0131t\u0131m Yaz\u0131s\u0131 :  Ekim ve Kas\u0131m\u2019da s\u00fcrekli bir zafer y\u00fcr\u00fcy\u00fc\u015f\u00fc \u2013 ard\u0131ndan, birka\u00e7 hafta i\u00e7inde Rusya devrimi aniden Alman istilac\u0131lar kar\u015f\u0131s\u0131nda bir yenilgiye u\u011fruyor; Rusya devrimi a\u015fa\u011f\u0131l\u0131k bir antla\u015fman\u0131n ko\u015fullar\u0131n\u0131 kabul etmeye haz\u0131rd\u0131r. Evet, tarihte k\u0131r\u0131lma noktalar\u0131 \u00e7ok ac\u0131 verici olur. B\u00f6yle her durum bize ac\u0131 verir. 1907\u2019de, Stolypin ile o inan\u0131lmaz derecede utan\u00e7 verici i\u00e7 anla\u015fmay\u0131 imzalad\u0131\u011f\u0131m\u0131zda, Stolypin Dumas\u0131 denilen o domuz ah\u0131r\u0131na girmek zorunda kald\u0131\u011f\u0131m\u0131zda, monar\u015fist k\u00e2\u011f\u0131t par\u00e7alar\u0131n\u0131 imzalayarak(32) sorumluluk alt\u0131na girdi\u011fimizde, bug\u00fcn ya\u015fad\u0131klar\u0131m\u0131z\u0131 daha k\u00fc\u00e7\u00fck bir \u00f6l\u00e7ekte ya\u015fam\u0131\u015ft\u0131k. O tarihte, devrimin en \u00f6n saflar\u0131nda olanlar\u0131n aras\u0131nda yer alan insanlar, \u201cBiz onurlu devrimcileriz, asla legal Stolypin kurumlar\u0131na girmeyece\u011fiz\u201d demi\u015flerdi (ve onlar\u0131n da do\u011fruyu s\u00f6ylediklerinden en k\u00fc\u00e7\u00fck bir ku\u015fkular\u0131 yoktu). Evet, gireceksiniz demi\u015ftik. Kitlelerin ya\u015fam\u0131, tarih, sizin kar\u015f\u0131 \u00e7\u0131k\u0131\u015flar\u0131n\u0131zdan daha g\u00fc\u00e7l\u00fcd\u00fcr. E\u011fer siz oraya gitmezseniz, tarih sizi gitmek zorunda b\u0131rakacakt\u0131r demi\u015ftik. Onlar \u00e7ok Sol\u2019da olan insanlard\u0131 ve tarihin o ilk k\u0131r\u0131lma noktas\u0131ndan sonra grup olarak onlardan geriye hi\u00e7bir \u015fey kalmad\u0131.  Nas\u0131l devrimciler olarak konumumuzu korudu\u011fumuzu kan\u0131tlayabildiysek, \u00e7ok g\u00fc\u00e7 ko\u015fullar alt\u0131nda \u00e7al\u0131\u015fabildi\u011fimizi ve o ko\u015fullarla ba\u015fa \u00e7\u0131kabildi\u011fimizi kan\u0131tlayabildiysek, bug\u00fcn de g\u00fc\u00e7l\u00fckleri yenebilece\u011fiz; \u00e7\u00fcnk\u00fc bu bizim kendi isteklerimize ba\u011fl\u0131 bir \u015fey de\u011fil, \u00e7ok a\u011f\u0131r y\u0131k\u0131ma u\u011fram\u0131\u015f bir \u00fclkenin durumundan kaynaklanan objektif bir gerekliliktir, \u00e7\u00fcnk\u00fc bizim b\u00fct\u00fcn \u00fcmitlerimize kar\u015f\u0131n Avrupa devrimi gecikmi\u015f ve bizim tersini beklememize kar\u015f\u0131n Alman emperyalizmi sald\u0131r\u0131ya ge\u00e7ecek cesareti bulmu\u015ftur.                                                                                                           V.I. Lenin<\/p>\n","protected":false},"excerpt":{"rendered":"<p>Kitap Tan\u0131t\u0131m Yaz\u0131s\u0131 : Ekim ve Kas\u0131m\u2019da s\u00fcrekli bir zafer y\u00fcr\u00fcy\u00fc\u015f\u00fc \u2013 ard\u0131ndan, birka\u00e7 hafta i\u00e7inde Rusya devrimi aniden Alman istilac\u0131lar kar\u015f\u0131s\u0131nda bir yenilgiye u\u011fruyor; Rusya<span class=\"excerpt-hellip\"> [\u2026]<\/span><\/p>\n","protected":false},"featured_media":0,"template":"","meta":{"_monsterinsights_skip_tracking":false,"_monsterinsights_sitenote_active":false,"_monsterinsights_sitenote_note":"","_monsterinsights_sitenote_category":0},"product_brand":[],"product_cat":[12337,14706],"product_tag":[],"class_list":{"0":"post-745403","1":"product","2":"type-product","3":"status-publish","5":"product_cat-politika-siyaset","6":"product_cat-siyaset-bilimi","7":"pa_cilt-ciltsiz","8":"pa_tur-kitap","9":"pa_yayinevi-bilim-ve-sosyalizm-yayinlari","10":"pa_yazar-lenin","12":"first","13":"instock","14":"sale","15":"shipping-taxable","16":"purchasable","17":"product-type-simple"},"_links":{"self":[{"href":"https:\/\/roveyayinevi.com.tr\/index.php\/wp-json\/wp\/v2\/product\/745403","targetHints":{"allow":["GET"]}}],"collection":[{"href":"https:\/\/roveyayinevi.com.tr\/index.php\/wp-json\/wp\/v2\/product"}],"about":[{"href":"https:\/\/roveyayinevi.com.tr\/index.php\/wp-json\/wp\/v2\/types\/product"}],"wp:attachment":[{"href":"https:\/\/roveyayinevi.com.tr\/index.php\/wp-json\/wp\/v2\/media?parent=745403"}],"wp:term":[{"taxonomy":"product_brand","embeddable":true,"href":"https:\/\/roveyayinevi.com.tr\/index.php\/wp-json\/wp\/v2\/product_brand?post=745403"},{"taxonomy":"product_cat","embeddable":true,"href":"https:\/\/roveyayinevi.com.tr\/index.php\/wp-json\/wp\/v2\/product_cat?post=745403"},{"taxonomy":"product_tag","embeddable":true,"href":"https:\/\/roveyayinevi.com.tr\/index.php\/wp-json\/wp\/v2\/product_tag?post=745403"}],"curies":[{"name":"wp","href":"https:\/\/api.w.org\/{rel}","templated":true}]}}