{"id":745401,"date":"2025-08-28T02:18:36","date_gmt":"2025-08-27T23:18:36","guid":{"rendered":"https:\/\/roveyayinevi.com.tr\/index.php\/urun\/sozel-cocuk\/"},"modified":"2026-04-16T02:57:41","modified_gmt":"2026-04-15T23:57:41","slug":"sozel-cocuk","status":"publish","type":"product","link":"https:\/\/roveyayinevi.com.tr\/index.php\/urun\/sozel-cocuk\/","title":{"rendered":"S\u00f6zel \u00c7ocuk"},"content":{"rendered":"<p>Mert merakl\u0131, ara\u015ft\u0131rmay\u0131, okumay\u0131 seven ama yazmay\u0131 sevmeyen bir s\u00f6zel \u00e7ocuk. Bir g\u00fcn, sokaktan ge\u00e7erken at\u0131k toplay\u0131c\u0131 Musti&#8217;yi g\u00f6r\u00fcyor ve onun ya\u015fam\u0131n\u0131 de\u011fi\u015ftirmek i\u00e7in ailesinden, \u00f6\u011fretmeninden yard\u0131m isteyip \u00e7\u00f6z\u00fcm ar\u0131yor. Peki Mert, Musti&#8217;ye yard\u0131m edebilecek mi? Mert&#8217;in sonsuz merak\u0131yla zenginle\u015fen bu e\u011flenceli hik\u00e2ye, okurlar\u0131 farkl\u0131 hayatlar\u0131 d\u00fc\u015f\u00fcnmeye, toplum olman\u0131n gerekliliklerini sorgulamaya davet ediyor. Hidayet Karaku\u015f \u00e7ok sevilen Say\u0131sal \u00c7ocuk kitab\u0131n\u0131n ard\u0131ndan bu kez bir \u201cS\u00f6zel \u00c7ocuk\u201d hik\u00e2yesi anlat\u0131yor.<\/p>\n","protected":false},"excerpt":{"rendered":"<p>Mert merakl\u0131, ara\u015ft\u0131rmay\u0131, okumay\u0131 seven ama yazmay\u0131 sevmeyen bir s\u00f6zel \u00e7ocuk. Bir g\u00fcn, sokaktan ge\u00e7erken at\u0131k toplay\u0131c\u0131 Musti&#8217;yi g\u00f6r\u00fcyor ve onun ya\u015fam\u0131n\u0131 de\u011fi\u015ftirmek i\u00e7in ailesinden, \u00f6\u011fretmeninden<span class=\"excerpt-hellip\"> [\u2026]<\/span><\/p>\n","protected":false},"featured_media":0,"template":"","meta":{"_monsterinsights_skip_tracking":false,"_monsterinsights_sitenote_active":false,"_monsterinsights_sitenote_note":"","_monsterinsights_sitenote_category":0},"product_brand":[],"product_cat":[12689,12274],"product_tag":[],"class_list":{"0":"post-745401","1":"product","2":"type-product","3":"status-publish","5":"product_cat-cizgi-roman-cocuk-ve-genclik-kitaplari","6":"product_cat-cocuk-ve-genclik-kitaplari","7":"pa_cilt-ciltsiz","8":"pa_tur-kitap","9":"pa_yayinevi-bilgi-yayinevi","10":"pa_yazar-hidayet-karakus","12":"first","13":"instock","14":"sale","15":"shipping-taxable","16":"purchasable","17":"product-type-simple"},"_links":{"self":[{"href":"https:\/\/roveyayinevi.com.tr\/index.php\/wp-json\/wp\/v2\/product\/745401","targetHints":{"allow":["GET"]}}],"collection":[{"href":"https:\/\/roveyayinevi.com.tr\/index.php\/wp-json\/wp\/v2\/product"}],"about":[{"href":"https:\/\/roveyayinevi.com.tr\/index.php\/wp-json\/wp\/v2\/types\/product"}],"wp:attachment":[{"href":"https:\/\/roveyayinevi.com.tr\/index.php\/wp-json\/wp\/v2\/media?parent=745401"}],"wp:term":[{"taxonomy":"product_brand","embeddable":true,"href":"https:\/\/roveyayinevi.com.tr\/index.php\/wp-json\/wp\/v2\/product_brand?post=745401"},{"taxonomy":"product_cat","embeddable":true,"href":"https:\/\/roveyayinevi.com.tr\/index.php\/wp-json\/wp\/v2\/product_cat?post=745401"},{"taxonomy":"product_tag","embeddable":true,"href":"https:\/\/roveyayinevi.com.tr\/index.php\/wp-json\/wp\/v2\/product_tag?post=745401"}],"curies":[{"name":"wp","href":"https:\/\/api.w.org\/{rel}","templated":true}]}}