{"id":745400,"date":"2025-08-28T02:18:35","date_gmt":"2025-08-27T23:18:35","guid":{"rendered":"https:\/\/roveyayinevi.com.tr\/index.php\/urun\/seyitomer-hoyuk-kurtarma-kazisi-1989-2021\/"},"modified":"2026-04-16T02:57:41","modified_gmt":"2026-04-15T23:57:41","slug":"seyitomer-hoyuk-kurtarma-kazisi-1989-2021","status":"publish","type":"product","link":"https:\/\/roveyayinevi.com.tr\/index.php\/urun\/seyitomer-hoyuk-kurtarma-kazisi-1989-2021\/","title":{"rendered":"Seyit\u00f6mer H\u00f6y\u00fck Kurtarma Kaz\u0131s\u0131 1989-2021"},"content":{"rendered":"<p>Seyit\u00f6mer H\u00f6y\u00fck kaz\u0131lar\u0131 ilk defa 1989 y\u0131l\u0131nda yap\u0131lmaya ba\u015flanm\u0131\u015ft\u0131r.  1989 y\u0131l\u0131ndan g\u00fcn\u00fcm\u00fcze kadar ge\u00e7en zaman i\u00e7inde arkeolojik kaz\u0131lar Afyon M\u00fczesi, Eski\u015fehir M\u00fczesi, K\u00fctahya Dumlup\u0131nar \u00dcniversitesi ve K\u00fctahya M\u00fczesi olmak \u00fczere d\u00f6rt farkl\u0131 kurum taraf\u0131ndan ger\u00e7ekle\u015ftirilmi\u015ftir. Toplamda ise on dokuz kaz\u0131 sezonu boyunca h\u00f6y\u00fckte kaz\u0131 ger\u00e7ekle\u015ftirilmi\u015f ve I-Roma, II-Helenistik (A\/B), III-Demir \u00c7a\u011f\u0131 (A\/B), IV-Orta Tun\u00e7 \u00c7a\u011f\u0131 (A\/B\/C), V-Erken Tun\u00e7 \u00c7a\u011f\u0131 III (A\/BC\/D), VI- ET\u00c7 II-III Ge\u00e7i\u015f, VI- Erken Tun\u00e7 \u00c7a\u011f\u0131 II (A\/B\/C\/D) olmak \u00fczere alt\u0131 tabaka tespit edilmi\u015ftir. Bu tabakalar\u0131n (VI-B\/C\/Dd\u0131\u015f\u0131nda) kaz\u0131s\u0131 b\u00fcy\u00fck oranda tamamlanm\u0131\u015ft\u0131r.    Seyit\u00f6mer H\u00f6y\u00fck kaz\u0131lar\u0131ndan elde edilen verilerin sonu\u00e7lar\u0131 \u00f6zellikle son on y\u0131lda, konumu ve buluntular\u0131 ile \u00f6nemli bir yerle\u015fim oldu\u011funu ortaya koymu\u015ftur. Ayr\u0131ca kaz\u0131n\u0131n uzun s\u00fcreli olmas\u0131, tabaka takibinin yap\u0131larak yatay d\u00fczlemde alan\u0131n tamam\u0131nda \u00e7al\u0131\u015f\u0131lmas\u0131 ile de ilgili olarak \u00e7ok say\u0131da in-situ buluntu a\u00e7\u0131\u011fa \u00e7\u0131kar\u0131lm\u0131\u015ft\u0131r. Bu nedenle g\u00fcn\u00fcm\u00fcze kadar yay\u0131mlanan kaz\u0131 sonu\u00e7lar\u0131, tezler, makaleler ve bir kitap, verilerin ortaya konulmas\u0131nda \u00e7ok yetersiz kalm\u0131\u015ft\u0131r. \u201cSeyit\u00f6mer H\u00f6y\u00fck 1989- 2021\u201d ba\u015fl\u0131kl\u0131 kitap ise bir nebze de olsa bu eksikli\u011fi gidermek, 1989 y\u0131l\u0131ndan bu yana kaz\u0131 ile ilgili s\u00fcre\u00e7leri ve verileri toparlayarak kaz\u0131y\u0131 bir b\u00fct\u00fcn olarak sunmay\u0131 ama\u00e7 edinip, \u00f6zelde Bat\u0131 Anadolu arkeolojisine, genelde ise Anadolu arkeolojisine katk\u0131 sa\u011flamak amac\u0131yla gerekli g\u00f6r\u00fclm\u00fc\u015ft\u00fcr. <\/p>\n","protected":false},"excerpt":{"rendered":"<p>Seyit\u00f6mer H\u00f6y\u00fck kaz\u0131lar\u0131 ilk defa 1989 y\u0131l\u0131nda yap\u0131lmaya ba\u015flanm\u0131\u015ft\u0131r. 1989 y\u0131l\u0131ndan g\u00fcn\u00fcm\u00fcze kadar ge\u00e7en zaman i\u00e7inde arkeolojik kaz\u0131lar Afyon M\u00fczesi, Eski\u015fehir M\u00fczesi, K\u00fctahya Dumlup\u0131nar \u00dcniversitesi ve<span class=\"excerpt-hellip\"> [\u2026]<\/span><\/p>\n","protected":false},"featured_media":0,"template":"","meta":{"_monsterinsights_skip_tracking":false,"_monsterinsights_sitenote_active":false,"_monsterinsights_sitenote_note":"","_monsterinsights_sitenote_category":0},"product_brand":[],"product_cat":[52477,52478],"product_tag":[],"class_list":{"0":"post-745400","1":"product","2":"type-product","3":"status-publish","5":"product_cat-arastirma","6":"product_cat-arkeoloji","7":"pa_cilt-ciltli","8":"pa_tur-kitap","9":"pa_yayinevi-bilgin-kultur-sanat","10":"pa_yazar-kollektif","12":"first","13":"instock","14":"sale","15":"shipping-taxable","16":"purchasable","17":"product-type-simple"},"_links":{"self":[{"href":"https:\/\/roveyayinevi.com.tr\/index.php\/wp-json\/wp\/v2\/product\/745400","targetHints":{"allow":["GET"]}}],"collection":[{"href":"https:\/\/roveyayinevi.com.tr\/index.php\/wp-json\/wp\/v2\/product"}],"about":[{"href":"https:\/\/roveyayinevi.com.tr\/index.php\/wp-json\/wp\/v2\/types\/product"}],"wp:attachment":[{"href":"https:\/\/roveyayinevi.com.tr\/index.php\/wp-json\/wp\/v2\/media?parent=745400"}],"wp:term":[{"taxonomy":"product_brand","embeddable":true,"href":"https:\/\/roveyayinevi.com.tr\/index.php\/wp-json\/wp\/v2\/product_brand?post=745400"},{"taxonomy":"product_cat","embeddable":true,"href":"https:\/\/roveyayinevi.com.tr\/index.php\/wp-json\/wp\/v2\/product_cat?post=745400"},{"taxonomy":"product_tag","embeddable":true,"href":"https:\/\/roveyayinevi.com.tr\/index.php\/wp-json\/wp\/v2\/product_tag?post=745400"}],"curies":[{"name":"wp","href":"https:\/\/api.w.org\/{rel}","templated":true}]}}