{"id":745397,"date":"2025-08-28T02:18:32","date_gmt":"2025-08-27T23:18:32","guid":{"rendered":"https:\/\/roveyayinevi.com.tr\/index.php\/urun\/arkadasim-toby\/"},"modified":"2026-04-16T02:57:41","modified_gmt":"2026-04-15T23:57:41","slug":"arkadasim-toby","status":"publish","type":"product","link":"https:\/\/roveyayinevi.com.tr\/index.php\/urun\/arkadasim-toby\/","title":{"rendered":"Arkada\u015f\u0131m Toby"},"content":{"rendered":"<p>Dostlu\u011fun ba\u011flad\u0131klar\u0131&#8230;Gr\u00e9gory Panaccione&#8217;nin sessiz kitab\u0131 Arkada\u015f\u0131m Toby oyunbaz bir k\u00f6pe\u011fin, sahibiyle olan ili\u015fkisini k\u00f6pe\u011fin g\u00f6z\u00fcnden suluboya resimler e\u015fli\u011finde anlat\u0131yor.Bir k\u00f6pe\u011fin akl\u0131ndan ge\u00e7irip eyleme d\u00f6n\u00fc\u015ft\u00fcrebilece\u011fi hemen her \u015feyi f\u0131r\u00e7as\u0131n\u0131n ucuna takan sanat\u00e7\u0131, detayl\u0131 \u00e7izimlerinin arka fonunda ince ince i\u015fledi\u011fi n\u00fcanslarla hayvanlar\u0131n d\u00fcnyas\u0131n\u0131 \u00e7ok daha yak\u0131ndan anlamam\u0131z\u0131 sa\u011fl\u0131yor. Kelimelerin bile bazen tan\u0131mlamaya yetemeyebilece\u011fi kimi duygu ve davran\u0131\u015flar\u0131 \u00e7izgilerin g\u00fcc\u00fcyle ustal\u0131kla yans\u0131tan kitap, her ya\u015ftan okurunu k\u00e2h g\u00fcld\u00fcr\u00fcyor k\u00e2h h\u00fcz\u00fcnlendiriyor. Toby, bir sahil kasabas\u0131nda sahibiyle birlikte sakin ve sessiz bir hayat s\u00fcrmektedir. G\u00fcnlerini do\u011fa i\u00e7inde, topraklar\u0131na ve sahibine g\u00f6z kulak olarak ge\u00e7iren Toby, di\u011fer t\u00fcm k\u00f6pekler kadar mutlu ve huzurludur. Derken, &#8221;ans\u0131z\u0131n&#8221; bir kedinin hayatlar\u0131na girmesiyle t\u00fcm dengeler de\u011fi\u015fir. Acaba ressaml\u0131k yapan sahibi ger\u00e7ekte g\u00f6r\u00fcnd\u00fc\u011f\u00fc kadar mutlu de\u011fil midir? Kimbilir belki kedi de davetsiz bir misafir de\u011fildir. Her \u015feyden \u00f6te, belki de ki\u015finin i\u00e7 d\u00fcnyas\u0131yla ileti\u015fim kurmas\u0131n\u0131n \u00e7ok farkl\u0131 yollar\u0131 vard\u0131r. \u00d6zg\u00fcrl\u00fc\u011f\u00fcne d\u00fc\u015fk\u00fcn bir k\u00f6pek olan Toby, kafas\u0131n\u0131 kurcalayan ve ya\u015fama ba\u011fl\u0131l\u0131\u011f\u0131n\u0131 s\u0131n\u0131rlayan bu yeni s\u00fcrece al\u0131\u015fabilecek midir? Gr\u00e9gory Panaccione sevgi ve \u015fefkatle \u00f6r\u00fclm\u00fc\u015f m\u00fcthi\u015f bir hik\u00e2ye resimledi\u011fi Arkada\u015f\u0131m Toby&#8217;de, k\u00f6pekleri insanlara ba\u011flayan dostlu\u011fun derinli\u011fi hakk\u0131nda uzun uzun d\u00fc\u015f\u00fcnd\u00fcr\u00fcyor. Anlat\u0131s\u0131ndaki k\u00fc\u00e7\u00fck mizahi dokunu\u015flarla y\u00fcz\u00fcm\u00fczden tebess\u00fcm\u00fc hi\u00e7 eksik etmeyen bu e\u011flenceli grafik roman, ger\u00e7ek ya\u015famdan payla\u015ft\u0131\u011f\u0131 renkli &#8221;an&#8221;larla \u00f6zellikle k\u00f6pek sahibi okurlar i\u00e7in benzersiz bir deneyim payla\u015f\u0131m\u0131 vadediyor. <\/p>\n","protected":false},"excerpt":{"rendered":"<p>Dostlu\u011fun ba\u011flad\u0131klar\u0131&#8230;Gr\u00e9gory Panaccione&#8217;nin sessiz kitab\u0131 Arkada\u015f\u0131m Toby oyunbaz bir k\u00f6pe\u011fin, sahibiyle olan ili\u015fkisini k\u00f6pe\u011fin g\u00f6z\u00fcnden suluboya resimler e\u015fli\u011finde anlat\u0131yor.Bir k\u00f6pe\u011fin akl\u0131ndan ge\u00e7irip eyleme d\u00f6n\u00fc\u015ft\u00fcrebilece\u011fi hemen her<span class=\"excerpt-hellip\"> [\u2026]<\/span><\/p>\n","protected":false},"featured_media":0,"template":"","meta":{"_monsterinsights_skip_tracking":false,"_monsterinsights_sitenote_active":false,"_monsterinsights_sitenote_note":"","_monsterinsights_sitenote_category":0},"product_brand":[],"product_cat":[12689,12274],"product_tag":[],"class_list":{"0":"post-745397","1":"product","2":"type-product","3":"status-publish","5":"product_cat-cizgi-roman-cocuk-ve-genclik-kitaplari","6":"product_cat-cocuk-ve-genclik-kitaplari","7":"pa_cilt-ciltsiz","8":"pa_tur-kitap","9":"pa_yayinevi-desen-yayinlari","10":"pa_yazar-gregory-panaccione","12":"first","13":"instock","14":"sale","15":"shipping-taxable","16":"purchasable","17":"product-type-simple"},"_links":{"self":[{"href":"https:\/\/roveyayinevi.com.tr\/index.php\/wp-json\/wp\/v2\/product\/745397","targetHints":{"allow":["GET"]}}],"collection":[{"href":"https:\/\/roveyayinevi.com.tr\/index.php\/wp-json\/wp\/v2\/product"}],"about":[{"href":"https:\/\/roveyayinevi.com.tr\/index.php\/wp-json\/wp\/v2\/types\/product"}],"wp:attachment":[{"href":"https:\/\/roveyayinevi.com.tr\/index.php\/wp-json\/wp\/v2\/media?parent=745397"}],"wp:term":[{"taxonomy":"product_brand","embeddable":true,"href":"https:\/\/roveyayinevi.com.tr\/index.php\/wp-json\/wp\/v2\/product_brand?post=745397"},{"taxonomy":"product_cat","embeddable":true,"href":"https:\/\/roveyayinevi.com.tr\/index.php\/wp-json\/wp\/v2\/product_cat?post=745397"},{"taxonomy":"product_tag","embeddable":true,"href":"https:\/\/roveyayinevi.com.tr\/index.php\/wp-json\/wp\/v2\/product_tag?post=745397"}],"curies":[{"name":"wp","href":"https:\/\/api.w.org\/{rel}","templated":true}]}}