{"id":745396,"date":"2025-08-28T02:18:30","date_gmt":"2025-08-27T23:18:30","guid":{"rendered":"https:\/\/roveyayinevi.com.tr\/index.php\/urun\/atletik-kazim-1\/"},"modified":"2026-04-16T02:57:41","modified_gmt":"2026-04-15T23:57:41","slug":"atletik-kazim-1","status":"publish","type":"product","link":"https:\/\/roveyayinevi.com.tr\/index.php\/urun\/atletik-kazim-1\/","title":{"rendered":"Atletik Kaz\u0131m-1"},"content":{"rendered":"<p>Hareketli, yerinde duramayan bu y\u00fczden de b\u00fcy\u00fcklerinden s\u00fcrekli uyar\u0131lar alan Kaz\u0131m b\u00fcy\u00fcy\u00fcnce babas\u0131 gibi atlet olmak istemektedir. Atletizm sporuyla k\u00fc\u00e7\u00fck ya\u015flarda tan\u0131\u015fan Kaz\u0131m\u2019\u0131n en b\u00fcy\u00fck tutkusu ko\u015fmakt\u0131r. Okulda en sevdi\u011fi ders Beden E\u011fitimi olan Kaz\u0131m\u2019\u0131n arkada\u015flar\u0131 da birbirinden renkli ki\u015filerdir. Fenomen Eymen, Dedektif Defne, Tekno Orkun ve can dostu Fi\u015fek Fiko\u2026 G\u00fcn\u00fcn birinde f\u0131rsat aya\u011f\u0131na kadar gelir. Atletizm tak\u0131m\u0131 i\u00e7in yap\u0131lacak okul tak\u0131m\u0131 se\u00e7melerine kat\u0131l\u0131r. Heyecandan eli aya\u011f\u0131na dola\u015fan Kaz\u0131m\u2019\u0131n yar\u0131\u015fta ba\u015f\u0131ndan bir\u00e7ok komik olay ge\u00e7er. \u0130lk \u00fc\u00e7e giren yar\u0131\u015fmac\u0131lar\u0131 sonu\u00e7ta b\u00fcy\u00fck bir \u00f6d\u00fcl beklemektedir.  Kaybetmeyi hi\u00e7 sevmeyen hep birinci olmay\u0131 isteyen Kaz\u0131m\u2019\u0131n spor hayat\u0131na ba\u015flamas\u0131 ve iyi bir atlet olmak i\u00e7in verdi\u011fi m\u00fccadeleyi okuyaca\u011f\u0131n\u0131z keyifli bir hik\u00e2ye sizlerle. <\/p>\n","protected":false},"excerpt":{"rendered":"<p>Hareketli, yerinde duramayan bu y\u00fczden de b\u00fcy\u00fcklerinden s\u00fcrekli uyar\u0131lar alan Kaz\u0131m b\u00fcy\u00fcy\u00fcnce babas\u0131 gibi atlet olmak istemektedir. Atletizm sporuyla k\u00fc\u00e7\u00fck ya\u015flarda tan\u0131\u015fan Kaz\u0131m\u2019\u0131n en b\u00fcy\u00fck tutkusu<span class=\"excerpt-hellip\"> [\u2026]<\/span><\/p>\n","protected":false},"featured_media":0,"template":"","meta":{"_monsterinsights_skip_tracking":false,"_monsterinsights_sitenote_active":false,"_monsterinsights_sitenote_note":"","_monsterinsights_sitenote_category":0},"product_brand":[],"product_cat":[12274,12284],"product_tag":[],"class_list":{"0":"post-745396","1":"product","2":"type-product","3":"status-publish","5":"product_cat-cocuk-ve-genclik-kitaplari","6":"product_cat-hikayeler","7":"pa_cilt-ciltsiz","8":"pa_tur-kitap","9":"pa_yayinevi-egiten-kitap","10":"pa_yazar-elif-ozbakir","12":"first","13":"instock","14":"sale","15":"shipping-taxable","16":"purchasable","17":"product-type-simple"},"_links":{"self":[{"href":"https:\/\/roveyayinevi.com.tr\/index.php\/wp-json\/wp\/v2\/product\/745396","targetHints":{"allow":["GET"]}}],"collection":[{"href":"https:\/\/roveyayinevi.com.tr\/index.php\/wp-json\/wp\/v2\/product"}],"about":[{"href":"https:\/\/roveyayinevi.com.tr\/index.php\/wp-json\/wp\/v2\/types\/product"}],"wp:attachment":[{"href":"https:\/\/roveyayinevi.com.tr\/index.php\/wp-json\/wp\/v2\/media?parent=745396"}],"wp:term":[{"taxonomy":"product_brand","embeddable":true,"href":"https:\/\/roveyayinevi.com.tr\/index.php\/wp-json\/wp\/v2\/product_brand?post=745396"},{"taxonomy":"product_cat","embeddable":true,"href":"https:\/\/roveyayinevi.com.tr\/index.php\/wp-json\/wp\/v2\/product_cat?post=745396"},{"taxonomy":"product_tag","embeddable":true,"href":"https:\/\/roveyayinevi.com.tr\/index.php\/wp-json\/wp\/v2\/product_tag?post=745396"}],"curies":[{"name":"wp","href":"https:\/\/api.w.org\/{rel}","templated":true}]}}