{"id":745395,"date":"2025-08-28T02:18:29","date_gmt":"2025-08-27T23:18:29","guid":{"rendered":"https:\/\/roveyayinevi.com.tr\/index.php\/urun\/kelam-iii\/"},"modified":"2026-04-16T02:57:41","modified_gmt":"2026-04-15T23:57:41","slug":"kelam-iii","status":"publish","type":"product","link":"https:\/\/roveyayinevi.com.tr\/index.php\/urun\/kelam-iii\/","title":{"rendered":"Kelam III"},"content":{"rendered":"<p>Bundan \u00f6nce bu serinin ilki olan Kelam I (Kel\u00e2m Tarihi ve Kel\u00e2m Okullar\u0131) ve Kel\u00e2m IV (Sistematik Kel\u00e2m\/N\u00fcb\u00fcvvet ve \u00c2hiret) adl\u0131 eserlerimizi yay\u0131nlam\u0131\u015f durumday\u0131z. Bu eserlerle ilgili olumlu tepkiler bizlere cesaret vermi\u015f ve bundan sonraki \u00e7al\u0131\u015fmalar\u0131m\u0131z i\u00e7in bizleri te\u015fvik etmi\u015ftir. Alanla ilgili bu serinin devam\u0131 olacak Kel\u00e2m II (Kel\u00e2m Metodolojisi) \u00e7al\u0131\u015fmam\u0131z\u0131n da haz\u0131rl\u0131klar\u0131 devam etmektedir. K\u0131smet olursa bu \u00e7al\u0131\u015fmalarla kel\u00e2m deryas\u0131na bir nebze katk\u0131 sa\u011flamay\u0131 hedeflemekteyiz.   <\/p>\n","protected":false},"excerpt":{"rendered":"<p>Bundan \u00f6nce bu serinin ilki olan Kelam I (Kel\u00e2m Tarihi ve Kel\u00e2m Okullar\u0131) ve Kel\u00e2m IV (Sistematik Kel\u00e2m\/N\u00fcb\u00fcvvet ve \u00c2hiret) adl\u0131 eserlerimizi yay\u0131nlam\u0131\u015f durumday\u0131z. Bu eserlerle<span class=\"excerpt-hellip\"> [\u2026]<\/span><\/p>\n","protected":false},"featured_media":0,"template":"","meta":{"_monsterinsights_skip_tracking":false,"_monsterinsights_sitenote_active":false,"_monsterinsights_sitenote_note":"","_monsterinsights_sitenote_category":0},"product_brand":[],"product_cat":[12718,12719],"product_tag":[],"class_list":{"0":"post-745395","1":"product","2":"type-product","3":"status-publish","5":"product_cat-din","6":"product_cat-islam","7":"pa_cilt-ciltsiz","8":"pa_tur-kitap","9":"pa_yayinevi-altinordu-yayinlari","10":"pa_yazar-kolektif","12":"first","13":"instock","14":"sale","15":"shipping-taxable","16":"purchasable","17":"product-type-simple"},"_links":{"self":[{"href":"https:\/\/roveyayinevi.com.tr\/index.php\/wp-json\/wp\/v2\/product\/745395","targetHints":{"allow":["GET"]}}],"collection":[{"href":"https:\/\/roveyayinevi.com.tr\/index.php\/wp-json\/wp\/v2\/product"}],"about":[{"href":"https:\/\/roveyayinevi.com.tr\/index.php\/wp-json\/wp\/v2\/types\/product"}],"wp:attachment":[{"href":"https:\/\/roveyayinevi.com.tr\/index.php\/wp-json\/wp\/v2\/media?parent=745395"}],"wp:term":[{"taxonomy":"product_brand","embeddable":true,"href":"https:\/\/roveyayinevi.com.tr\/index.php\/wp-json\/wp\/v2\/product_brand?post=745395"},{"taxonomy":"product_cat","embeddable":true,"href":"https:\/\/roveyayinevi.com.tr\/index.php\/wp-json\/wp\/v2\/product_cat?post=745395"},{"taxonomy":"product_tag","embeddable":true,"href":"https:\/\/roveyayinevi.com.tr\/index.php\/wp-json\/wp\/v2\/product_tag?post=745395"}],"curies":[{"name":"wp","href":"https:\/\/api.w.org\/{rel}","templated":true}]}}