{"id":745394,"date":"2025-08-28T02:18:28","date_gmt":"2025-08-27T23:18:28","guid":{"rendered":"https:\/\/roveyayinevi.com.tr\/index.php\/urun\/iktisat-ve-toplum-dergisi-145-sayikuresel-ekonomide-kaos\/"},"modified":"2026-04-16T02:57:41","modified_gmt":"2026-04-15T23:57:41","slug":"iktisat-ve-toplum-dergisi-145-sayikuresel-ekonomide-kaos","status":"publish","type":"product","link":"https:\/\/roveyayinevi.com.tr\/index.php\/urun\/iktisat-ve-toplum-dergisi-145-sayikuresel-ekonomide-kaos\/","title":{"rendered":"\u0130ktisat ve Toplum Dergisi 145. Say\u0131:K\u00fcresel Ekonomide Kaos"},"content":{"rendered":"<p>Y\u00fckselen Korumac\u0131l\u0131k ve \u00c7ok Kutuplu Ortamda D\u00fcnya Ekonomisi Fatma Do\u011fruel ve A. Suut Do\u011fruel   G\u00f6r\u00fcnen K\u00f6y: D\u00fcnya Ekonomisinin Gelece\u011fi! \u0130zzettin \u00d6nder   K\u00fcresel Ekonomide K\u0131sa ve Orta Vadeli Dinamikler Erhan Aslano\u011flu   K\u00fcresel G\u0131da Krizi Osman Aydo\u011fu\u015f   FARK YARATANLAR: Nevzat \u00c7elik   \u00dc\u00e7 Tarz-\u0131 Emperyalizm Ergun T\u00fcrkcan   Devlet ve Piyasa \u0130li\u015fkisine Klinik \u0130ktisat Yakla\u015f\u0131m\u0131 Ercan Eren   Eric Toussaint\u2019n\u0131n Bor\u00e7 Sistemi Alper Duman   Prekarya\u2019n\u0131n Neoliberalizm\u2019e Cevab\u0131: Sorumsuzluk ve Sadakatsizlik Eti\u011fi Dani\u015f Navaro   \u0130ktisat ve \u0130nsan Kenan Mortan   T\u00fcrkiye\u2019den Yolu Ge\u00e7en Bir Nobelli Mehmet Saya<\/p>\n","protected":false},"excerpt":{"rendered":"<p>Y\u00fckselen Korumac\u0131l\u0131k ve \u00c7ok Kutuplu Ortamda D\u00fcnya Ekonomisi Fatma Do\u011fruel ve A. Suut Do\u011fruel G\u00f6r\u00fcnen K\u00f6y: D\u00fcnya Ekonomisinin Gelece\u011fi! \u0130zzettin \u00d6nder K\u00fcresel Ekonomide K\u0131sa ve Orta<span class=\"excerpt-hellip\"> [\u2026]<\/span><\/p>\n","protected":false},"featured_media":0,"template":"","meta":{"_monsterinsights_skip_tracking":false,"_monsterinsights_sitenote_active":false,"_monsterinsights_sitenote_note":"","_monsterinsights_sitenote_category":0},"product_brand":[],"product_cat":[13527],"product_tag":[],"class_list":{"0":"post-745394","1":"product","2":"type-product","3":"status-publish","5":"product_cat-sureli-yayinlar","6":"pa_cilt-ciltsiz","7":"pa_tur-kitap","8":"pa_yayinevi-efil-yayinevi-dergi","9":"pa_yazar-kolektif","11":"first","12":"instock","13":"sale","14":"shipping-taxable","15":"purchasable","16":"product-type-simple"},"_links":{"self":[{"href":"https:\/\/roveyayinevi.com.tr\/index.php\/wp-json\/wp\/v2\/product\/745394","targetHints":{"allow":["GET"]}}],"collection":[{"href":"https:\/\/roveyayinevi.com.tr\/index.php\/wp-json\/wp\/v2\/product"}],"about":[{"href":"https:\/\/roveyayinevi.com.tr\/index.php\/wp-json\/wp\/v2\/types\/product"}],"wp:attachment":[{"href":"https:\/\/roveyayinevi.com.tr\/index.php\/wp-json\/wp\/v2\/media?parent=745394"}],"wp:term":[{"taxonomy":"product_brand","embeddable":true,"href":"https:\/\/roveyayinevi.com.tr\/index.php\/wp-json\/wp\/v2\/product_brand?post=745394"},{"taxonomy":"product_cat","embeddable":true,"href":"https:\/\/roveyayinevi.com.tr\/index.php\/wp-json\/wp\/v2\/product_cat?post=745394"},{"taxonomy":"product_tag","embeddable":true,"href":"https:\/\/roveyayinevi.com.tr\/index.php\/wp-json\/wp\/v2\/product_tag?post=745394"}],"curies":[{"name":"wp","href":"https:\/\/api.w.org\/{rel}","templated":true}]}}