{"id":745393,"date":"2025-08-28T02:18:28","date_gmt":"2025-08-27T23:18:28","guid":{"rendered":"https:\/\/roveyayinevi.com.tr\/index.php\/urun\/homeopati\/"},"modified":"2026-04-16T02:57:41","modified_gmt":"2026-04-15T23:57:41","slug":"homeopati","status":"publish","type":"product","link":"https:\/\/roveyayinevi.com.tr\/index.php\/urun\/homeopati\/","title":{"rendered":"Homeopati"},"content":{"rendered":"<p>Homeopati \u00e7ok k\u0131sa bir zaman \u00f6nce alaya al\u0131nan, tasvip edilmeyen bir iyile\u015ftirme y\u00f6ntemiydi. Ancak \u015fimdi durum de\u011fi\u015fti. Akut tedavide ne kadar etkili oldu\u011fu, say\u0131s\u0131z bilimsel \u00e7al\u0131\u015fmayla kan\u0131tland\u0131. Kendi kendini tedavi edenlerin art\u0131\u015f\u0131, homeopatiye g\u00fcven tazeledi.   En s\u0131k kar\u015f\u0131la\u015f\u0131lan rahats\u0131zl\u0131klar\u0131 ve en \u00e7ok kullan\u0131lan tedavi form\u00fcllerini okura sunarak, bu tedavi s\u00fcrecine kat\u0131lmas\u0131n\u0131 sa\u011fl\u0131yoruz. Herkes kendi bedenini en iyi bilir. V\u00fccudumuzun hangi etkilere hangi tepkileri verdi\u011fini kimse bizden daha iyi bilemez. Zaten y\u00fczy\u0131llard\u0131r bunu \u00f6\u011f\u00fctleyen homeopatiyi biraz daha \u00f6\u011frenip, onun kadim y\u00f6ntemlerini kendi kendinize uygulayabilirsiniz. Bu kitapta neler var? \u2022 Ki\u015fiye odakl\u0131 b\u00fct\u00fcnsel bir iyile\u015fme s\u00fcreci \u2022 \u00c7ok say\u0131da akut ve kronik rahats\u0131zl\u0131klarda do\u011fal tedavi \u2022 Geleneksel t\u0131p ve tedavilere nazik bir alternatif ve tamamlay\u0131c\u0131 \u2022 Ayr\u0131nt\u0131l\u0131 \u015fik\u00e2yet tablosu vas\u0131tas\u0131yla t\u00fcm aile i\u00e7in bireysel ve g\u00fcvenli kendi kendine tedavi \u2022 Bilimsel olarak kan\u0131tlanm\u0131\u015f etkinlik \u2022 Ba\u011f\u0131\u015f\u0131kl\u0131k sistemini g\u00fc\u00e7lendirme \u2022 Do\u011fru kullan\u0131ld\u0131\u011f\u0131nda di\u011fer ila\u00e7larla hi\u00e7bir yan etki veya etkile\u015fimin olmamas\u0131 <\/p>\n","protected":false},"excerpt":{"rendered":"<p>Homeopati \u00e7ok k\u0131sa bir zaman \u00f6nce alaya al\u0131nan, tasvip edilmeyen bir iyile\u015ftirme y\u00f6ntemiydi. Ancak \u015fimdi durum de\u011fi\u015fti. Akut tedavide ne kadar etkili oldu\u011fu, say\u0131s\u0131z bilimsel \u00e7al\u0131\u015fmayla<span class=\"excerpt-hellip\"> [\u2026]<\/span><\/p>\n","protected":false},"featured_media":0,"template":"","meta":{"_monsterinsights_skip_tracking":false,"_monsterinsights_sitenote_active":false,"_monsterinsights_sitenote_note":"","_monsterinsights_sitenote_category":0},"product_brand":[],"product_cat":[13366,13365],"product_tag":[],"class_list":{"0":"post-745393","1":"product","2":"type-product","3":"status-publish","5":"product_cat-diger-saglik","6":"product_cat-saglik","7":"pa_cilt-ciltsiz","8":"pa_tur-kitap","9":"pa_yayinevi-yeni-insan-yayinlari","10":"pa_yazar-sven-sommer","12":"first","13":"instock","14":"sale","15":"shipping-taxable","16":"purchasable","17":"product-type-simple"},"_links":{"self":[{"href":"https:\/\/roveyayinevi.com.tr\/index.php\/wp-json\/wp\/v2\/product\/745393","targetHints":{"allow":["GET"]}}],"collection":[{"href":"https:\/\/roveyayinevi.com.tr\/index.php\/wp-json\/wp\/v2\/product"}],"about":[{"href":"https:\/\/roveyayinevi.com.tr\/index.php\/wp-json\/wp\/v2\/types\/product"}],"wp:attachment":[{"href":"https:\/\/roveyayinevi.com.tr\/index.php\/wp-json\/wp\/v2\/media?parent=745393"}],"wp:term":[{"taxonomy":"product_brand","embeddable":true,"href":"https:\/\/roveyayinevi.com.tr\/index.php\/wp-json\/wp\/v2\/product_brand?post=745393"},{"taxonomy":"product_cat","embeddable":true,"href":"https:\/\/roveyayinevi.com.tr\/index.php\/wp-json\/wp\/v2\/product_cat?post=745393"},{"taxonomy":"product_tag","embeddable":true,"href":"https:\/\/roveyayinevi.com.tr\/index.php\/wp-json\/wp\/v2\/product_tag?post=745393"}],"curies":[{"name":"wp","href":"https:\/\/api.w.org\/{rel}","templated":true}]}}