{"id":745392,"date":"2025-08-28T02:18:27","date_gmt":"2025-08-27T23:18:27","guid":{"rendered":"https:\/\/roveyayinevi.com.tr\/index.php\/urun\/konsensus\/"},"modified":"2026-04-16T02:57:41","modified_gmt":"2026-04-15T23:57:41","slug":"konsensus","status":"publish","type":"product","link":"https:\/\/roveyayinevi.com.tr\/index.php\/urun\/konsensus\/","title":{"rendered":"Konsens\u00fcs"},"content":{"rendered":"<p>Konsens\u00fcs son y\u0131llarda b\u00fcy\u00fck ilgi g\u00f6r\u00fcyor. Giderek daha fazla grup, karar almak i\u00e7in konsens\u00fcs\u00fc kullan\u0131yor ve avantajlar\u0131na ili\u015fkin fark\u0131ndal\u0131k ana ak\u0131m bilince s\u0131z\u0131yor.   Konsens\u00fcs, yarat\u0131c\u0131 ve dinamik bir \u015fekilde anla\u015fmaya varman\u0131n en sa\u011flam yoludur: Bir maddeye oy vermek ve grubun \u00e7o\u011funlu\u011funun yoluna devam etmesini sa\u011flamak yerine, konsens\u00fcs, herkesin aktif olarak destekledi\u011fi \u00e7\u00f6z\u00fcmlerin bulunmas\u0131na sa\u011flar. T\u00fcm kararlar, herkesin r\u0131zas\u0131 ve katk\u0131s\u0131yla al\u0131n\u0131r. B\u00f6ylece b\u00fct\u00fcn g\u00f6r\u00fc\u015flerin, fikirlerin ve endi\u015felerin dikkate al\u0131nmas\u0131n\u0131 sa\u011flar.   Bu el kitab\u0131nda, i\u015fbirli\u011fine dayal\u0131 karar vermenin ruhunu ve felsefesini a\u00e7\u0131klamakla birlikte bir konsens\u00fcs s\u00fcrecinin nas\u0131l faydal\u0131 olaca\u011f\u0131na dair pratik bilgiler sa\u011fl\u0131yoruz. Yayg\u0131n g\u00f6r\u00fclen durumlara bak\u0131p, grubunuzun karara giden yolu kolayla\u015ft\u0131rmas\u0131 i\u00e7in kullanabilece\u011fi beceri ve ara\u00e7lar\u0131 a\u00e7\u0131kl\u0131yoruz. Sizin ve grubunuzun kar\u015f\u0131la\u015fabilece\u011fi baz\u0131 zorluklar ve sorunlar hakk\u0131nda bilgiler ekleyip ve bunlarla nas\u0131l ba\u015fa \u00e7\u0131k\u0131laca\u011f\u0131na dair baz\u0131 \u00f6neriler sunuyoruz.   Kitab\u0131n ikinci b\u00f6l\u00fcm\u00fc ise tamamen teorik tart\u0131\u015fmalara ayr\u0131ld\u0131. \u00d6zg\u00fcr ve e\u015fit bir toplum in\u015fa etmek istiyorsak, bunu evde oturarak ya da sosyal medyada s\u00f6ylenerek yapamay\u0131z. Bu yeni toplumu in\u015fa etmenin yolu \u015fimdiden konsens\u00fcs metotlar\u0131n\u0131 kullanarak hem bireysel hem de kurumsal olarak haz\u0131rlanmakt\u0131r.   \u0130ster konsens\u00fcse yeni ba\u015flam\u0131\u015f olun, ister deneyimli; konsens\u00fcs\u00fcn, karar vermenin en iyi yolu oldu\u011funu d\u00fc\u015f\u00fcn\u00fcn ya da i\u015fe yaramas\u0131 i\u00e7in m\u00fccadele edin: Bu kitap tam size g\u00f6re.   <\/p>\n","protected":false},"excerpt":{"rendered":"<p>Konsens\u00fcs son y\u0131llarda b\u00fcy\u00fck ilgi g\u00f6r\u00fcyor. Giderek daha fazla grup, karar almak i\u00e7in konsens\u00fcs\u00fc kullan\u0131yor ve avantajlar\u0131na ili\u015fkin fark\u0131ndal\u0131k ana ak\u0131m bilince s\u0131z\u0131yor. Konsens\u00fcs, yarat\u0131c\u0131 ve<span class=\"excerpt-hellip\"> [\u2026]<\/span><\/p>\n","protected":false},"featured_media":0,"template":"","meta":{"_monsterinsights_skip_tracking":false,"_monsterinsights_sitenote_active":false,"_monsterinsights_sitenote_note":"","_monsterinsights_sitenote_category":0},"product_brand":[],"product_cat":[23323,12364],"product_tag":[],"class_list":{"0":"post-745392","1":"product","2":"type-product","3":"status-publish","5":"product_cat-ekoloji","6":"product_cat-genel-konular","7":"pa_cilt-ciltsiz","8":"pa_tur-kitap","9":"pa_yayinevi-yeni-insan-yayinlari","10":"pa_yazar-kolektif","12":"first","13":"instock","14":"sale","15":"shipping-taxable","16":"purchasable","17":"product-type-simple"},"_links":{"self":[{"href":"https:\/\/roveyayinevi.com.tr\/index.php\/wp-json\/wp\/v2\/product\/745392","targetHints":{"allow":["GET"]}}],"collection":[{"href":"https:\/\/roveyayinevi.com.tr\/index.php\/wp-json\/wp\/v2\/product"}],"about":[{"href":"https:\/\/roveyayinevi.com.tr\/index.php\/wp-json\/wp\/v2\/types\/product"}],"wp:attachment":[{"href":"https:\/\/roveyayinevi.com.tr\/index.php\/wp-json\/wp\/v2\/media?parent=745392"}],"wp:term":[{"taxonomy":"product_brand","embeddable":true,"href":"https:\/\/roveyayinevi.com.tr\/index.php\/wp-json\/wp\/v2\/product_brand?post=745392"},{"taxonomy":"product_cat","embeddable":true,"href":"https:\/\/roveyayinevi.com.tr\/index.php\/wp-json\/wp\/v2\/product_cat?post=745392"},{"taxonomy":"product_tag","embeddable":true,"href":"https:\/\/roveyayinevi.com.tr\/index.php\/wp-json\/wp\/v2\/product_tag?post=745392"}],"curies":[{"name":"wp","href":"https:\/\/api.w.org\/{rel}","templated":true}]}}