{"id":745391,"date":"2025-08-28T02:18:26","date_gmt":"2025-08-27T23:18:26","guid":{"rendered":"https:\/\/roveyayinevi.com.tr\/index.php\/urun\/katalanlar-neden-ayrilmak-istiyor\/"},"modified":"2026-04-16T02:57:41","modified_gmt":"2026-04-15T23:57:41","slug":"katalanlar-neden-ayrilmak-istiyor","status":"publish","type":"product","link":"https:\/\/roveyayinevi.com.tr\/index.php\/urun\/katalanlar-neden-ayrilmak-istiyor\/","title":{"rendered":"Katalanlar Neden Ayr\u0131lmak \u0130stiyor"},"content":{"rendered":"<p>Katalanlar neden ba\u011f\u0131ms\u0131zl\u0131k istiyor? Bu, \u00e7ok basit bir soru gibi gelebilir. Ancak 21. y\u00fczy\u0131lda ya\u015f\u0131yoruz. Katalonya, Avrupa Birli\u011fi \u00fcyesi \u0130spanya\u2019n\u0131n bir b\u00f6lgesi. S\u0131n\u0131rlar buharla\u015fm\u0131\u015f. Ortak para avro ge\u00e7erli. Avrupa Birli\u011fi\u2019nin iradesi, \u0130spanya\u2019y\u0131 a\u015fm\u0131\u015f. O halde bu sorunun cevab\u0131 belki de o kadar basit de\u011fil. Katalonya\u2019n\u0131n ba\u015fkenti Barselona; g\u00fczelli\u011fiyle, konumuyla, k\u00fclt\u00fcr\u00fcyle ve zenginli\u011fiyle her g\u00f6renin be\u011fenisi kazanan bir kent. Tarihinde \u00fc\u00e7 kez yo\u011fun olarak g\u00f6\u00e7 ald\u0131. Bunlardan sonuncusu 2000 ile 2009 seneleri aras\u0131nda ya\u015fand\u0131. Sonu\u00e7 olarak Barselona n\u00fcfusunun %18,2\u2019si g\u00f6\u00e7menlerden olu\u015fuyor. Peki sorun bu g\u00f6\u00e7ler mi? Katalanlar\u0131n yaz\u0131l\u0131 tarihi 9. y\u00fczy\u0131l\u0131n sonuna kadar uzan\u0131yor. Kendilerini bir halk olarak ifade edi\u015fleri bu kadar eski. Aradan ge\u00e7en on iki y\u00fczy\u0131lda neler ya\u015fand\u0131? S\u00f6zler, antla\u015fmalar, sava\u015flar ve bir halk\u0131n su y\u00fcz\u00fcne \u00e7\u0131kan haklar m\u00fccadelesi. T\u00fcrkiye\u2019de belki de futbol tak\u0131mlar\u0131ndan dolay\u0131 Barselona\u2019ya ve Katalanlara her zaman sempati duyulur. \u00d6zenle ve pek \u00e7ok yazar\u0131n katk\u0131s\u0131yla olu\u015fan bu kitapla, belki bu kadim halk\u0131n ba\u011f\u0131ms\u0131zl\u0131k sevdas\u0131na ilgi duyar\u0131z diye d\u00fc\u015f\u00fcn\u00fcyoruz. \u00dclkemizde Katalonya ve \u0130spanya hakk\u0131nda \u00e7ok az kaynak var. Oysa d\u00fcnyada olan bitenin hepimizi ilgilendirdi\u011fi kan\u0131s\u0131nday\u0131z.<\/p>\n","protected":false},"excerpt":{"rendered":"<p>Katalanlar neden ba\u011f\u0131ms\u0131zl\u0131k istiyor? Bu, \u00e7ok basit bir soru gibi gelebilir. Ancak 21. y\u00fczy\u0131lda ya\u015f\u0131yoruz. Katalonya, Avrupa Birli\u011fi \u00fcyesi \u0130spanya\u2019n\u0131n bir b\u00f6lgesi. S\u0131n\u0131rlar buharla\u015fm\u0131\u015f. Ortak para<span class=\"excerpt-hellip\"> [\u2026]<\/span><\/p>\n","protected":false},"featured_media":0,"template":"","meta":{"_monsterinsights_skip_tracking":false,"_monsterinsights_sitenote_active":false,"_monsterinsights_sitenote_note":"","_monsterinsights_sitenote_category":0},"product_brand":[],"product_cat":[23323,12364],"product_tag":[],"class_list":{"0":"post-745391","1":"product","2":"type-product","3":"status-publish","5":"product_cat-ekoloji","6":"product_cat-genel-konular","7":"pa_cilt-ciltsiz","8":"pa_tur-kitap","9":"pa_yayinevi-yeni-insan-yayinlari","10":"pa_yazar-lisa-wee","12":"first","13":"instock","14":"sale","15":"shipping-taxable","16":"purchasable","17":"product-type-simple"},"_links":{"self":[{"href":"https:\/\/roveyayinevi.com.tr\/index.php\/wp-json\/wp\/v2\/product\/745391","targetHints":{"allow":["GET"]}}],"collection":[{"href":"https:\/\/roveyayinevi.com.tr\/index.php\/wp-json\/wp\/v2\/product"}],"about":[{"href":"https:\/\/roveyayinevi.com.tr\/index.php\/wp-json\/wp\/v2\/types\/product"}],"wp:attachment":[{"href":"https:\/\/roveyayinevi.com.tr\/index.php\/wp-json\/wp\/v2\/media?parent=745391"}],"wp:term":[{"taxonomy":"product_brand","embeddable":true,"href":"https:\/\/roveyayinevi.com.tr\/index.php\/wp-json\/wp\/v2\/product_brand?post=745391"},{"taxonomy":"product_cat","embeddable":true,"href":"https:\/\/roveyayinevi.com.tr\/index.php\/wp-json\/wp\/v2\/product_cat?post=745391"},{"taxonomy":"product_tag","embeddable":true,"href":"https:\/\/roveyayinevi.com.tr\/index.php\/wp-json\/wp\/v2\/product_tag?post=745391"}],"curies":[{"name":"wp","href":"https:\/\/api.w.org\/{rel}","templated":true}]}}