{"id":745388,"date":"2025-08-28T02:18:22","date_gmt":"2025-08-27T23:18:22","guid":{"rendered":"https:\/\/roveyayinevi.com.tr\/index.php\/urun\/sinirsiz-yaraticilik\/"},"modified":"2026-04-16T02:57:41","modified_gmt":"2026-04-15T23:57:41","slug":"sinirsiz-yaraticilik","status":"publish","type":"product","link":"https:\/\/roveyayinevi.com.tr\/index.php\/urun\/sinirsiz-yaraticilik\/","title":{"rendered":"S\u0131n\u0131rs\u0131z Yarat\u0131c\u0131l\u0131k"},"content":{"rendered":"<p>\u00c7ocuksu bir mucizeye sahip oldu\u011funuz, ko\u015ftu\u011funuz ve z\u0131plad\u0131\u011f\u0131n\u0131z, kendi kendinize \u015fark\u0131 s\u00f6yledi\u011finiz, toprak yedi\u011finiz ve a\u011fa\u00e7lara t\u0131rmand\u0131\u011f\u0131n\u0131z, kendi etraf\u0131n\u0131zda d\u00f6nd\u00fc\u011f\u00fcn\u00fcz, bir \u015feyler k\u0131rd\u0131\u011f\u0131n\u0131z, bir \u015feyler f\u0131rlatt\u0131\u011f\u0131n\u0131z ve kontrols\u00fczce k\u0131k\u0131rdad\u0131\u011f\u0131n\u0131z g\u00fcnleri hat\u0131rlay\u0131n. Ac\u0131 veren hik\u00e2yelerden kurtulun, art\u0131k \u00f6zg\u00fcrs\u00fcn\u00fcz. Yarat\u0131c\u0131l\u0131k size farkl\u0131 d\u00fc\u015f\u00fcnme ve g\u00f6rme bi\u00e7imleri sa\u011flar. \u0130lham verici bir i\u015fe ba\u015flad\u0131\u011f\u0131n\u0131zda, saf bir ne\u015fe t\u00fcm bedeninizi kaplar. Ancak bir\u00e7ok yarat\u0131c\u0131 ki\u015fi gibiyseniz, kendinizi s\u0131k\u0131\u015fm\u0131\u015f ve korku dolu bir h\u00e2lde bulabilirsiniz. Peki, \u00f6zg\u00fcrce \u00fcretirken potansiyelinizi t\u00fcm\u00fcyle a\u00e7\u0131\u011fa \u00e7a\u011f\u0131rabilmeniz m\u00fcmk\u00fcn m\u00fcd\u00fcr? S\u0131n\u0131rs\u0131z Yarat\u0131c\u0131l\u0131k, sizi sanatsal tutkular\u0131n\u0131z\u0131 ger\u00e7ekle\u015ftirmekten al\u0131koyan \u00f6zele\u015ftirinin, olumsuz duygular\u0131n ve zararl\u0131 al\u0131\u015fkanl\u0131klar\u0131n \u00f6tesine nas\u0131l ge\u00e7ebilece\u011finizi g\u00f6sterir. Martha Alderson\u2019\u0131n otuz y\u0131ll\u0131k deneyimlerinin neticesinde ortaya \u00e7\u0131kard\u0131\u011f\u0131 \u2018Evrensel Hik\u00e2ye\u2019 ad\u0131 verilen g\u00fc\u00e7l\u00fc tekni\u011fi sayesinde, zihinsel enerji ak\u0131\u015f\u0131n\u0131z\u0131 engelleyen problemleri \u00e7\u00f6zmeyi \u00f6\u011freneceksiniz. Ayr\u0131ca, kendinizi ve d\u00fcnyay\u0131 kabullenmeyi, duygusal kusurlar\u0131n\u0131za ho\u015fg\u00f6r\u00fc ile yakla\u015fmay\u0131, ilham bulmay\u0131, sezginizin fark\u0131n\u0131 varmay\u0131 ve onu i\u015fe yarar bir \u015fekilde kullanmay\u0131 bir\u00e7ok faydal\u0131 ipucu ve ara\u00e7 arac\u0131l\u0131\u011f\u0131yla ke\u015ffedeceksiniz. \u0130ster sanat\u00e7\u0131, ister yazar veya yarat\u0131c\u0131l\u0131\u011f\u0131n\u0131n engellendi\u011fini hisseden biri olun, bu d\u00f6n\u00fc\u015ft\u00fcr\u00fcc\u00fc \u00e7al\u0131\u015fma kitab\u0131nda hayal g\u00fcc\u00fcn\u00fcz\u00fc harekete ge\u00e7irmek i\u00e7in ihtiyac\u0131n\u0131z olan her \u015fey mevcut.<\/p>\n","protected":false},"excerpt":{"rendered":"<p>\u00c7ocuksu bir mucizeye sahip oldu\u011funuz, ko\u015ftu\u011funuz ve z\u0131plad\u0131\u011f\u0131n\u0131z, kendi kendinize \u015fark\u0131 s\u00f6yledi\u011finiz, toprak yedi\u011finiz ve a\u011fa\u00e7lara t\u0131rmand\u0131\u011f\u0131n\u0131z, kendi etraf\u0131n\u0131zda d\u00f6nd\u00fc\u011f\u00fcn\u00fcz, bir \u015feyler k\u0131rd\u0131\u011f\u0131n\u0131z, bir \u015feyler f\u0131rlatt\u0131\u011f\u0131n\u0131z<span class=\"excerpt-hellip\"> [\u2026]<\/span><\/p>\n","protected":false},"featured_media":0,"template":"","meta":{"_monsterinsights_skip_tracking":false,"_monsterinsights_sitenote_active":false,"_monsterinsights_sitenote_note":"","_monsterinsights_sitenote_category":0},"product_brand":[],"product_cat":[12364,12376],"product_tag":[],"class_list":{"0":"post-745388","1":"product","2":"type-product","3":"status-publish","5":"product_cat-genel-konular","6":"product_cat-kisisel-gelisim","7":"pa_cilt-ciltsiz","8":"pa_tur-kitap","9":"pa_yayinevi-sola-unitas","10":"pa_yazar-martha-alderson","12":"first","13":"instock","14":"sale","15":"shipping-taxable","16":"purchasable","17":"product-type-simple"},"_links":{"self":[{"href":"https:\/\/roveyayinevi.com.tr\/index.php\/wp-json\/wp\/v2\/product\/745388","targetHints":{"allow":["GET"]}}],"collection":[{"href":"https:\/\/roveyayinevi.com.tr\/index.php\/wp-json\/wp\/v2\/product"}],"about":[{"href":"https:\/\/roveyayinevi.com.tr\/index.php\/wp-json\/wp\/v2\/types\/product"}],"wp:attachment":[{"href":"https:\/\/roveyayinevi.com.tr\/index.php\/wp-json\/wp\/v2\/media?parent=745388"}],"wp:term":[{"taxonomy":"product_brand","embeddable":true,"href":"https:\/\/roveyayinevi.com.tr\/index.php\/wp-json\/wp\/v2\/product_brand?post=745388"},{"taxonomy":"product_cat","embeddable":true,"href":"https:\/\/roveyayinevi.com.tr\/index.php\/wp-json\/wp\/v2\/product_cat?post=745388"},{"taxonomy":"product_tag","embeddable":true,"href":"https:\/\/roveyayinevi.com.tr\/index.php\/wp-json\/wp\/v2\/product_tag?post=745388"}],"curies":[{"name":"wp","href":"https:\/\/api.w.org\/{rel}","templated":true}]}}