{"id":745386,"date":"2025-08-28T02:18:19","date_gmt":"2025-08-27T23:18:19","guid":{"rendered":"https:\/\/roveyayinevi.com.tr\/index.php\/urun\/bu-boyle-yarim-kalmayacak\/"},"modified":"2026-04-16T02:57:41","modified_gmt":"2026-04-15T23:57:41","slug":"bu-boyle-yarim-kalmayacak","status":"publish","type":"product","link":"https:\/\/roveyayinevi.com.tr\/index.php\/urun\/bu-boyle-yarim-kalmayacak\/","title":{"rendered":"Bu B\u00f6yle Yar\u0131m Kalmayacak"},"content":{"rendered":"<p>A\u015fk bir m\u00fccadele i\u015fi; araya giren y\u0131llar\u0131n, yollar\u0131n, ellerin ve kurallar\u0131n taraf oldu\u011fu bir sava\u015fta&#8230; \u201cSilemezler g\u00f6nl\u00fcmden, ne a\u015fk\u0131n\u0131 ne seni&#8230;\u201d diye diye sava\u015f\u0131yor sevdal\u0131lar. Uzakl\u0131k da hasret de bir yang\u0131n, kimin ne kadar yand\u0131\u011f\u0131n\u0131 da kimse bilmiyor \u00fcstelik, di\u011feri bile&#8230; Bu bilinmezlik i\u00e7inde, \u201cBir ihtimal daha var&#8230;\u201d diyesi geliyor ayr\u0131lan\u0131n da, hemen araya giriyorlar etraftan, \u201cTek sen misin ayr\u0131lan, \u00fcz\u00fcld\u00fc\u011f\u00fcn \u015feye bak&#8230;\u201d Gitmenin de kalman\u0131n da zor oldu\u011fu yerde en zoru bulu\u015fmak&#8230; Tut ki inat ettin, tut ki kavu\u015ftun, bakal\u0131m buldu\u011fun ki\u015fi b\u0131rakt\u0131\u011f\u0131n ki\u015fi mi? Angeliki ile Mehmet\u2019in sevdas\u0131 s\u0131n\u0131rlara inat s\u00fcr\u00fcyor&#8230; S\u00fcr\u00fcyor da kendilerinin ve a\u015fklar\u0131n\u0131n \u00f6n\u00fcne ge\u00e7ecek b\u00fcy\u00fckl\u00fckte engeller kar\u015f\u0131s\u0131nda ne kadar ayakta kalabilecek? O son \u015fark\u0131y\u0131 birlikte mi yoksa ayr\u0131 ayr\u0131 m\u0131 s\u00f6yleyecekler&#8230; \u201cSeni ben unutmak istemedim ki, uzayan yollara neden inand\u0131n&#8230;\u201d<\/p>\n","protected":false},"excerpt":{"rendered":"<p>A\u015fk bir m\u00fccadele i\u015fi; araya giren y\u0131llar\u0131n, yollar\u0131n, ellerin ve kurallar\u0131n taraf oldu\u011fu bir sava\u015fta&#8230; \u201cSilemezler g\u00f6nl\u00fcmden, ne a\u015fk\u0131n\u0131 ne seni&#8230;\u201d diye diye sava\u015f\u0131yor sevdal\u0131lar. Uzakl\u0131k<span class=\"excerpt-hellip\"> [\u2026]<\/span><\/p>\n","protected":false},"featured_media":0,"template":"","meta":{"_monsterinsights_skip_tracking":false,"_monsterinsights_sitenote_active":false,"_monsterinsights_sitenote_note":"","_monsterinsights_sitenote_category":0},"product_brand":[],"product_cat":[12291,50487],"product_tag":[],"class_list":{"0":"post-745386","1":"product","2":"type-product","3":"status-publish","5":"product_cat-edebiyat","6":"product_cat-kurgu","7":"pa_cilt-ciltsiz","8":"pa_tur-kitap","9":"pa_yayinevi-epsilon-yayinlari","10":"pa_yazar-yasemin-ozek","12":"first","13":"instock","14":"sale","15":"shipping-taxable","16":"purchasable","17":"product-type-simple"},"_links":{"self":[{"href":"https:\/\/roveyayinevi.com.tr\/index.php\/wp-json\/wp\/v2\/product\/745386","targetHints":{"allow":["GET"]}}],"collection":[{"href":"https:\/\/roveyayinevi.com.tr\/index.php\/wp-json\/wp\/v2\/product"}],"about":[{"href":"https:\/\/roveyayinevi.com.tr\/index.php\/wp-json\/wp\/v2\/types\/product"}],"wp:attachment":[{"href":"https:\/\/roveyayinevi.com.tr\/index.php\/wp-json\/wp\/v2\/media?parent=745386"}],"wp:term":[{"taxonomy":"product_brand","embeddable":true,"href":"https:\/\/roveyayinevi.com.tr\/index.php\/wp-json\/wp\/v2\/product_brand?post=745386"},{"taxonomy":"product_cat","embeddable":true,"href":"https:\/\/roveyayinevi.com.tr\/index.php\/wp-json\/wp\/v2\/product_cat?post=745386"},{"taxonomy":"product_tag","embeddable":true,"href":"https:\/\/roveyayinevi.com.tr\/index.php\/wp-json\/wp\/v2\/product_tag?post=745386"}],"curies":[{"name":"wp","href":"https:\/\/api.w.org\/{rel}","templated":true}]}}