{"id":745383,"date":"2025-08-28T02:18:15","date_gmt":"2025-08-27T23:18:15","guid":{"rendered":"https:\/\/roveyayinevi.com.tr\/index.php\/urun\/2055e-yolculuk\/"},"modified":"2026-04-16T02:57:41","modified_gmt":"2026-04-15T23:57:41","slug":"2055e-yolculuk","status":"publish","type":"product","link":"https:\/\/roveyayinevi.com.tr\/index.php\/urun\/2055e-yolculuk\/","title":{"rendered":"2055&#8217;e Yolculuk"},"content":{"rendered":"<p>Defne ve \u00c7\u0131nar, okul \u00e7\u0131k\u0131\u015f\u0131 evlerinin bah\u00e7elerinde bir \u015feyler at\u0131\u015ft\u0131r\u0131rken aniden kuvvetli bir r\u00fczg\u00e2r eser. \u0130ki karde\u015f kendilerini \u00e7\u00f6l renkli bir hortumun kollar\u0131nda bularak bilinmeze do\u011fru s\u00fcr\u00fcklenirler. 2055 y\u0131l\u0131nda Optik Pusat ve Val\u00f6r Parmak\u2019a d\u00f6n\u00fc\u015fen kahramanlar\u0131m\u0131z\u0131n geri d\u00f6nebilmeleri i\u00e7in cevaplamalar\u0131 gereken sorular ve \u00e7\u00f6zmeleri gereken gizemler var. KC, OKCK ve U\u00c7KS ne demek? O\u0130-1 kodlu esrarengiz ki\u015fi kim? Hava raporlar\u0131ndaki olumsuzlu\u011fun Ye\u015fil Kule ile bir ilgisi var m\u0131? Kayak pistlerinden y\u00fckselen duman ne anlama geliyor? T\u00fcm bu sorular\u0131m\u0131z\u0131n cevab\u0131n\u0131 do\u011fa sava\u015f\u00e7\u0131s\u0131 kahramanlar\u0131m\u0131zla bulmaya ne dersiniz? <\/p>\n","protected":false},"excerpt":{"rendered":"<p>Defne ve \u00c7\u0131nar, okul \u00e7\u0131k\u0131\u015f\u0131 evlerinin bah\u00e7elerinde bir \u015feyler at\u0131\u015ft\u0131r\u0131rken aniden kuvvetli bir r\u00fczg\u00e2r eser. \u0130ki karde\u015f kendilerini \u00e7\u00f6l renkli bir hortumun kollar\u0131nda bularak bilinmeze do\u011fru<span class=\"excerpt-hellip\"> [\u2026]<\/span><\/p>\n","protected":false},"featured_media":0,"template":"","meta":{"_monsterinsights_skip_tracking":false,"_monsterinsights_sitenote_active":false,"_monsterinsights_sitenote_note":"","_monsterinsights_sitenote_category":0},"product_brand":[],"product_cat":[12274,12284],"product_tag":[],"class_list":{"0":"post-745383","1":"product","2":"type-product","3":"status-publish","5":"product_cat-cocuk-ve-genclik-kitaplari","6":"product_cat-hikayeler","7":"pa_cilt-ciltsiz","8":"pa_tur-kitap","9":"pa_yayinevi-cinaralti-yayinlari","10":"pa_yazar-ilknur-isik","12":"first","13":"instock","14":"sale","15":"shipping-taxable","16":"purchasable","17":"product-type-simple"},"_links":{"self":[{"href":"https:\/\/roveyayinevi.com.tr\/index.php\/wp-json\/wp\/v2\/product\/745383","targetHints":{"allow":["GET"]}}],"collection":[{"href":"https:\/\/roveyayinevi.com.tr\/index.php\/wp-json\/wp\/v2\/product"}],"about":[{"href":"https:\/\/roveyayinevi.com.tr\/index.php\/wp-json\/wp\/v2\/types\/product"}],"wp:attachment":[{"href":"https:\/\/roveyayinevi.com.tr\/index.php\/wp-json\/wp\/v2\/media?parent=745383"}],"wp:term":[{"taxonomy":"product_brand","embeddable":true,"href":"https:\/\/roveyayinevi.com.tr\/index.php\/wp-json\/wp\/v2\/product_brand?post=745383"},{"taxonomy":"product_cat","embeddable":true,"href":"https:\/\/roveyayinevi.com.tr\/index.php\/wp-json\/wp\/v2\/product_cat?post=745383"},{"taxonomy":"product_tag","embeddable":true,"href":"https:\/\/roveyayinevi.com.tr\/index.php\/wp-json\/wp\/v2\/product_tag?post=745383"}],"curies":[{"name":"wp","href":"https:\/\/api.w.org\/{rel}","templated":true}]}}