{"id":745381,"date":"2025-08-28T02:18:12","date_gmt":"2025-08-27T23:18:12","guid":{"rendered":"https:\/\/roveyayinevi.com.tr\/index.php\/urun\/gizemli-sesin-pesinde\/"},"modified":"2026-04-16T02:57:41","modified_gmt":"2026-04-15T23:57:41","slug":"gizemli-sesin-pesinde","status":"publish","type":"product","link":"https:\/\/roveyayinevi.com.tr\/index.php\/urun\/gizemli-sesin-pesinde\/","title":{"rendered":"Gizemli Sesin Pe\u015finde"},"content":{"rendered":"<p>Merhaba; ben Medet\u2026 Birg\u00fcn bana gizemli bir ses ula\u015ft\u0131. Okulu b\u0131rak\u0131p bu gizemli sesin pe\u015fine d\u00fc\u015ft\u00fcm. Bu yolculukta kendime has bir \u00f6\u011frenme y\u00f6ntemi geli\u015ftirdim. Ke\u015ffetti\u011fim bu y\u00f6ntem sayesinde \u00fclkeme dair bilmedi\u011fim bir\u00e7ok yeni bilgi \u00f6\u011frendim. Sen de merak ediyor musun? Durma! Haydi ba\u015fla ilk sayfadan\u2026 <\/p>\n","protected":false},"excerpt":{"rendered":"<p>Merhaba; ben Medet\u2026 Birg\u00fcn bana gizemli bir ses ula\u015ft\u0131. Okulu b\u0131rak\u0131p bu gizemli sesin pe\u015fine d\u00fc\u015ft\u00fcm. Bu yolculukta kendime has bir \u00f6\u011frenme y\u00f6ntemi geli\u015ftirdim. Ke\u015ffetti\u011fim bu<span class=\"excerpt-hellip\"> [\u2026]<\/span><\/p>\n","protected":false},"featured_media":0,"template":"","meta":{"_monsterinsights_skip_tracking":false,"_monsterinsights_sitenote_active":false,"_monsterinsights_sitenote_note":"","_monsterinsights_sitenote_category":0},"product_brand":[],"product_cat":[12291,12711],"product_tag":[],"class_list":{"0":"post-745381","1":"product","2":"type-product","3":"status-publish","5":"product_cat-edebiyat","6":"product_cat-roman-oyku","7":"pa_cilt-ciltsiz","8":"pa_tur-kitap","9":"pa_yayinevi-cinaralti-yayinlari","10":"pa_yazar-yildiray-aydin","12":"first","13":"instock","14":"sale","15":"shipping-taxable","16":"purchasable","17":"product-type-simple"},"_links":{"self":[{"href":"https:\/\/roveyayinevi.com.tr\/index.php\/wp-json\/wp\/v2\/product\/745381","targetHints":{"allow":["GET"]}}],"collection":[{"href":"https:\/\/roveyayinevi.com.tr\/index.php\/wp-json\/wp\/v2\/product"}],"about":[{"href":"https:\/\/roveyayinevi.com.tr\/index.php\/wp-json\/wp\/v2\/types\/product"}],"wp:attachment":[{"href":"https:\/\/roveyayinevi.com.tr\/index.php\/wp-json\/wp\/v2\/media?parent=745381"}],"wp:term":[{"taxonomy":"product_brand","embeddable":true,"href":"https:\/\/roveyayinevi.com.tr\/index.php\/wp-json\/wp\/v2\/product_brand?post=745381"},{"taxonomy":"product_cat","embeddable":true,"href":"https:\/\/roveyayinevi.com.tr\/index.php\/wp-json\/wp\/v2\/product_cat?post=745381"},{"taxonomy":"product_tag","embeddable":true,"href":"https:\/\/roveyayinevi.com.tr\/index.php\/wp-json\/wp\/v2\/product_tag?post=745381"}],"curies":[{"name":"wp","href":"https:\/\/api.w.org\/{rel}","templated":true}]}}