{"id":745380,"date":"2025-08-28T02:18:10","date_gmt":"2025-08-27T23:18:10","guid":{"rendered":"https:\/\/roveyayinevi.com.tr\/index.php\/urun\/kutadgu-bilig-2\/"},"modified":"2026-04-16T02:57:40","modified_gmt":"2026-04-15T23:57:40","slug":"kutadgu-bilig-2","status":"publish","type":"product","link":"https:\/\/roveyayinevi.com.tr\/index.php\/urun\/kutadgu-bilig-2\/","title":{"rendered":"Kutadgu Bilig"},"content":{"rendered":"<p>\u201c\u0130nsan inciyi denizden \u00e7\u0131karmad\u0131k\u00e7a o ister inci olsun ister \u00e7ak\u0131l ta\u015f\u0131, fark etmez.\u201d(Yusuf Has H\u00e2cib)Ge\u00e7mi\u015f ve gelece\u011fin i\u00e7 i\u00e7e ge\u00e7ti\u011fi ve bolca mitolojik \u00f6ge i\u00e7eren esrarengiz bir ser\u00fcven&#8230; Kendi benli\u011finden uzakla\u015fm\u0131\u015f, mankurtla\u015fm\u0131\u015f bir \u00fclke\u2026 Her t\u00fcrl\u00fc d\u00fc\u015f\u00fcncenin, okuman\u0131n, ele\u015ftirmenin, sorgulaman\u0131n, ara\u015ft\u0131rman\u0131n yasakland\u0131\u011f\u0131 bir zaman dilimi\u2026 Makine gibi ya\u015fayan bir toplum\u2026 Duygusuz, ruhsuz, robotla\u015fm\u0131\u015f beyinler&#8230; Umudun neredeyse t\u00fckendi\u011fi anda ortaya \u00e7\u0131kan bir inci\u2026 Tarihin derinliklerinden gelece\u011fe do\u011fru yap\u0131lan bir yolculuk\u2026 \u201cKutadgu Bilig\u201d sayesinde karanl\u0131ktan ayd\u0131nl\u0131\u011fa ula\u015fan bir millet\u2026    Kendinizi bazen ge\u00e7mi\u015fin t\u0131ls\u0131ml\u0131 \u00f6nc\u00fclerinin aras\u0131nda, bazen ise ruhunu k\u00f6lelikten kurtarmaya \u00e7al\u0131\u015fan yar\u0131n\u0131n gen\u00e7lerinin yan\u0131nda bulacak ve kitap okuman\u0131n toplum a\u00e7\u0131s\u0131ndan ne denli etkili olabilece\u011fine \u015fahit olacaks\u0131n\u0131z. <\/p>\n","protected":false},"excerpt":{"rendered":"<p>\u201c\u0130nsan inciyi denizden \u00e7\u0131karmad\u0131k\u00e7a o ister inci olsun ister \u00e7ak\u0131l ta\u015f\u0131, fark etmez.\u201d(Yusuf Has H\u00e2cib)Ge\u00e7mi\u015f ve gelece\u011fin i\u00e7 i\u00e7e ge\u00e7ti\u011fi ve bolca mitolojik \u00f6ge i\u00e7eren esrarengiz<span class=\"excerpt-hellip\"> [\u2026]<\/span><\/p>\n","protected":false},"featured_media":0,"template":"","meta":{"_monsterinsights_skip_tracking":false,"_monsterinsights_sitenote_active":false,"_monsterinsights_sitenote_note":"","_monsterinsights_sitenote_category":0},"product_brand":[],"product_cat":[12291,12711],"product_tag":[],"class_list":{"0":"post-745380","1":"product","2":"type-product","3":"status-publish","5":"product_cat-edebiyat","6":"product_cat-roman-oyku","7":"pa_cilt-ciltsiz","8":"pa_tur-kitap","9":"pa_yayinevi-cinaralti-yayinlari","10":"pa_yazar-osman-azman","12":"first","13":"instock","14":"sale","15":"shipping-taxable","16":"purchasable","17":"product-type-simple"},"_links":{"self":[{"href":"https:\/\/roveyayinevi.com.tr\/index.php\/wp-json\/wp\/v2\/product\/745380","targetHints":{"allow":["GET"]}}],"collection":[{"href":"https:\/\/roveyayinevi.com.tr\/index.php\/wp-json\/wp\/v2\/product"}],"about":[{"href":"https:\/\/roveyayinevi.com.tr\/index.php\/wp-json\/wp\/v2\/types\/product"}],"wp:attachment":[{"href":"https:\/\/roveyayinevi.com.tr\/index.php\/wp-json\/wp\/v2\/media?parent=745380"}],"wp:term":[{"taxonomy":"product_brand","embeddable":true,"href":"https:\/\/roveyayinevi.com.tr\/index.php\/wp-json\/wp\/v2\/product_brand?post=745380"},{"taxonomy":"product_cat","embeddable":true,"href":"https:\/\/roveyayinevi.com.tr\/index.php\/wp-json\/wp\/v2\/product_cat?post=745380"},{"taxonomy":"product_tag","embeddable":true,"href":"https:\/\/roveyayinevi.com.tr\/index.php\/wp-json\/wp\/v2\/product_tag?post=745380"}],"curies":[{"name":"wp","href":"https:\/\/api.w.org\/{rel}","templated":true}]}}