{"id":745377,"date":"2025-08-28T02:18:06","date_gmt":"2025-08-27T23:18:06","guid":{"rendered":"https:\/\/roveyayinevi.com.tr\/index.php\/urun\/uyurken-de-gorebiliyorsun-geceyi\/"},"modified":"2026-04-16T02:57:40","modified_gmt":"2026-04-15T23:57:40","slug":"uyurken-de-gorebiliyorsun-geceyi","status":"publish","type":"product","link":"https:\/\/roveyayinevi.com.tr\/index.php\/urun\/uyurken-de-gorebiliyorsun-geceyi\/","title":{"rendered":"Uyurken de G\u00f6rebiliyorsun Geceyi"},"content":{"rendered":"<p>nar da\u011f\u0131ld\u0131\u011f\u0131nda, ak\u0131l par\u00e7aland\u0131\u011f\u0131nda saniye saniye, yokluktan hep aynalara bakmalar. bir t\u0131rt\u0131l i\u011fne oyas\u0131 i\u015fler gibi bir havlunun kenar\u0131nda. \u0131\u015f\u0131klar\u0131n kapand\u0131\u011f\u0131 k\u00fcl gecesi. bin y\u0131ld\u0131r biriken ruhumdaki kir: zifir! meryem\u2019in o\u011flu, seni \u00f6ld\u00fcren kim?<\/p>\n","protected":false},"excerpt":{"rendered":"<p>nar da\u011f\u0131ld\u0131\u011f\u0131nda, ak\u0131l par\u00e7aland\u0131\u011f\u0131nda saniye saniye, yokluktan hep aynalara bakmalar. bir t\u0131rt\u0131l i\u011fne oyas\u0131 i\u015fler gibi bir havlunun kenar\u0131nda. \u0131\u015f\u0131klar\u0131n kapand\u0131\u011f\u0131 k\u00fcl gecesi. bin y\u0131ld\u0131r biriken<span class=\"excerpt-hellip\"> [\u2026]<\/span><\/p>\n","protected":false},"featured_media":0,"template":"","meta":{"_monsterinsights_skip_tracking":false,"_monsterinsights_sitenote_active":false,"_monsterinsights_sitenote_note":"","_monsterinsights_sitenote_category":0},"product_brand":[],"product_cat":[12291,12509],"product_tag":[],"class_list":{"0":"post-745377","1":"product","2":"type-product","3":"status-publish","5":"product_cat-edebiyat","6":"product_cat-siir","7":"pa_cilt-ciltsiz","8":"pa_tur-kitap","9":"pa_yayinevi-kirmizi-kedi-yayinevi","10":"pa_yazar-selahattin-yolgiden","12":"first","13":"instock","14":"sale","15":"shipping-taxable","16":"purchasable","17":"product-type-simple"},"_links":{"self":[{"href":"https:\/\/roveyayinevi.com.tr\/index.php\/wp-json\/wp\/v2\/product\/745377","targetHints":{"allow":["GET"]}}],"collection":[{"href":"https:\/\/roveyayinevi.com.tr\/index.php\/wp-json\/wp\/v2\/product"}],"about":[{"href":"https:\/\/roveyayinevi.com.tr\/index.php\/wp-json\/wp\/v2\/types\/product"}],"wp:attachment":[{"href":"https:\/\/roveyayinevi.com.tr\/index.php\/wp-json\/wp\/v2\/media?parent=745377"}],"wp:term":[{"taxonomy":"product_brand","embeddable":true,"href":"https:\/\/roveyayinevi.com.tr\/index.php\/wp-json\/wp\/v2\/product_brand?post=745377"},{"taxonomy":"product_cat","embeddable":true,"href":"https:\/\/roveyayinevi.com.tr\/index.php\/wp-json\/wp\/v2\/product_cat?post=745377"},{"taxonomy":"product_tag","embeddable":true,"href":"https:\/\/roveyayinevi.com.tr\/index.php\/wp-json\/wp\/v2\/product_tag?post=745377"}],"curies":[{"name":"wp","href":"https:\/\/api.w.org\/{rel}","templated":true}]}}