{"id":745375,"date":"2025-08-28T02:18:03","date_gmt":"2025-08-27T23:18:03","guid":{"rendered":"https:\/\/roveyayinevi.com.tr\/index.php\/urun\/ferdi-ve-surekasi-2\/"},"modified":"2026-04-16T02:57:40","modified_gmt":"2026-04-15T23:57:40","slug":"ferdi-ve-surekasi-2","status":"publish","type":"product","link":"https:\/\/roveyayinevi.com.tr\/index.php\/urun\/ferdi-ve-surekasi-2\/","title":{"rendered":"Ferdi ve \u015e\u00fcrekas\u0131"},"content":{"rendered":"<p>1892\u2019te Hizmet gazetesinde tefrika edildikten sonra 1895\u2019te kitap olarak ne\u015fredilen Ferdi ve \u015e\u00fcrek\u00e2s\u0131, Halid Ziya\u2019n\u0131n \u201cEdebiyat-\u0131 Cedide\u201d d\u00f6neminde kaleme ald\u0131\u011f\u0131 eserlerinden biridir. Yazar\u0131n \u0130zmir d\u00f6nemi romanlar\u0131n\u0131n sonuncusu olan Ferdi ve \u015e\u00fcrek\u00e2s\u0131, ayn\u0131 zamanda yazar\u0131n\u0131n ustal\u0131k d\u00f6nemini de m\u00fcjdeleyen bir eser olarak \u00f6ne \u00e7\u0131kar. Mehmet Rauf taraf\u0131ndan tiyatroya da uyarlanan roman, a\u015fk\u0131 ile zenginlik aras\u0131nda tercih yapmak zorunda kalan \u0130smail Tayfur\u2019un ya\u015fad\u0131\u011f\u0131 \u00e7at\u0131\u015fmalara odaklan\u0131r ve arka planda zengin-fakir \u00e7at\u0131\u015fmas\u0131 temas\u0131na e\u011filir. Girift ruh tahlilleriyle \u00f6r\u00fclen Ferdi ve \u015e\u00fcrek\u00e2s\u0131, d\u00f6nemin sosyal \u00e7evrelerini anlayabilmemiz a\u00e7\u0131s\u0131ndan da Halid Ziya romanlar\u0131 i\u00e7inde apayr\u0131 bir yerde durmaktad\u0131r. \u201c\u0130smail Tayfur, burada, r\u00fczg\u00e2rlar\u0131n yekdi\u011ferine \u00e7arp\u0131\u015ft\u0131\u011f\u0131 bu iskelede, bu kar alt\u0131nda, bu deniz kar\u015f\u0131s\u0131nda, so\u011fukta, uzun uzun d\u00fc\u015f\u00fcnmek; tabiat\u0131n bu \u015fiir ve hu\u015funa terc\u00fcme-i hissiyat etmek istedi; iskelenin m\u00fcntehas\u0131nda bir halat dire\u011finin \u00fczerine oturdu, \u015femsiyesini kapad\u0131, kalbini ta\u015f\u0131ran hissiyat\u0131 bo\u015faltmaya muhta\u00e7 olan bu adam, karlar\u0131n alt\u0131nda, k\u0131\u015f\u0131n bu gecesinde, gecenin bu vaktinde, orada yapyaln\u0131z, bir heyula-y\u0131 h\u00fclya gibi oturdu.\u201d <\/p>\n","protected":false},"excerpt":{"rendered":"<p>1892\u2019te Hizmet gazetesinde tefrika edildikten sonra 1895\u2019te kitap olarak ne\u015fredilen Ferdi ve \u015e\u00fcrek\u00e2s\u0131, Halid Ziya\u2019n\u0131n \u201cEdebiyat-\u0131 Cedide\u201d d\u00f6neminde kaleme ald\u0131\u011f\u0131 eserlerinden biridir. Yazar\u0131n \u0130zmir d\u00f6nemi romanlar\u0131n\u0131n<span class=\"excerpt-hellip\"> [\u2026]<\/span><\/p>\n","protected":false},"featured_media":0,"template":"","meta":{"_monsterinsights_skip_tracking":false,"_monsterinsights_sitenote_active":false,"_monsterinsights_sitenote_note":"","_monsterinsights_sitenote_category":0},"product_brand":[],"product_cat":[12291,12711],"product_tag":[],"class_list":{"0":"post-745375","1":"product","2":"type-product","3":"status-publish","5":"product_cat-edebiyat","6":"product_cat-roman-oyku","7":"pa_cilt-ciltsiz","8":"pa_tur-kitap","9":"pa_yayinevi-kirmizi-kedi-yayinevi","10":"pa_yazar-halid-ziya-usakligil","12":"first","13":"instock","14":"sale","15":"shipping-taxable","16":"purchasable","17":"product-type-simple"},"_links":{"self":[{"href":"https:\/\/roveyayinevi.com.tr\/index.php\/wp-json\/wp\/v2\/product\/745375","targetHints":{"allow":["GET"]}}],"collection":[{"href":"https:\/\/roveyayinevi.com.tr\/index.php\/wp-json\/wp\/v2\/product"}],"about":[{"href":"https:\/\/roveyayinevi.com.tr\/index.php\/wp-json\/wp\/v2\/types\/product"}],"wp:attachment":[{"href":"https:\/\/roveyayinevi.com.tr\/index.php\/wp-json\/wp\/v2\/media?parent=745375"}],"wp:term":[{"taxonomy":"product_brand","embeddable":true,"href":"https:\/\/roveyayinevi.com.tr\/index.php\/wp-json\/wp\/v2\/product_brand?post=745375"},{"taxonomy":"product_cat","embeddable":true,"href":"https:\/\/roveyayinevi.com.tr\/index.php\/wp-json\/wp\/v2\/product_cat?post=745375"},{"taxonomy":"product_tag","embeddable":true,"href":"https:\/\/roveyayinevi.com.tr\/index.php\/wp-json\/wp\/v2\/product_tag?post=745375"}],"curies":[{"name":"wp","href":"https:\/\/api.w.org\/{rel}","templated":true}]}}