{"id":745371,"date":"2025-08-28T02:17:56","date_gmt":"2025-08-27T23:17:56","guid":{"rendered":"https:\/\/roveyayinevi.com.tr\/index.php\/urun\/hafiza-mekanlari\/"},"modified":"2026-04-16T02:57:40","modified_gmt":"2026-04-15T23:57:40","slug":"hafiza-mekanlari","status":"publish","type":"product","link":"https:\/\/roveyayinevi.com.tr\/index.php\/urun\/hafiza-mekanlari\/","title":{"rendered":"Haf\u0131za Mekanlar\u0131"},"content":{"rendered":"<p>Bir ulusun haf\u0131zas\u0131 hangi \u00f6gelerden olu\u015fur? Al\u0131\u015f\u0131lm\u0131\u015f ve tekrar edilegelen y\u0131ld\u00f6n\u00fcmleri, bayram ve kutlamalar, \u015fenlikler, anma t\u00f6renleri ve \u00f6vg\u00fc s\u00f6zleri bir halk\u0131n haf\u0131zas\u0131nda hangi b\u00fcy\u00fck bo\u015fluklar\u0131 doldurur? Haf\u0131zan\u0131n somutla\u015ft\u0131\u011f\u0131 yap\u0131lar, kentin mimarisi, an\u0131t ve m\u00fczeler, ar\u015fiv ve mezarl\u0131klar, tarihsel anlam\u0131 olan ve sonsuzlu\u011fu \u00e7a\u011fr\u0131\u015ft\u0131ran her t\u00fcrden mek\u00e2n, haf\u0131za i\u00e7inde ne t\u00fcr bir s\u00fcreklili\u011fe kavu\u015fur? Bir \u00fclkenin ortak miras\u0131, mitleri, sembolleri ve dili nas\u0131l \u00e7\u00f6z\u00fcmlenmelidir?   Pierre Nora, Fransa \u00f6rne\u011finden hareketle bir ulusun ge\u00e7mi\u015ften g\u00fcn\u00fcm\u00fcze \u00e7at\u0131\u015fmalar\u0131n\u0131 ve s\u00fcreklili\u011fini inceler. \u201cHaf\u0131za mek\u00e2nlar\u0131\u201d kavram\u0131 arac\u0131l\u0131\u011f\u0131yla \u201ctarih\u201din ge\u00e7mi\u015ften farkl\u0131 olarak bug\u00fcn hangi ko\u015fullarda yeniden \u00fcretildi\u011fini b\u00fcy\u00fck bir ustal\u0131kla ortaya koyar:   \u201cUlus, ayn\u0131 zamanda hem kendi i\u00e7indedir hem de d\u0131\u015f\u0131nda: Manevidir ama zaman i\u00e7indedir, tarihseldir ama co\u011frafya i\u00e7indedir, ideolojiktir ama tenseldir, belirsizdir ama s\u0131n\u0131rlar\u0131 vard\u0131r, evrenseldir ama tekillik i\u00e7indedir, ebedidir ama kronoloji i\u00e7indedir.\u201d <\/p>\n","protected":false},"excerpt":{"rendered":"<p>Bir ulusun haf\u0131zas\u0131 hangi \u00f6gelerden olu\u015fur? Al\u0131\u015f\u0131lm\u0131\u015f ve tekrar edilegelen y\u0131ld\u00f6n\u00fcmleri, bayram ve kutlamalar, \u015fenlikler, anma t\u00f6renleri ve \u00f6vg\u00fc s\u00f6zleri bir halk\u0131n haf\u0131zas\u0131nda hangi b\u00fcy\u00fck bo\u015fluklar\u0131<span class=\"excerpt-hellip\"> [\u2026]<\/span><\/p>\n","protected":false},"featured_media":0,"template":"","meta":{"_monsterinsights_skip_tracking":false,"_monsterinsights_sitenote_active":false,"_monsterinsights_sitenote_note":"","_monsterinsights_sitenote_category":0},"product_brand":[],"product_cat":[12312,12304],"product_tag":[],"class_list":{"0":"post-745371","1":"product","2":"type-product","3":"status-publish","5":"product_cat-diger","6":"product_cat-tarih","7":"pa_cilt-ciltsiz","8":"pa_tur-kitap","9":"pa_yayinevi-dogu-bati-yayinlari","10":"pa_yazar-pierre-nora","12":"first","13":"instock","14":"sale","15":"shipping-taxable","16":"purchasable","17":"product-type-simple"},"_links":{"self":[{"href":"https:\/\/roveyayinevi.com.tr\/index.php\/wp-json\/wp\/v2\/product\/745371","targetHints":{"allow":["GET"]}}],"collection":[{"href":"https:\/\/roveyayinevi.com.tr\/index.php\/wp-json\/wp\/v2\/product"}],"about":[{"href":"https:\/\/roveyayinevi.com.tr\/index.php\/wp-json\/wp\/v2\/types\/product"}],"wp:attachment":[{"href":"https:\/\/roveyayinevi.com.tr\/index.php\/wp-json\/wp\/v2\/media?parent=745371"}],"wp:term":[{"taxonomy":"product_brand","embeddable":true,"href":"https:\/\/roveyayinevi.com.tr\/index.php\/wp-json\/wp\/v2\/product_brand?post=745371"},{"taxonomy":"product_cat","embeddable":true,"href":"https:\/\/roveyayinevi.com.tr\/index.php\/wp-json\/wp\/v2\/product_cat?post=745371"},{"taxonomy":"product_tag","embeddable":true,"href":"https:\/\/roveyayinevi.com.tr\/index.php\/wp-json\/wp\/v2\/product_tag?post=745371"}],"curies":[{"name":"wp","href":"https:\/\/api.w.org\/{rel}","templated":true}]}}