{"id":745370,"date":"2025-08-28T02:17:55","date_gmt":"2025-08-27T23:17:55","guid":{"rendered":"https:\/\/roveyayinevi.com.tr\/index.php\/urun\/kokunun-tarihi\/"},"modified":"2026-04-16T02:57:40","modified_gmt":"2026-04-15T23:57:40","slug":"kokunun-tarihi","status":"publish","type":"product","link":"https:\/\/roveyayinevi.com.tr\/index.php\/urun\/kokunun-tarihi\/","title":{"rendered":"Kokunun Tarihi"},"content":{"rendered":"<p>Mikrotarih alan\u0131nda \u00e7al\u0131\u015fmalar\u0131yla tan\u0131nan Alain Corbin, k\u00fclt\u00fcr tarihine \u00f6nemli bir katk\u0131da bulunmaktad\u0131r. Bu yap\u0131tta, kokunun d\u00fc\u015f\u00fcnce tarihinde yerle\u015fti\u011fi konumla birlikte duyular\u0131n, \u00f6zellikle 18. ve 19. y\u00fczy\u0131llarda hem insan\u0131n \u00f6zel mek\u00e2n\u0131n\u0131 hem de kentin kamusal mek\u00e2n\u0131n\u0131 nas\u0131l bi\u00e7imlendirdi\u011fi ara\u015ft\u0131r\u0131l\u0131yor. Corbin, kokunun tarihini incelerken esasen Paris\u2019teki evlerin, mahallelerin a\u015fama a\u015fama k\u00f6t\u00fc kokulardan nas\u0131l ar\u0131nd\u0131\u011f\u0131n\u0131, temizlik alg\u0131s\u0131 i\u00e7inde yeni olu\u015fan \u015fehircilik anlay\u0131\u015f\u0131n\u0131 g\u00f6stermektedir. Kitapta t\u0131p tarihine ve eczac\u0131l\u0131\u011fa yap\u0131lan g\u00f6ndermeler bir k\u00fclt\u00fcr\u00fcn ayr\u0131nt\u0131larda kalm\u0131\u015f y\u00f6n\u00fcn\u00fc a\u00e7\u0131kl\u0131\u011fa kavu\u015fturuyor. \u0130yi ve k\u00f6t\u00fc koku ay\u0131r\u0131mlar\u0131 toplumsal d\u00fczenin i\u015fleyi\u015fini, s\u0131n\u0131f farklar\u0131n\u0131, konfor aray\u0131\u015f\u0131n\u0131, l\u00fcks ve zenginli\u011fi de g\u00f6stermektedir. Kokular, d\u00fcnyay\u0131 alg\u0131lama ve bir tasavvur etme bi\u00e7imidir. Mistikli\u011fin, sefahatin veya cezbetmenin mutlak surette gizemli bir kokusu vard\u0131r. Tutkular v\u00fccut s\u0131v\u0131lar\u0131n\u0131 etkilerken son derece \u201cki\u015fisel bir koku\u201dyu da ard\u0131ndan s\u00fcr\u00fcklerler.   \u201cNarin, duyarl\u0131 ve hassas bir ki\u015finin, caddeden y\u00fckselen bir\u00e7ok koku\u015fmu\u015f, bozulmu\u015f, can s\u0131k\u0131c\u0131 kar\u0131\u015f\u0131m\u0131, i\u011fren\u00e7 ruhlar\u0131n esintisini; dumanlar\u0131n, k\u00f6t\u00fc yay\u0131l\u0131mlar\u0131n ve karanl\u0131k \u015fehirlerimizin \u00fczerine s\u00fcz\u00fclen k\u00f6t\u00fc r\u00fcyalar\u0131n kar\u0131\u015f\u0131m\u0131n\u0131 alg\u0131lay\u0131p da etkilenmemesi m\u00fcmk\u00fcn de\u011fildir!\u201d   Jules Michelet, La femme (Kad\u0131n), 1859 <\/p>\n","protected":false},"excerpt":{"rendered":"<p>Mikrotarih alan\u0131nda \u00e7al\u0131\u015fmalar\u0131yla tan\u0131nan Alain Corbin, k\u00fclt\u00fcr tarihine \u00f6nemli bir katk\u0131da bulunmaktad\u0131r. Bu yap\u0131tta, kokunun d\u00fc\u015f\u00fcnce tarihinde yerle\u015fti\u011fi konumla birlikte duyular\u0131n, \u00f6zellikle 18. ve 19. y\u00fczy\u0131llarda<span class=\"excerpt-hellip\"> [\u2026]<\/span><\/p>\n","protected":false},"featured_media":0,"template":"","meta":{"_monsterinsights_skip_tracking":false,"_monsterinsights_sitenote_active":false,"_monsterinsights_sitenote_note":"","_monsterinsights_sitenote_category":0},"product_brand":[],"product_cat":[12312,12304],"product_tag":[],"class_list":{"0":"post-745370","1":"product","2":"type-product","3":"status-publish","5":"product_cat-diger","6":"product_cat-tarih","7":"pa_cilt-ciltsiz","8":"pa_tur-kitap","9":"pa_yayinevi-dogu-bati-yayinlari","10":"pa_yazar-alain-corbin","12":"first","13":"instock","14":"sale","15":"shipping-taxable","16":"purchasable","17":"product-type-simple"},"_links":{"self":[{"href":"https:\/\/roveyayinevi.com.tr\/index.php\/wp-json\/wp\/v2\/product\/745370","targetHints":{"allow":["GET"]}}],"collection":[{"href":"https:\/\/roveyayinevi.com.tr\/index.php\/wp-json\/wp\/v2\/product"}],"about":[{"href":"https:\/\/roveyayinevi.com.tr\/index.php\/wp-json\/wp\/v2\/types\/product"}],"wp:attachment":[{"href":"https:\/\/roveyayinevi.com.tr\/index.php\/wp-json\/wp\/v2\/media?parent=745370"}],"wp:term":[{"taxonomy":"product_brand","embeddable":true,"href":"https:\/\/roveyayinevi.com.tr\/index.php\/wp-json\/wp\/v2\/product_brand?post=745370"},{"taxonomy":"product_cat","embeddable":true,"href":"https:\/\/roveyayinevi.com.tr\/index.php\/wp-json\/wp\/v2\/product_cat?post=745370"},{"taxonomy":"product_tag","embeddable":true,"href":"https:\/\/roveyayinevi.com.tr\/index.php\/wp-json\/wp\/v2\/product_tag?post=745370"}],"curies":[{"name":"wp","href":"https:\/\/api.w.org\/{rel}","templated":true}]}}