{"id":745369,"date":"2025-08-28T02:17:55","date_gmt":"2025-08-27T23:17:55","guid":{"rendered":"https:\/\/roveyayinevi.com.tr\/index.php\/urun\/erken-cocukluk-doneminde-ogrenme-ve-gelisimi-desteklemek-icin-hikayelerin-kullanimi\/"},"modified":"2026-04-16T02:57:40","modified_gmt":"2026-04-15T23:57:40","slug":"erken-cocukluk-doneminde-ogrenme-ve-gelisimi-desteklemek-icin-hikayelerin-kullanimi","status":"publish","type":"product","link":"https:\/\/roveyayinevi.com.tr\/index.php\/urun\/erken-cocukluk-doneminde-ogrenme-ve-gelisimi-desteklemek-icin-hikayelerin-kullanimi\/","title":{"rendered":"Erken \u00c7ocukluk D\u00f6neminde \u00d6\u011frenme ve Geli\u015fimi Desteklemek i\u00e7in Hikayelerin Kullan\u0131m\u0131"},"content":{"rendered":"<p>Bizi \u015fekillendiren ve koruyan iyi ya da k\u00f6t\u00fc hayal g\u00fcc\u00fcm\u00fczd\u00fcr. \u00d6fkelendi\u011fimizde, incindi\u011fimizde, hatta mahvoldu\u011fumuzu hissetti\u011fimizde bizi yeniden aya\u011fa kald\u0131racak olan ise hik\u00e2yelerimizdir. Erken \u00c7ocukluk D\u00f6neminde \u00d6\u011frenme ve Geli\u015fimi Desteklemek i\u00e7in Hik\u00e2yelerin Kullan\u0131m\u0131, hik\u00e2yelere dair kapsaml\u0131 bir teorik temel sa\u011fl\u0131yor ve g\u00fcndelik hayatta \u00e7ocuklar\u0131n geli\u015fimine yard\u0131mc\u0131 olmak i\u00e7in hik\u00e2yelerden nas\u0131l faydalanaca\u011f\u0131m\u0131z\u0131 anlat\u0131yor. Hik\u00e2yelerin \u00e7ocuklar\u0131n geli\u015fimindeki \u00f6nemine ve destekleyici bir alana sahip olduklar\u0131nda \u00e7ocuklar\u0131n nas\u0131l do\u011fal bir hik\u00e2ye anlat\u0131c\u0131s\u0131na d\u00f6n\u00fc\u015ft\u00fcklerine de\u011finen bu kitap, yarat\u0131c\u0131l\u0131\u011f\u0131 ve olumlu ileti\u015fimi te\u015fvik etmek isteyen herkes i\u00e7in rehber bir kaynak olma \u00f6zelli\u011fi ta\u015f\u0131yor. Helen Lumgair, hik\u00e2yelerin insan ki\u015fili\u011finin geli\u015fiminde oynad\u0131\u011f\u0131 kritik rol\u00fcn alt\u0131n\u0131 \u00e7izerken hem ebeveynler hem de e\u011fitimciler i\u00e7in ilham verici ara\u00e7lar sunuyor!<\/p>\n","protected":false},"excerpt":{"rendered":"<p>Bizi \u015fekillendiren ve koruyan iyi ya da k\u00f6t\u00fc hayal g\u00fcc\u00fcm\u00fczd\u00fcr. \u00d6fkelendi\u011fimizde, incindi\u011fimizde, hatta mahvoldu\u011fumuzu hissetti\u011fimizde bizi yeniden aya\u011fa kald\u0131racak olan ise hik\u00e2yelerimizdir. Erken \u00c7ocukluk D\u00f6neminde \u00d6\u011frenme<span class=\"excerpt-hellip\"> [\u2026]<\/span><\/p>\n","protected":false},"featured_media":0,"template":"","meta":{"_monsterinsights_skip_tracking":false,"_monsterinsights_sitenote_active":false,"_monsterinsights_sitenote_note":"","_monsterinsights_sitenote_category":0},"product_brand":[],"product_cat":[12831,12324],"product_tag":[],"class_list":{"0":"post-745369","1":"product","2":"type-product","3":"status-publish","5":"product_cat-aile-ve-cocuk","6":"product_cat-sosyoloji","7":"pa_cilt-ciltsiz","8":"pa_tur-kitap","9":"pa_yayinevi-sola-unitas","10":"pa_yazar-helen-lumgair","12":"first","13":"instock","14":"sale","15":"shipping-taxable","16":"purchasable","17":"product-type-simple"},"_links":{"self":[{"href":"https:\/\/roveyayinevi.com.tr\/index.php\/wp-json\/wp\/v2\/product\/745369","targetHints":{"allow":["GET"]}}],"collection":[{"href":"https:\/\/roveyayinevi.com.tr\/index.php\/wp-json\/wp\/v2\/product"}],"about":[{"href":"https:\/\/roveyayinevi.com.tr\/index.php\/wp-json\/wp\/v2\/types\/product"}],"wp:attachment":[{"href":"https:\/\/roveyayinevi.com.tr\/index.php\/wp-json\/wp\/v2\/media?parent=745369"}],"wp:term":[{"taxonomy":"product_brand","embeddable":true,"href":"https:\/\/roveyayinevi.com.tr\/index.php\/wp-json\/wp\/v2\/product_brand?post=745369"},{"taxonomy":"product_cat","embeddable":true,"href":"https:\/\/roveyayinevi.com.tr\/index.php\/wp-json\/wp\/v2\/product_cat?post=745369"},{"taxonomy":"product_tag","embeddable":true,"href":"https:\/\/roveyayinevi.com.tr\/index.php\/wp-json\/wp\/v2\/product_tag?post=745369"}],"curies":[{"name":"wp","href":"https:\/\/api.w.org\/{rel}","templated":true}]}}