{"id":745368,"date":"2025-08-28T02:17:54","date_gmt":"2025-08-27T23:17:54","guid":{"rendered":"https:\/\/roveyayinevi.com.tr\/index.php\/urun\/karga-kafasi-ajanda-2023\/"},"modified":"2026-04-16T02:57:40","modified_gmt":"2026-04-15T23:57:40","slug":"karga-kafasi-ajanda-2023","status":"publish","type":"product","link":"https:\/\/roveyayinevi.com.tr\/index.php\/urun\/karga-kafasi-ajanda-2023\/","title":{"rendered":"Karga Kafas\u0131 Ajanda 2023"},"content":{"rendered":"<p>BURAYA KADAR \u0130Y\u0130 GELD\u0130K Her \u00e2n\u0131m\u0131z \u00f6zel, her \u00e2n\u0131m\u0131z tarihi. Tarihin bundan haberi var m\u0131? O kadar da emin de\u011filim. Zor ge\u00e7iyor ama ge\u00e7iyor i\u015fte. Bir bak\u0131vermi\u015fsiniz ge\u00e7mekle kalmam\u0131\u015f, bitmi\u015f. Memleketin haline \u00fcz\u00fcl\u00fcp duruyoruz hep birlikte. \u00dcz\u00fcl\u00fcyoruz; do\u011fru. Duruyoruz; ne yaz\u0131k ki o da do\u011fru. Kendi kendine nas\u0131l iyi olacak bu i\u015fler? Bunu kendimize pek de \u0131srarl\u0131 sormuyoruz sanki. \u00dcnl\u00fc \u015fark\u0131c\u0131m\u0131z, umut kayna\u011f\u0131m\u0131z Tarkan \u201cGe\u00e7\u00e7ek\u201d dedi\u011finde nas\u0131l da hep bir a\u011f\u0131zdan ba\u011f\u0131rd\u0131k ama: \u201cHelal be sana! Ge\u00e7\u00e7ek tabii. Ge\u00e7mez olur mu? Hep sonunda iyiler kazan\u0131r. Bu da ge\u00e7\u00e7ek!\u201d \u0130yilerin kazand\u0131\u011f\u0131 filmler bile ilgimizi \u00e7ekmiyor oysa. K\u00f6t\u00fcl\u00fck \u00e7a\u011f\u0131n\u0131n d\u00fcnya galas\u0131nda boy g\u00f6steren liderlere bak\u0131nca \u201cBu filmin kazanacak iyileri nereden gelecek acaba?\u201d diye soruyor insan, ister istemez. Kay\u0131tlar\u0131 a\u00e7\u0131p bakt\u0131m; \u201cKarga Kafas\u0131\u201d s\u0131fat\u0131yla ilk t\u00fcvitimi Mart 2014\u2019te atm\u0131\u015f\u0131m. \u015eaka maka istisnalar\u0131 saymazsak hemen her g\u00fcn att\u0131\u011f\u0131m t\u00fcvitlerden k\u00fc\u00e7\u00fck bir da\u011f olu\u015fmu\u015f olmas\u0131 gerekir. Oysa 2017\u2019de bir tane ve \u015fimdi de bir tane daha; hepi topu iki ajandal\u0131k lafazanl\u0131k etmi\u015fim \u015fu dijital d\u00fcnyada. G\u00fcne kay\u0131t d\u00fc\u015fme derdiyle ba\u015flayan kargan\u0131n kavgas\u0131 kelle koltukta bug\u00fcne kadar kazas\u0131z belas\u0131z geldi. Yani bu sat\u0131rlar\u0131 yazarken bildi\u011fim kadar\u0131yla t\u00fcyleri yoldurmadan yola devam ediyoruz. \u0130lk ajandan\u0131n ba\u015fl\u0131\u011f\u0131 \u201cHaf\u0131za\u201d idi. Buna da bir isim bulal\u0131m dedik ba\u015fta. Sonra bir dile\u011fi kapa\u011fa ta\u015f\u0131y\u0131nca daha \u00e7ok \u201cfakirin ekme\u011fi\u201d gibi bir ba\u015fl\u0131ktan \u00f6te gidemeyece\u011fimiz anla\u015f\u0131ld\u0131. \u201cUmut\u201dlar\u0131m\u0131z hayata ge\u00e7er mi ya da umutlar\u0131m\u0131z ger\u00e7ekle\u015fti san\u0131p bir kez daha m\u0131 hayal k\u0131r\u0131kl\u0131\u011f\u0131 ya\u015far\u0131z onu zaman g\u00f6sterecek elbette. Kay\u0131t d\u00fc\u015fmeye devam ediyoruz. Bazen g\u00fcl\u00fcmsetmeye \u00e7al\u0131\u015farak, bazen fazla ukala, \u00e7o\u011fu kez de sonu g\u00f6zya\u015f\u0131yla biten \u00e7izgili t\u00fcvitler atarak yola devam ediyoruz. Sonumuz g\u00fcne\u015fli olsun. Elinizdeki ajanda 2021-2022 aras\u0131 at\u0131lm\u0131\u015f t\u00fcvitlerden se\u00e7melerle olu\u015fturuldu. Belki bu kez bir gelene\u011fe d\u00f6n\u00fc\u015ft\u00fcr\u00fcr\u00fcz de seneye de bir ajandam\u0131z olur. BU seneki \u201cumut\u201d daha \u00e7ok bir dilek. Hepimizin, yani en az\u0131ndan bu ajandaya elini \u201calmak i\u00e7in uzatanlar\u201d\u0131n ortak dile\u011fini kapa\u011fa ta\u015f\u0131d\u0131k. Benim t\u00fcylerimden daha az karanl\u0131k, daha az y\u0131pranm\u0131\u015f bir y\u0131l ge\u00e7irelim ye\u015fili solmu\u015f gezegenimizdeki t\u00fcm canl\u0131lar olarak&#8230; Kad\u0131nlar\u0131n daha \u00f6zg\u00fcr, inan\u00e7lar\u0131n olabildi\u011fince serbest, hassasiyetlerin nefes darl\u0131\u011f\u0131 yaratmad\u0131\u011f\u0131, \u00e7ocuklar\u0131n daha do\u011farken \u00f6mr\u00fc billah \u00f6deyemeyece\u011fi bir bor\u00e7la d\u00fcnyaya gelmedi\u011fi, korkusuzca d\u00fc\u015f\u00fcncelerimizi dile getirdi\u011fimiz, yoksulluktan \u00f6lmedi\u011fimiz, g\u00fc\u00e7l\u00fcn\u00fcn de\u011fil hakl\u0131n\u0131n adaletiyle bar\u0131\u015f i\u00e7inde, huzur dolu s\u00fcrd\u00fcrece\u011fimiz bir ya\u015fam, m\u00fczi\u011fin g\u00fcn\u00fcn her saati sesini duyuraca\u011f\u0131, k\u00fclt\u00fcr\u00fcn, sanat\u0131n sar\u0131p sarmalad\u0131\u011f\u0131, kaynaklar\u0131n\u0131 t\u00fcketip yok etmedi\u011fimiz bir gezegende, hayvanlar\u0131n eziyet g\u00f6rmedi\u011fi, g\u00fcne\u015fli, parlak sabahlara uyanaca\u011f\u0131m\u0131z \u015fahane bir d\u00fcnya i\u00e7in&#8230; Ertelemeden. <\/p>\n","protected":false},"excerpt":{"rendered":"<p>BURAYA KADAR \u0130Y\u0130 GELD\u0130K Her \u00e2n\u0131m\u0131z \u00f6zel, her \u00e2n\u0131m\u0131z tarihi. Tarihin bundan haberi var m\u0131? O kadar da emin de\u011filim. Zor ge\u00e7iyor ama ge\u00e7iyor i\u015fte. Bir<span class=\"excerpt-hellip\"> [\u2026]<\/span><\/p>\n","protected":false},"featured_media":0,"template":"","meta":{"_monsterinsights_skip_tracking":false,"_monsterinsights_sitenote_active":false,"_monsterinsights_sitenote_note":"","_monsterinsights_sitenote_category":0},"product_brand":[],"product_cat":[28265,15563],"product_tag":[],"class_list":{"0":"post-745368","1":"product","2":"type-product","3":"status-publish","5":"product_cat-diger-hobi","6":"product_cat-hobi","7":"pa_cilt-ciltsiz","8":"pa_tur-kitap","9":"pa_yayinevi-ayrinti-yayinlari","10":"pa_yazar-kemal-gokhan-gurses","12":"first","13":"instock","14":"sale","15":"shipping-taxable","16":"purchasable","17":"product-type-simple"},"_links":{"self":[{"href":"https:\/\/roveyayinevi.com.tr\/index.php\/wp-json\/wp\/v2\/product\/745368","targetHints":{"allow":["GET"]}}],"collection":[{"href":"https:\/\/roveyayinevi.com.tr\/index.php\/wp-json\/wp\/v2\/product"}],"about":[{"href":"https:\/\/roveyayinevi.com.tr\/index.php\/wp-json\/wp\/v2\/types\/product"}],"wp:attachment":[{"href":"https:\/\/roveyayinevi.com.tr\/index.php\/wp-json\/wp\/v2\/media?parent=745368"}],"wp:term":[{"taxonomy":"product_brand","embeddable":true,"href":"https:\/\/roveyayinevi.com.tr\/index.php\/wp-json\/wp\/v2\/product_brand?post=745368"},{"taxonomy":"product_cat","embeddable":true,"href":"https:\/\/roveyayinevi.com.tr\/index.php\/wp-json\/wp\/v2\/product_cat?post=745368"},{"taxonomy":"product_tag","embeddable":true,"href":"https:\/\/roveyayinevi.com.tr\/index.php\/wp-json\/wp\/v2\/product_tag?post=745368"}],"curies":[{"name":"wp","href":"https:\/\/api.w.org\/{rel}","templated":true}]}}