{"id":745367,"date":"2025-08-28T02:17:53","date_gmt":"2025-08-27T23:17:53","guid":{"rendered":"https:\/\/roveyayinevi.com.tr\/index.php\/urun\/sanat-takvimi-2023-masa-takvimi\/"},"modified":"2026-04-16T02:57:40","modified_gmt":"2026-04-15T23:57:40","slug":"sanat-takvimi-2023-masa-takvimi","status":"publish","type":"product","link":"https:\/\/roveyayinevi.com.tr\/index.php\/urun\/sanat-takvimi-2023-masa-takvimi\/","title":{"rendered":"Sanat Takvimi 2023 Masa Takvimi"},"content":{"rendered":"<p>Arkada\u015f\u2019\u0131n masa takvimi sayesinde yeni seneye Angora\u2019n\u0131n e\u015fsiz resimleri e\u015fli\u011finde merhaba diyeceksiniz. Angora\u2019n\u0131n birbirinden g\u00fczel resimlerini i\u00e7eren bu takvim masan\u0131z\u0131 s\u00fcsleyecek.   <\/p>\n","protected":false},"excerpt":{"rendered":"<p>Arkada\u015f\u2019\u0131n masa takvimi sayesinde yeni seneye Angora\u2019n\u0131n e\u015fsiz resimleri e\u015fli\u011finde merhaba diyeceksiniz. Angora\u2019n\u0131n birbirinden g\u00fczel resimlerini i\u00e7eren bu takvim masan\u0131z\u0131 s\u00fcsleyecek.<\/p>\n","protected":false},"featured_media":0,"template":"","meta":{"_monsterinsights_skip_tracking":false,"_monsterinsights_sitenote_active":false,"_monsterinsights_sitenote_note":"","_monsterinsights_sitenote_category":0},"product_brand":[],"product_cat":[28265,15563],"product_tag":[],"class_list":{"0":"post-745367","1":"product","2":"type-product","3":"status-publish","5":"product_cat-diger-hobi","6":"product_cat-hobi","7":"pa_cilt-ciltsiz","8":"pa_tur-kitap20","9":"pa_yayinevi-angora-kitaplari","10":"pa_yazar-kolektif","12":"first","13":"instock","14":"sale","15":"shipping-taxable","16":"purchasable","17":"product-type-simple"},"_links":{"self":[{"href":"https:\/\/roveyayinevi.com.tr\/index.php\/wp-json\/wp\/v2\/product\/745367","targetHints":{"allow":["GET"]}}],"collection":[{"href":"https:\/\/roveyayinevi.com.tr\/index.php\/wp-json\/wp\/v2\/product"}],"about":[{"href":"https:\/\/roveyayinevi.com.tr\/index.php\/wp-json\/wp\/v2\/types\/product"}],"wp:attachment":[{"href":"https:\/\/roveyayinevi.com.tr\/index.php\/wp-json\/wp\/v2\/media?parent=745367"}],"wp:term":[{"taxonomy":"product_brand","embeddable":true,"href":"https:\/\/roveyayinevi.com.tr\/index.php\/wp-json\/wp\/v2\/product_brand?post=745367"},{"taxonomy":"product_cat","embeddable":true,"href":"https:\/\/roveyayinevi.com.tr\/index.php\/wp-json\/wp\/v2\/product_cat?post=745367"},{"taxonomy":"product_tag","embeddable":true,"href":"https:\/\/roveyayinevi.com.tr\/index.php\/wp-json\/wp\/v2\/product_tag?post=745367"}],"curies":[{"name":"wp","href":"https:\/\/api.w.org\/{rel}","templated":true}]}}