{"id":745366,"date":"2025-08-28T02:17:52","date_gmt":"2025-08-27T23:17:52","guid":{"rendered":"https:\/\/roveyayinevi.com.tr\/index.php\/urun\/yasasin-sirt-cantasi-gezginin-seyahat-rehberi\/"},"modified":"2026-04-16T02:57:40","modified_gmt":"2026-04-15T23:57:40","slug":"yasasin-sirt-cantasi-gezginin-seyahat-rehberi","status":"publish","type":"product","link":"https:\/\/roveyayinevi.com.tr\/index.php\/urun\/yasasin-sirt-cantasi-gezginin-seyahat-rehberi\/","title":{"rendered":"Ya\u015fas\u0131n S\u0131rt \u00c7antas\u0131: Gezginin Seyahat Rehberi"},"content":{"rendered":"<p>G\u00fcn\u00fcm\u00fcz i\u015f D\u00fcnyay\u0131 gezerek deneyimlemek b\u00fcy\u00fcleyici\u2026 Ancak bunun maddi boyutu, gezgin olmak isteyen bir\u00e7ok insan\u0131n g\u00f6z\u00fcn\u00fc korkutabilir. Kula\u011fa kli\u015fe gibi gelse de her \u015fey para de\u011fil; k\u00fc\u00e7\u00fck b\u00fct\u00e7elerle b\u00fcy\u00fck ke\u015fiflerde bulunmak da m\u00fcmk\u00fcn. Yola \u00e7\u0131kmak i\u00e7in bir s\u0131rt \u00e7antas\u0131 yeter!   Bu kitap, Italo Calvino\u2019nun g\u00f6r\u00fcnmez kentlerini g\u00f6r\u00fcn\u00fcr k\u0131lmak, Amasyal\u0131 Strabon\u2019un ve Evliya \u00c7elebi\u2019nin izinden gitmek ve s\u0131rt \u00e7antas\u0131n\u0131 al\u0131p yollara d\u00fc\u015fmek isteyenlere gezginli\u011fin s\u0131rlar\u0131n\u0131, d\u00fc\u015f\u00fck b\u00fct\u00e7elerle seyahat etmenin p\u00fcf noktalar\u0131n\u0131 anlat\u0131yor. S\u0131rt\u0131nda s\u00fcrekli yumurta k\u00fcfeleriyle dola\u015fmaktan s\u0131k\u0131lanlara, y\u0131llard\u0131r dokuz alt\u0131 \u00e7al\u0131\u015fmaktan bunal\u0131p biraz olsun boyun ba\u011flar\u0131n\u0131 gev\u015fetmek isteyenlere, deniz kum g\u00fcne\u015f tatillerine k\u00fclt\u00fcrel alternatif arayanlara, bir tur acentesi rehberinin pe\u015fine tak\u0131l\u0131p gezmekten yorulanlara, k\u00f6klerini bir saks\u0131 yerine u\u00e7suz bucaks\u0131z topraklara salmay\u0131 dileyenlere yol g\u00f6stermeyi ve ilham vermeyi, yeni yerler ke\u015ffetmenin san\u0131ld\u0131\u011f\u0131 kadar zor olmad\u0131\u011f\u0131 ger\u00e7e\u011fini ya\u015fanm\u0131\u015f tecr\u00fcbelerle g\u00f6zler \u00f6n\u00fcne sermeyi ama\u00e7l\u0131yor.    Her i\u015f gibi gezmeyi de bir bilenden \u00f6\u011frenmek isteyenler i\u00e7in rehber niteli\u011findeki Ya\u015fas\u0131n S\u0131rt \u00c7antas\u0131! \u2013 Gezginin Seyahat Rehberi d\u00fcnyay\u0131 gezerek deneyimleme hayali kuranlar\u0131n akl\u0131ndaki t\u00fcm sorulara yan\u0131t verecek.   <\/p>\n","protected":false},"excerpt":{"rendered":"<p>G\u00fcn\u00fcm\u00fcz i\u015f D\u00fcnyay\u0131 gezerek deneyimlemek b\u00fcy\u00fcleyici\u2026 Ancak bunun maddi boyutu, gezgin olmak isteyen bir\u00e7ok insan\u0131n g\u00f6z\u00fcn\u00fc korkutabilir. Kula\u011fa kli\u015fe gibi gelse de her \u015fey para de\u011fil;<span class=\"excerpt-hellip\"> [\u2026]<\/span><\/p>\n","protected":false},"featured_media":0,"template":"","meta":{"_monsterinsights_skip_tracking":false,"_monsterinsights_sitenote_active":false,"_monsterinsights_sitenote_note":"","_monsterinsights_sitenote_category":0},"product_brand":[],"product_cat":[13055,13054],"product_tag":[],"class_list":{"0":"post-745366","1":"product","2":"type-product","3":"status-publish","5":"product_cat-gezi-rehberi","6":"product_cat-gezi-ve-rehber-kitaplari","7":"pa_cilt-ciltsiz","8":"pa_tur-kitap","9":"pa_yayinevi-nova-kitap","10":"pa_yazar-okan-okumus","12":"first","13":"instock","14":"sale","15":"shipping-taxable","16":"purchasable","17":"product-type-simple"},"_links":{"self":[{"href":"https:\/\/roveyayinevi.com.tr\/index.php\/wp-json\/wp\/v2\/product\/745366","targetHints":{"allow":["GET"]}}],"collection":[{"href":"https:\/\/roveyayinevi.com.tr\/index.php\/wp-json\/wp\/v2\/product"}],"about":[{"href":"https:\/\/roveyayinevi.com.tr\/index.php\/wp-json\/wp\/v2\/types\/product"}],"wp:attachment":[{"href":"https:\/\/roveyayinevi.com.tr\/index.php\/wp-json\/wp\/v2\/media?parent=745366"}],"wp:term":[{"taxonomy":"product_brand","embeddable":true,"href":"https:\/\/roveyayinevi.com.tr\/index.php\/wp-json\/wp\/v2\/product_brand?post=745366"},{"taxonomy":"product_cat","embeddable":true,"href":"https:\/\/roveyayinevi.com.tr\/index.php\/wp-json\/wp\/v2\/product_cat?post=745366"},{"taxonomy":"product_tag","embeddable":true,"href":"https:\/\/roveyayinevi.com.tr\/index.php\/wp-json\/wp\/v2\/product_tag?post=745366"}],"curies":[{"name":"wp","href":"https:\/\/api.w.org\/{rel}","templated":true}]}}