{"id":745365,"date":"2025-08-28T02:17:51","date_gmt":"2025-08-27T23:17:51","guid":{"rendered":"https:\/\/roveyayinevi.com.tr\/index.php\/urun\/kendine-yardim-et\/"},"modified":"2026-04-12T03:01:25","modified_gmt":"2026-04-12T00:01:25","slug":"kendine-yardim-et","status":"publish","type":"product","link":"https:\/\/roveyayinevi.com.tr\/index.php\/urun\/kendine-yardim-et\/","title":{"rendered":"Kendine Yard\u0131m Et!"},"content":{"rendered":"<p>\u2022 Nedenini bilmedi\u011finiz bir mutsuzluk, endi\u015fe ya da \u00f6fke mi hissediyorsunuz?  \u2022 Hedefleriniz i\u00e7in harekete ge\u00e7mekte g\u00fc\u00e7l\u00fck m\u00fc \u00e7ekiyorsunuz?   \u2022 Kurtulmak istedi\u011finiz olumsuz d\u00fc\u015f\u00fcnceleriniz mi var?   G\u00fcn\u00fcm\u00fczde gerek bireysel ya\u015fam\u0131m\u0131zdaki zorluklar gerekse d\u00fcnyan\u0131n hali hepimizi etkiliyor. Bir\u00e7o\u011fumuz halimizden memnun de\u011filiz. S\u00fcrekli olumsuz telkinlere maruz kal\u0131yoruz. Sava\u015f, pandemi, maddi g\u00fc\u00e7l\u00fckler gibi makro sorunlar\u0131n yan\u0131 s\u0131ra kendi ya\u015fam\u0131m\u0131zda deneyimledi\u011fimiz mikro d\u00fczeyde trajediler, entrikalar, kavgalar ya da \u015fiddet\u2026 Hepimiz ayn\u0131 yollardan ge\u00e7iyoruz. T\u00fcm bunlara kar\u015f\u0131n, hayatta kalma i\u00e7g\u00fcd\u00fcm\u00fcz devreye giriyor. Bir \u015fekilde kurtulmak, yeniden iyi olmak istiyoruz. Bunun i\u00e7in de yard\u0131ma ihtiyac\u0131m\u0131z var. Peki bize kim yard\u0131m edecek?     Cevap \u00e7ok yak\u0131nda, aynaya bakt\u0131\u011f\u0131n\u0131zda tam kar\u015f\u0131n\u0131zda! Kendine Yard\u0131m Et!, sorunlar\u0131n\u0131zla ba\u015fa \u00e7\u0131kmak i\u00e7in kullanabilece\u011finiz olduk\u00e7a etkili bir k\u0131lavuz niteli\u011finde. \u0130yile\u015fme yolunda ataca\u011f\u0131n\u0131z ilk ad\u0131mlar\u0131 sadelikle anlat\u0131yor ve i\u00e7inde bulundu\u011funuz durumlar\u0131 do\u011fru analiz edip onlarla ba\u015f edebilmenizi sa\u011flayacak teknikleri g\u00f6steriyor. Hem sorunun hem de \u00e7\u00f6z\u00fcm\u00fcn bir par\u00e7as\u0131n\u0131 g\u00f6zler \u00f6n\u00fcne seriyor. <\/p>\n","protected":false},"excerpt":{"rendered":"<p>\u2022 Nedenini bilmedi\u011finiz bir mutsuzluk, endi\u015fe ya da \u00f6fke mi hissediyorsunuz? \u2022 Hedefleriniz i\u00e7in harekete ge\u00e7mekte g\u00fc\u00e7l\u00fck m\u00fc \u00e7ekiyorsunuz? \u2022 Kurtulmak istedi\u011finiz olumsuz d\u00fc\u015f\u00fcnceleriniz mi var?<span class=\"excerpt-hellip\"> [\u2026]<\/span><\/p>\n","protected":false},"featured_media":0,"template":"","meta":{"_monsterinsights_skip_tracking":false,"_monsterinsights_sitenote_active":false,"_monsterinsights_sitenote_note":"","_monsterinsights_sitenote_category":0},"product_brand":[],"product_cat":[12364,12376],"product_tag":[],"class_list":{"0":"post-745365","1":"product","2":"type-product","3":"status-publish","5":"product_cat-genel-konular","6":"product_cat-kisisel-gelisim","7":"pa_cilt-ciltsiz","8":"pa_tur-kitap","9":"pa_yayinevi-nova-kitap","10":"pa_yazar-ozlem-tokgoz-ozsoylar","12":"first","13":"instock","14":"sale","15":"shipping-taxable","16":"purchasable","17":"product-type-simple"},"_links":{"self":[{"href":"https:\/\/roveyayinevi.com.tr\/index.php\/wp-json\/wp\/v2\/product\/745365","targetHints":{"allow":["GET"]}}],"collection":[{"href":"https:\/\/roveyayinevi.com.tr\/index.php\/wp-json\/wp\/v2\/product"}],"about":[{"href":"https:\/\/roveyayinevi.com.tr\/index.php\/wp-json\/wp\/v2\/types\/product"}],"wp:attachment":[{"href":"https:\/\/roveyayinevi.com.tr\/index.php\/wp-json\/wp\/v2\/media?parent=745365"}],"wp:term":[{"taxonomy":"product_brand","embeddable":true,"href":"https:\/\/roveyayinevi.com.tr\/index.php\/wp-json\/wp\/v2\/product_brand?post=745365"},{"taxonomy":"product_cat","embeddable":true,"href":"https:\/\/roveyayinevi.com.tr\/index.php\/wp-json\/wp\/v2\/product_cat?post=745365"},{"taxonomy":"product_tag","embeddable":true,"href":"https:\/\/roveyayinevi.com.tr\/index.php\/wp-json\/wp\/v2\/product_tag?post=745365"}],"curies":[{"name":"wp","href":"https:\/\/api.w.org\/{rel}","templated":true}]}}