{"id":745364,"date":"2025-08-28T02:17:50","date_gmt":"2025-08-27T23:17:50","guid":{"rendered":"https:\/\/roveyayinevi.com.tr\/index.php\/urun\/will-moogley-hayalet-ajansi-3\/"},"modified":"2026-04-16T02:57:40","modified_gmt":"2026-04-15T23:57:40","slug":"will-moogley-hayalet-ajansi-3","status":"publish","type":"product","link":"https:\/\/roveyayinevi.com.tr\/index.php\/urun\/will-moogley-hayalet-ajansi-3\/","title":{"rendered":"Will Moogley Hayalet Ajans\u0131-3"},"content":{"rendered":"<p>Will Moogley\u2019nin Hayalet Ajans\u0131\u2019nda macera h\u0131z kesmiyor!   New York\u2019un en \u00fcnl\u00fc g\u00f6kdeleni Empire State Binas\u0131\u2019na bir hayalet dadanm\u0131\u015ft\u0131! Bu hayaleti kim defedebilirdi? Tabii ki Willard Moogley Hayalet Ajans\u0131. Ajans\u0131n sahibi Will ve asistan\u0131 Tupper en ufak bir teredd\u00fct g\u00f6stermeden bu g\u00f6revi kabul edip i\u015fe koyuldular. Bu vaka, \u00f6zg\u00fcr bir ruh oldu\u011funu d\u00fc\u015f\u00fcnd\u00fckleri hayaleti kendi ajanslar\u0131na dahil etmek i\u00e7in e\u015fsiz bir f\u0131rsatt\u0131. Gelin g\u00f6r\u00fcn ki kurduklar\u0131 \u201c\u015fahane\u201d tuzak, g\u00f6kdelendeki hayaleti hi\u00e7 mi hi\u00e7 etkilemedi. Neden mi? Cevab\u0131 bu gizem ve e\u011flence dolu sayfalar\u0131n i\u00e7inde! <\/p>\n","protected":false},"excerpt":{"rendered":"<p>Will Moogley\u2019nin Hayalet Ajans\u0131\u2019nda macera h\u0131z kesmiyor! New York\u2019un en \u00fcnl\u00fc g\u00f6kdeleni Empire State Binas\u0131\u2019na bir hayalet dadanm\u0131\u015ft\u0131! Bu hayaleti kim defedebilirdi? Tabii ki Willard Moogley<span class=\"excerpt-hellip\"> [\u2026]<\/span><\/p>\n","protected":false},"featured_media":0,"template":"","meta":{"_monsterinsights_skip_tracking":false,"_monsterinsights_sitenote_active":false,"_monsterinsights_sitenote_note":"","_monsterinsights_sitenote_category":0},"product_brand":[],"product_cat":[12689,12274],"product_tag":[],"class_list":{"0":"post-745364","1":"product","2":"type-product","3":"status-publish","5":"product_cat-cizgi-roman-cocuk-ve-genclik-kitaplari","6":"product_cat-cocuk-ve-genclik-kitaplari","7":"pa_cilt-ciltsiz","8":"pa_tur-kitap","9":"pa_yayinevi-ithaki-yayinlari","10":"pa_yazar-pierdomenico-baccalario","12":"first","13":"instock","14":"sale","15":"shipping-taxable","16":"purchasable","17":"product-type-simple"},"_links":{"self":[{"href":"https:\/\/roveyayinevi.com.tr\/index.php\/wp-json\/wp\/v2\/product\/745364","targetHints":{"allow":["GET"]}}],"collection":[{"href":"https:\/\/roveyayinevi.com.tr\/index.php\/wp-json\/wp\/v2\/product"}],"about":[{"href":"https:\/\/roveyayinevi.com.tr\/index.php\/wp-json\/wp\/v2\/types\/product"}],"wp:attachment":[{"href":"https:\/\/roveyayinevi.com.tr\/index.php\/wp-json\/wp\/v2\/media?parent=745364"}],"wp:term":[{"taxonomy":"product_brand","embeddable":true,"href":"https:\/\/roveyayinevi.com.tr\/index.php\/wp-json\/wp\/v2\/product_brand?post=745364"},{"taxonomy":"product_cat","embeddable":true,"href":"https:\/\/roveyayinevi.com.tr\/index.php\/wp-json\/wp\/v2\/product_cat?post=745364"},{"taxonomy":"product_tag","embeddable":true,"href":"https:\/\/roveyayinevi.com.tr\/index.php\/wp-json\/wp\/v2\/product_tag?post=745364"}],"curies":[{"name":"wp","href":"https:\/\/api.w.org\/{rel}","templated":true}]}}