{"id":745363,"date":"2025-08-28T02:17:48","date_gmt":"2025-08-27T23:17:48","guid":{"rendered":"https:\/\/roveyayinevi.com.tr\/index.php\/urun\/will-moogley-hayalet-ajansi-2\/"},"modified":"2026-04-16T02:57:40","modified_gmt":"2026-04-15T23:57:40","slug":"will-moogley-hayalet-ajansi-2","status":"publish","type":"product","link":"https:\/\/roveyayinevi.com.tr\/index.php\/urun\/will-moogley-hayalet-ajansi-2\/","title":{"rendered":"Will Moogley Hayalet Ajans\u0131-2"},"content":{"rendered":"<p>Will Moogley Hayalet Ajans\u0131 s\u0131ra d\u0131\u015f\u0131 g\u00f6revlerle iflastan kurtulma maceras\u0131na devam ediyor!   F\u0131rt\u0131nal\u0131 bir gecede, hayat\u0131 boyunca gece bek\u00e7ili\u011fi yapm\u0131\u015f Bay Plum\u2019\u0131n hayaleti ajans\u0131n kap\u0131s\u0131n\u0131 \u00e7ald\u0131. Art\u0131k bir hayalet oldu\u011funa g\u00f6re uyumas\u0131n\u0131 engelleyecek bir \u015fey kalmad\u0131\u011f\u0131n\u0131 d\u00fc\u015f\u00fcnse de durum hi\u00e7 \u00f6yle de\u011fildi. Zavall\u0131n\u0131n evi korkun\u00e7, g\u00fcr\u00fclt\u00fcc\u00fc m\u00fc g\u00fcr\u00fclt\u00fcc\u00fc bir aile taraf\u0131ndan i\u015fgal edilmi\u015f durumdayd\u0131 ve Bay Plum\u2019\u0131n tek istedi\u011fi, deliksiz, huzur dolu bir uykuydu&#8230; Bir evdeki insanlar\u0131 korkutup ka\u00e7\u0131rmak ve bir hayalete evini geri vermek ilk bak\u0131\u015fta kolay g\u00f6r\u00fcnebilir ancak Will ve dostu Tupper kar\u015f\u0131lar\u0131nda normal bir aile olmad\u0131\u011f\u0131n\u0131 \u00e7ok ge\u00e7meden anlad\u0131lar. Bakal\u0131m bu zorlu g\u00f6revin \u00fcstesinden gelmeye \u00e7al\u0131\u015f\u0131rken kahramanlar\u0131m\u0131z\u0131 bu kez neler bekliyordu?   <\/p>\n","protected":false},"excerpt":{"rendered":"<p>Will Moogley Hayalet Ajans\u0131 s\u0131ra d\u0131\u015f\u0131 g\u00f6revlerle iflastan kurtulma maceras\u0131na devam ediyor! F\u0131rt\u0131nal\u0131 bir gecede, hayat\u0131 boyunca gece bek\u00e7ili\u011fi yapm\u0131\u015f Bay Plum\u2019\u0131n hayaleti ajans\u0131n kap\u0131s\u0131n\u0131 \u00e7ald\u0131.<span class=\"excerpt-hellip\"> [\u2026]<\/span><\/p>\n","protected":false},"featured_media":0,"template":"","meta":{"_monsterinsights_skip_tracking":false,"_monsterinsights_sitenote_active":false,"_monsterinsights_sitenote_note":"","_monsterinsights_sitenote_category":0},"product_brand":[],"product_cat":[12689,12274],"product_tag":[],"class_list":{"0":"post-745363","1":"product","2":"type-product","3":"status-publish","5":"product_cat-cizgi-roman-cocuk-ve-genclik-kitaplari","6":"product_cat-cocuk-ve-genclik-kitaplari","7":"pa_cilt-ciltsiz","8":"pa_tur-kitap","9":"pa_yayinevi-ithaki-yayinlari","10":"pa_yazar-pierdomenico-baccalario","12":"first","13":"instock","14":"sale","15":"shipping-taxable","16":"purchasable","17":"product-type-simple"},"_links":{"self":[{"href":"https:\/\/roveyayinevi.com.tr\/index.php\/wp-json\/wp\/v2\/product\/745363","targetHints":{"allow":["GET"]}}],"collection":[{"href":"https:\/\/roveyayinevi.com.tr\/index.php\/wp-json\/wp\/v2\/product"}],"about":[{"href":"https:\/\/roveyayinevi.com.tr\/index.php\/wp-json\/wp\/v2\/types\/product"}],"wp:attachment":[{"href":"https:\/\/roveyayinevi.com.tr\/index.php\/wp-json\/wp\/v2\/media?parent=745363"}],"wp:term":[{"taxonomy":"product_brand","embeddable":true,"href":"https:\/\/roveyayinevi.com.tr\/index.php\/wp-json\/wp\/v2\/product_brand?post=745363"},{"taxonomy":"product_cat","embeddable":true,"href":"https:\/\/roveyayinevi.com.tr\/index.php\/wp-json\/wp\/v2\/product_cat?post=745363"},{"taxonomy":"product_tag","embeddable":true,"href":"https:\/\/roveyayinevi.com.tr\/index.php\/wp-json\/wp\/v2\/product_tag?post=745363"}],"curies":[{"name":"wp","href":"https:\/\/api.w.org\/{rel}","templated":true}]}}